{"id":37241,"date":"2022-01-31T13:12:33","date_gmt":"2022-01-31T12:12:33","guid":{"rendered":"https:\/\/beauty-4-you.se\/?post_type=product&#038;p=37241"},"modified":"2024-02-28T11:25:05","modified_gmt":"2024-02-28T10:25:05","slug":"kart-pedicure-3","status":"publish","type":"product","link":"https:\/\/beauty-4-you.se\/sv\/produkt\/kart-pedicure-3\/","title":{"rendered":"Kart pedikyr"},"content":{"rendered":"","protected":false},"excerpt":{"rendered":"<p>Kart pedikyr 90 min<\/p>\n<p>Allm\u00e4nt presentkort pedikyr<\/p>\n<p>Kart pedikyr \u2013 denna innovativa l\u00f6sning \u00e4r inte bara estetisk, utan ocks\u00e5 ett botemedel mot en rad andra problem som \u00e4r f\u00f6rknippade med f\u00f6tterna. F\u00f6rfarandet tar inte bara bort de f\u00f6rhornade partiklarna, utan \u00e5terst\u00e4ller ocks\u00e5 den naturliga funktionen hos fotens hud, vilket stimulerar den aktiva tillv\u00e4xten av friska celler. K\u00e4rnan i tekniken \u00e4r till\u00e4mpningen av s\u00e4rskilda biologiska kr\u00e4mer p\u00e5 foten. De mjukar inte bara f\u00f6rsiktigt den f\u00f6rh\u00e5rdnade huden, utan har ocks\u00e5 en terapeutisk effekt.<\/p>\n<p>Kart pedikyr \u00e4r designad f\u00f6r effektiv v\u00e5rd av hela foten och nagelplattan och du kommer att se underbara resultat och stora hudf\u00f6rb\u00e4ttringar redan efter 1 behandlingen!<\/p>","protected":false},"featured_media":37206,"comment_status":"open","ping_status":"closed","template":"","meta":[],"product_brand":[],"product_cat":[91,94,104],"product_tag":[],"class_list":{"0":"post-37241","1":"product","2":"type-product","3":"status-publish","4":"has-post-thumbnail","6":"product_cat-gift-cards","7":"product_cat-gifts-other-events","8":"product_cat-pedicure-gifts-other-events","10":"first","11":"instock","12":"downloadable","13":"virtual","14":"taxable","15":"purchasable","16":"product-type-simple"},"yoast_head":"<!-- This site is optimized with the Yoast SEO plugin v27.5 - https:\/\/yoast.com\/product\/yoast-seo-wordpress\/ -->\n<title>Kart Pedicure - Beauty 4 You<\/title>\n<meta name=\"robots\" content=\"index, follow, max-snippet:-1, max-image-preview:large, max-video-preview:-1\" \/>\n<link rel=\"canonical\" href=\"https:\/\/beauty-4-you.se\/sv\/produkt\/kart-pedicure-3\/\" \/>\n<meta property=\"og:locale\" content=\"sv_SE\" \/>\n<meta property=\"og:type\" content=\"article\" \/>\n<meta property=\"og:title\" content=\"Kart Pedicure - Beauty 4 You\" \/>\n<meta property=\"og:description\" content=\"Kart Pedicure 90min  General gift voucher card pedicure  Kart pedicure - this innovative solution is not only aesthetic, but also a cure of a number of other problems associated with the feet. The procedure not only cleaves the cornified particles, but also restores the natural function of the skin of the foot, stimulating the active growth of healthy cells. The essence of technology is the application of special funds to the foot. They not only gently soften the coarsened skin, but also have a therapeutic effect.  Kart pedicure is designed for effective care of the whole foot and nail plate and you will see wonderful results and major skin improvements already after the 1 treatment!\" \/>\n<meta property=\"og:url\" content=\"https:\/\/beauty-4-you.se\/sv\/produkt\/kart-pedicure-3\/\" \/>\n<meta property=\"og:site_name\" content=\"Beauty 4 You\" \/>\n<meta property=\"article:publisher\" content=\"https:\/\/www.facebook.com\/Alina.Beauty4You\" \/>\n<meta property=\"article:modified_time\" content=\"2024-02-28T10:25:05+00:00\" \/>\n<meta property=\"og:image\" content=\"https:\/\/beauty-4-you.se\/wp-content\/uploads\/2022\/01\/Kart-Pedicure-2.jpg\" \/>\n\t<meta property=\"og:image:width\" content=\"960\" \/>\n\t<meta property=\"og:image:height\" content=\"652\" \/>\n\t<meta property=\"og:image:type\" content=\"image\/jpeg\" \/>\n<meta name=\"twitter:card\" content=\"summary_large_image\" \/>\n<meta name=\"twitter:site\" content=\"@Beauty4youLule\" \/>\n<script type=\"application\/ld+json\" class=\"yoast-schema-graph\">{\"@context\":\"https:\\\/\\\/schema.org\",\"@graph\":[{\"@type\":\"WebPage\",\"@id\":\"https:\\\/\\\/beauty-4-you.se\\\/sv\\\/produkt\\\/kart-pedicure-3\\\/\",\"url\":\"https:\\\/\\\/beauty-4-you.se\\\/sv\\\/produkt\\\/kart-pedicure-3\\\/\",\"name\":\"Kart Pedicure - Beauty 4 You\",\"isPartOf\":{\"@id\":\"https:\\\/\\\/beauty-4-you.se\\\/en\\\/#website\"},\"primaryImageOfPage\":{\"@id\":\"https:\\\/\\\/beauty-4-you.se\\\/sv\\\/produkt\\\/kart-pedicure-3\\\/#primaryimage\"},\"image\":{\"@id\":\"https:\\\/\\\/beauty-4-you.se\\\/sv\\\/produkt\\\/kart-pedicure-3\\\/#primaryimage\"},\"thumbnailUrl\":\"https:\\\/\\\/beauty-4-you.se\\\/wp-content\\\/uploads\\\/2022\\\/01\\\/Kart-Pedicure-2.jpg\",\"datePublished\":\"2022-01-31T12:12:33+00:00\",\"dateModified\":\"2024-02-28T10:25:05+00:00\",\"breadcrumb\":{\"@id\":\"https:\\\/\\\/beauty-4-you.se\\\/sv\\\/produkt\\\/kart-pedicure-3\\\/#breadcrumb\"},\"inLanguage\":\"sv-SE\",\"potentialAction\":[{\"@type\":\"ReadAction\",\"target\":[\"https:\\\/\\\/beauty-4-you.se\\\/sv\\\/produkt\\\/kart-pedicure-3\\\/\"]}]},{\"@type\":\"ImageObject\",\"inLanguage\":\"sv-SE\",\"@id\":\"https:\\\/\\\/beauty-4-you.se\\\/sv\\\/produkt\\\/kart-pedicure-3\\\/#primaryimage\",\"url\":\"https:\\\/\\\/beauty-4-you.se\\\/wp-content\\\/uploads\\\/2022\\\/01\\\/Kart-Pedicure-2.jpg\",\"contentUrl\":\"https:\\\/\\\/beauty-4-you.se\\\/wp-content\\\/uploads\\\/2022\\\/01\\\/Kart-Pedicure-2.jpg\",\"width\":960,\"height\":652,\"caption\":\"Kart pedicure\"},{\"@type\":\"BreadcrumbList\",\"@id\":\"https:\\\/\\\/beauty-4-you.se\\\/sv\\\/produkt\\\/kart-pedicure-3\\\/#breadcrumb\",\"itemListElement\":[{\"@type\":\"ListItem\",\"position\":1,\"name\":\"Home\",\"item\":\"https:\\\/\\\/beauty-4-you.se\\\/en\\\/\"},{\"@type\":\"ListItem\",\"position\":2,\"name\":\"Products\",\"item\":\"https:\\\/\\\/beauty-4-you.se\\\/en\\\/shop\\\/\"},{\"@type\":\"ListItem\",\"position\":3,\"name\":\"Kart Pedicure\"}]},{\"@type\":\"WebSite\",\"@id\":\"https:\\\/\\\/beauty-4-you.se\\\/en\\\/#website\",\"url\":\"https:\\\/\\\/beauty-4-you.se\\\/en\\\/\",\"name\":\"Beauty 4 You\",\"description\":\"Because you deserve it!\",\"publisher\":{\"@id\":\"https:\\\/\\\/beauty-4-you.se\\\/en\\\/#organization\"},\"potentialAction\":[{\"@type\":\"SearchAction\",\"target\":{\"@type\":\"EntryPoint\",\"urlTemplate\":\"https:\\\/\\\/beauty-4-you.se\\\/en\\\/?s={search_term_string}\"},\"query-input\":{\"@type\":\"PropertyValueSpecification\",\"valueRequired\":true,\"valueName\":\"search_term_string\"}}],\"inLanguage\":\"sv-SE\"},{\"@type\":\"Organization\",\"@id\":\"https:\\\/\\\/beauty-4-you.se\\\/en\\\/#organization\",\"name\":\"Beauty 4 You\",\"alternateName\":\"Beauty 4 You Lule\u00e5\",\"url\":\"https:\\\/\\\/beauty-4-you.se\\\/en\\\/\",\"logo\":{\"@type\":\"ImageObject\",\"inLanguage\":\"sv-SE\",\"@id\":\"https:\\\/\\\/beauty-4-you.se\\\/en\\\/#\\\/schema\\\/logo\\\/image\\\/\",\"url\":\"https:\\\/\\\/beauty-4-you.se\\\/wp-content\\\/uploads\\\/2021\\\/11\\\/Logo-400x750-Elips-Burgundy-e1730722027193.png\",\"contentUrl\":\"https:\\\/\\\/beauty-4-you.se\\\/wp-content\\\/uploads\\\/2021\\\/11\\\/Logo-400x750-Elips-Burgundy-e1730722027193.png\",\"width\":281,\"height\":150,\"caption\":\"Beauty 4 You\"},\"image\":{\"@id\":\"https:\\\/\\\/beauty-4-you.se\\\/en\\\/#\\\/schema\\\/logo\\\/image\\\/\"},\"sameAs\":[\"https:\\\/\\\/www.facebook.com\\\/Alina.Beauty4You\",\"https:\\\/\\\/x.com\\\/Beauty4youLule\"]}]}<\/script>\n<!-- \/ Yoast SEO plugin. -->","yoast_head_json":{"title":"Kart Pedicure - Beauty 4 You","robots":{"index":"index","follow":"follow","max-snippet":"max-snippet:-1","max-image-preview":"max-image-preview:large","max-video-preview":"max-video-preview:-1"},"canonical":"https:\/\/beauty-4-you.se\/sv\/produkt\/kart-pedicure-3\/","og_locale":"sv_SE","og_type":"article","og_title":"Kart Pedicure - Beauty 4 You","og_description":"Kart Pedicure 90min  General gift voucher card pedicure  Kart pedicure - this innovative solution is not only aesthetic, but also a cure of a number of other problems associated with the feet. The procedure not only cleaves the cornified particles, but also restores the natural function of the skin of the foot, stimulating the active growth of healthy cells. The essence of technology is the application of special funds to the foot. They not only gently soften the coarsened skin, but also have a therapeutic effect.  Kart pedicure is designed for effective care of the whole foot and nail plate and you will see wonderful results and major skin improvements already after the 1 treatment!","og_url":"https:\/\/beauty-4-you.se\/sv\/produkt\/kart-pedicure-3\/","og_site_name":"Beauty 4 You","article_publisher":"https:\/\/www.facebook.com\/Alina.Beauty4You","article_modified_time":"2024-02-28T10:25:05+00:00","og_image":[{"width":960,"height":652,"url":"https:\/\/beauty-4-you.se\/wp-content\/uploads\/2022\/01\/Kart-Pedicure-2.jpg","type":"image\/jpeg"}],"twitter_card":"summary_large_image","twitter_site":"@Beauty4youLule","schema":{"@context":"https:\/\/schema.org","@graph":[{"@type":"WebPage","@id":"https:\/\/beauty-4-you.se\/sv\/produkt\/kart-pedicure-3\/","url":"https:\/\/beauty-4-you.se\/sv\/produkt\/kart-pedicure-3\/","name":"Kart Pedicure - Beauty 4 You","isPartOf":{"@id":"https:\/\/beauty-4-you.se\/en\/#website"},"primaryImageOfPage":{"@id":"https:\/\/beauty-4-you.se\/sv\/produkt\/kart-pedicure-3\/#primaryimage"},"image":{"@id":"https:\/\/beauty-4-you.se\/sv\/produkt\/kart-pedicure-3\/#primaryimage"},"thumbnailUrl":"https:\/\/beauty-4-you.se\/wp-content\/uploads\/2022\/01\/Kart-Pedicure-2.jpg","datePublished":"2022-01-31T12:12:33+00:00","dateModified":"2024-02-28T10:25:05+00:00","breadcrumb":{"@id":"https:\/\/beauty-4-you.se\/sv\/produkt\/kart-pedicure-3\/#breadcrumb"},"inLanguage":"sv-SE","potentialAction":[{"@type":"ReadAction","target":["https:\/\/beauty-4-you.se\/sv\/produkt\/kart-pedicure-3\/"]}]},{"@type":"ImageObject","inLanguage":"sv-SE","@id":"https:\/\/beauty-4-you.se\/sv\/produkt\/kart-pedicure-3\/#primaryimage","url":"https:\/\/beauty-4-you.se\/wp-content\/uploads\/2022\/01\/Kart-Pedicure-2.jpg","contentUrl":"https:\/\/beauty-4-you.se\/wp-content\/uploads\/2022\/01\/Kart-Pedicure-2.jpg","width":960,"height":652,"caption":"Kart pedicure"},{"@type":"BreadcrumbList","@id":"https:\/\/beauty-4-you.se\/sv\/produkt\/kart-pedicure-3\/#breadcrumb","itemListElement":[{"@type":"ListItem","position":1,"name":"Home","item":"https:\/\/beauty-4-you.se\/en\/"},{"@type":"ListItem","position":2,"name":"Products","item":"https:\/\/beauty-4-you.se\/en\/shop\/"},{"@type":"ListItem","position":3,"name":"Kart Pedicure"}]},{"@type":"WebSite","@id":"https:\/\/beauty-4-you.se\/en\/#website","url":"https:\/\/beauty-4-you.se\/en\/","name":"Beauty 4 You","description":"F\u00f6r att du f\u00f6rtj\u00e4nar det!","publisher":{"@id":"https:\/\/beauty-4-you.se\/en\/#organization"},"potentialAction":[{"@type":"SearchAction","target":{"@type":"EntryPoint","urlTemplate":"https:\/\/beauty-4-you.se\/en\/?s={search_term_string}"},"query-input":{"@type":"PropertyValueSpecification","valueRequired":true,"valueName":"search_term_string"}}],"inLanguage":"sv-SE"},{"@type":"Organization","@id":"https:\/\/beauty-4-you.se\/en\/#organization","name":"Beauty 4 You","alternateName":"Beauty 4 You Lule\u00e5","url":"https:\/\/beauty-4-you.se\/en\/","logo":{"@type":"ImageObject","inLanguage":"sv-SE","@id":"https:\/\/beauty-4-you.se\/en\/#\/schema\/logo\/image\/","url":"https:\/\/beauty-4-you.se\/wp-content\/uploads\/2021\/11\/Logo-400x750-Elips-Burgundy-e1730722027193.png","contentUrl":"https:\/\/beauty-4-you.se\/wp-content\/uploads\/2021\/11\/Logo-400x750-Elips-Burgundy-e1730722027193.png","width":281,"height":150,"caption":"Beauty 4 You"},"image":{"@id":"https:\/\/beauty-4-you.se\/en\/#\/schema\/logo\/image\/"},"sameAs":["https:\/\/www.facebook.com\/Alina.Beauty4You","https:\/\/x.com\/Beauty4youLule"]}]}},"_links":{"self":[{"href":"https:\/\/beauty-4-you.se\/sv\/wp-json\/wp\/v2\/product\/37241","targetHints":{"allow":["GET"]}}],"collection":[{"href":"https:\/\/beauty-4-you.se\/sv\/wp-json\/wp\/v2\/product"}],"about":[{"href":"https:\/\/beauty-4-you.se\/sv\/wp-json\/wp\/v2\/types\/product"}],"replies":[{"embeddable":true,"href":"https:\/\/beauty-4-you.se\/sv\/wp-json\/wp\/v2\/comments?post=37241"}],"wp:featuredmedia":[{"embeddable":true,"href":"https:\/\/beauty-4-you.se\/sv\/wp-json\/wp\/v2\/media\/37206"}],"wp:attachment":[{"href":"https:\/\/beauty-4-you.se\/sv\/wp-json\/wp\/v2\/media?parent=37241"}],"wp:term":[{"taxonomy":"product_brand","embeddable":true,"href":"https:\/\/beauty-4-you.se\/sv\/wp-json\/wp\/v2\/product_brand?post=37241"},{"taxonomy":"product_cat","embeddable":true,"href":"https:\/\/beauty-4-you.se\/sv\/wp-json\/wp\/v2\/product_cat?post=37241"},{"taxonomy":"product_tag","embeddable":true,"href":"https:\/\/beauty-4-you.se\/sv\/wp-json\/wp\/v2\/product_tag?post=37241"}],"curies":[{"name":"wp","href":"https:\/\/api.w.org\/{rel}","templated":true}]}}