{"id":35158,"date":"2022-01-20T06:17:25","date_gmt":"2022-01-20T05:17:25","guid":{"rendered":"https:\/\/beauty-4-you.se\/?post_type=product&#038;p=35158"},"modified":"2025-07-03T02:39:52","modified_gmt":"2025-07-03T00:39:52","slug":"gift-voucher-fixed-amount","status":"publish","type":"product","link":"https:\/\/beauty-4-you.se\/sv\/produkt\/gift-voucher-fixed-amount\/","title":{"rendered":"Presentkort fast belopp"},"content":{"rendered":"<p>Presentkort fast v\u00e4rde, v\u00e4lj 300, 500, 750 eller 1000 SEK<\/p>\n<p>L\u00e4gg en kupong \u00e5t g\u00e5ngen i korgen f\u00f6r att f\u00e5 individuellt namn och meddelande per kort.<\/p>\n<p>E-posten \u00e4r dit kortet kommer att e-postas s\u00e5 anv\u00e4nd antingen din e-post eller mottagarens e-post.<\/p>\n<p>Information om hur du bokar tj\u00e4nster finns tryckt p\u00e5 presentkortet.<\/p>","protected":false},"excerpt":{"rendered":"<p>Presentkort med fast v\u00e4rde.<\/p>\n<p>V\u00e4lj typ av presentkort f\u00f6r r\u00e4tt kortutseende + \u00f6nskat belopp.<\/p>\n<p>Det valda beloppet kommer att skrivas ut p\u00e5 kortet.<\/p>\n<p>L\u00e4gg en kupong \u00e5t g\u00e5ngen i korgen f\u00f6r att f\u00e5 individuellt namn och meddelande per kort.<\/p>\n<p>E-posten \u00e4r dit kortet kommer att e-postas s\u00e5 anv\u00e4nd antingen din e-post eller mottagarens e-post.<\/p>","protected":false},"featured_media":35739,"comment_status":"open","ping_status":"closed","template":"","meta":[],"product_brand":[],"product_cat":[124],"product_tag":[135,133,130,132,131,134],"class_list":{"0":"post-35158","1":"product","2":"type-product","3":"status-publish","4":"has-post-thumbnail","6":"product_cat-gift-card-fixed-value","7":"product_tag-alla-hjartans-dag","8":"product_tag-fodelsedag","9":"product_tag-gift-vouchers","10":"product_tag-happy-birthday","11":"product_tag-presentkort","12":"product_tag-valentine","14":"first","15":"instock","16":"taxable","17":"shipping-taxable","18":"purchasable","19":"product-type-variable"},"yoast_head":"<!-- This site is optimized with the Yoast SEO plugin v27.5 - https:\/\/yoast.com\/product\/yoast-seo-wordpress\/ -->\n<title>Gift Voucher Fixed Amount - Beauty 4 You<\/title>\n<meta name=\"robots\" content=\"index, follow, max-snippet:-1, max-image-preview:large, max-video-preview:-1\" \/>\n<link rel=\"canonical\" href=\"https:\/\/beauty-4-you.se\/sv\/produkt\/gift-voucher-fixed-amount\/\" \/>\n<meta property=\"og:locale\" content=\"sv_SE\" \/>\n<meta property=\"og:type\" content=\"article\" \/>\n<meta property=\"og:title\" content=\"Gift Voucher Fixed Amount - Beauty 4 You\" \/>\n<meta property=\"og:description\" content=\"Fixed Value Gift Vouchers.  Chose Type of Gift Card for the right card appearance\u00a0 + Desired Amount.  The chosen amount will be printed on the card.  Place one voucher at the time in the basket to get individualised name and message per card.  The email is where the card will be emailed so use either your email or the recipients email.\" \/>\n<meta property=\"og:url\" content=\"https:\/\/beauty-4-you.se\/sv\/produkt\/gift-voucher-fixed-amount\/\" \/>\n<meta property=\"og:site_name\" content=\"Beauty 4 You\" \/>\n<meta property=\"article:publisher\" content=\"https:\/\/www.facebook.com\/Alina.Beauty4You\" \/>\n<meta property=\"article:modified_time\" content=\"2025-07-03T00:39:52+00:00\" \/>\n<meta property=\"og:image\" content=\"https:\/\/beauty-4-you.se\/wp-content\/uploads\/2022\/01\/Gifts-Fixed.jpg\" \/>\n\t<meta property=\"og:image:width\" content=\"1200\" \/>\n\t<meta property=\"og:image:height\" content=\"600\" \/>\n\t<meta property=\"og:image:type\" content=\"image\/jpeg\" \/>\n<meta name=\"twitter:card\" content=\"summary_large_image\" \/>\n<meta name=\"twitter:site\" content=\"@Beauty4youLule\" \/>\n<script type=\"application\/ld+json\" class=\"yoast-schema-graph\">{\"@context\":\"https:\\\/\\\/schema.org\",\"@graph\":[{\"@type\":\"WebPage\",\"@id\":\"https:\\\/\\\/beauty-4-you.se\\\/sv\\\/produkt\\\/gift-voucher-fixed-amount\\\/\",\"url\":\"https:\\\/\\\/beauty-4-you.se\\\/sv\\\/produkt\\\/gift-voucher-fixed-amount\\\/\",\"name\":\"Gift Voucher Fixed Amount - Beauty 4 You\",\"isPartOf\":{\"@id\":\"https:\\\/\\\/beauty-4-you.se\\\/en\\\/#website\"},\"primaryImageOfPage\":{\"@id\":\"https:\\\/\\\/beauty-4-you.se\\\/sv\\\/produkt\\\/gift-voucher-fixed-amount\\\/#primaryimage\"},\"image\":{\"@id\":\"https:\\\/\\\/beauty-4-you.se\\\/sv\\\/produkt\\\/gift-voucher-fixed-amount\\\/#primaryimage\"},\"thumbnailUrl\":\"https:\\\/\\\/beauty-4-you.se\\\/wp-content\\\/uploads\\\/2022\\\/01\\\/Gifts-Fixed.jpg\",\"datePublished\":\"2022-01-20T05:17:25+00:00\",\"dateModified\":\"2025-07-03T00:39:52+00:00\",\"breadcrumb\":{\"@id\":\"https:\\\/\\\/beauty-4-you.se\\\/sv\\\/produkt\\\/gift-voucher-fixed-amount\\\/#breadcrumb\"},\"inLanguage\":\"sv-SE\",\"potentialAction\":[{\"@type\":\"ReadAction\",\"target\":[\"https:\\\/\\\/beauty-4-you.se\\\/sv\\\/produkt\\\/gift-voucher-fixed-amount\\\/\"]}]},{\"@type\":\"ImageObject\",\"inLanguage\":\"sv-SE\",\"@id\":\"https:\\\/\\\/beauty-4-you.se\\\/sv\\\/produkt\\\/gift-voucher-fixed-amount\\\/#primaryimage\",\"url\":\"https:\\\/\\\/beauty-4-you.se\\\/wp-content\\\/uploads\\\/2022\\\/01\\\/Gifts-Fixed.jpg\",\"contentUrl\":\"https:\\\/\\\/beauty-4-you.se\\\/wp-content\\\/uploads\\\/2022\\\/01\\\/Gifts-Fixed.jpg\",\"width\":1200,\"height\":600,\"caption\":\"Gift Voucher Fixed\"},{\"@type\":\"BreadcrumbList\",\"@id\":\"https:\\\/\\\/beauty-4-you.se\\\/sv\\\/produkt\\\/gift-voucher-fixed-amount\\\/#breadcrumb\",\"itemListElement\":[{\"@type\":\"ListItem\",\"position\":1,\"name\":\"Home\",\"item\":\"https:\\\/\\\/beauty-4-you.se\\\/\"},{\"@type\":\"ListItem\",\"position\":2,\"name\":\"Products\",\"item\":\"https:\\\/\\\/beauty-4-you.se\\\/en\\\/shop\\\/\"},{\"@type\":\"ListItem\",\"position\":3,\"name\":\"Gift Voucher Fixed Amount\"}]},{\"@type\":\"WebSite\",\"@id\":\"https:\\\/\\\/beauty-4-you.se\\\/en\\\/#website\",\"url\":\"https:\\\/\\\/beauty-4-you.se\\\/en\\\/\",\"name\":\"Beauty 4 You\",\"description\":\"Because you deserve it!\",\"publisher\":{\"@id\":\"https:\\\/\\\/beauty-4-you.se\\\/en\\\/#organization\"},\"potentialAction\":[{\"@type\":\"SearchAction\",\"target\":{\"@type\":\"EntryPoint\",\"urlTemplate\":\"https:\\\/\\\/beauty-4-you.se\\\/en\\\/?s={search_term_string}\"},\"query-input\":{\"@type\":\"PropertyValueSpecification\",\"valueRequired\":true,\"valueName\":\"search_term_string\"}}],\"inLanguage\":\"sv-SE\"},{\"@type\":\"Organization\",\"@id\":\"https:\\\/\\\/beauty-4-you.se\\\/en\\\/#organization\",\"name\":\"Beauty 4 You\",\"alternateName\":\"Beauty 4 You Lule\u00e5\",\"url\":\"https:\\\/\\\/beauty-4-you.se\\\/en\\\/\",\"logo\":{\"@type\":\"ImageObject\",\"inLanguage\":\"sv-SE\",\"@id\":\"https:\\\/\\\/beauty-4-you.se\\\/en\\\/#\\\/schema\\\/logo\\\/image\\\/\",\"url\":\"https:\\\/\\\/beauty-4-you.se\\\/wp-content\\\/uploads\\\/2021\\\/11\\\/Logo-400x750-Elips-Burgundy-e1730722027193.png\",\"contentUrl\":\"https:\\\/\\\/beauty-4-you.se\\\/wp-content\\\/uploads\\\/2021\\\/11\\\/Logo-400x750-Elips-Burgundy-e1730722027193.png\",\"width\":281,\"height\":150,\"caption\":\"Beauty 4 You\"},\"image\":{\"@id\":\"https:\\\/\\\/beauty-4-you.se\\\/en\\\/#\\\/schema\\\/logo\\\/image\\\/\"},\"sameAs\":[\"https:\\\/\\\/www.facebook.com\\\/Alina.Beauty4You\",\"https:\\\/\\\/x.com\\\/Beauty4youLule\"]}]}<\/script>\n<!-- \/ Yoast SEO plugin. -->","yoast_head_json":{"title":"Gift Voucher Fixed Amount - Beauty 4 You","robots":{"index":"index","follow":"follow","max-snippet":"max-snippet:-1","max-image-preview":"max-image-preview:large","max-video-preview":"max-video-preview:-1"},"canonical":"https:\/\/beauty-4-you.se\/sv\/produkt\/gift-voucher-fixed-amount\/","og_locale":"sv_SE","og_type":"article","og_title":"Gift Voucher Fixed Amount - Beauty 4 You","og_description":"Fixed Value Gift Vouchers.  Chose Type of Gift Card for the right card appearance\u00a0 + Desired Amount.  The chosen amount will be printed on the card.  Place one voucher at the time in the basket to get individualised name and message per card.  The email is where the card will be emailed so use either your email or the recipients email.","og_url":"https:\/\/beauty-4-you.se\/sv\/produkt\/gift-voucher-fixed-amount\/","og_site_name":"Beauty 4 You","article_publisher":"https:\/\/www.facebook.com\/Alina.Beauty4You","article_modified_time":"2025-07-03T00:39:52+00:00","og_image":[{"width":1200,"height":600,"url":"https:\/\/beauty-4-you.se\/wp-content\/uploads\/2022\/01\/Gifts-Fixed.jpg","type":"image\/jpeg"}],"twitter_card":"summary_large_image","twitter_site":"@Beauty4youLule","schema":{"@context":"https:\/\/schema.org","@graph":[{"@type":"WebPage","@id":"https:\/\/beauty-4-you.se\/sv\/produkt\/gift-voucher-fixed-amount\/","url":"https:\/\/beauty-4-you.se\/sv\/produkt\/gift-voucher-fixed-amount\/","name":"Gift Voucher Fixed Amount - Beauty 4 You","isPartOf":{"@id":"https:\/\/beauty-4-you.se\/en\/#website"},"primaryImageOfPage":{"@id":"https:\/\/beauty-4-you.se\/sv\/produkt\/gift-voucher-fixed-amount\/#primaryimage"},"image":{"@id":"https:\/\/beauty-4-you.se\/sv\/produkt\/gift-voucher-fixed-amount\/#primaryimage"},"thumbnailUrl":"https:\/\/beauty-4-you.se\/wp-content\/uploads\/2022\/01\/Gifts-Fixed.jpg","datePublished":"2022-01-20T05:17:25+00:00","dateModified":"2025-07-03T00:39:52+00:00","breadcrumb":{"@id":"https:\/\/beauty-4-you.se\/sv\/produkt\/gift-voucher-fixed-amount\/#breadcrumb"},"inLanguage":"sv-SE","potentialAction":[{"@type":"ReadAction","target":["https:\/\/beauty-4-you.se\/sv\/produkt\/gift-voucher-fixed-amount\/"]}]},{"@type":"ImageObject","inLanguage":"sv-SE","@id":"https:\/\/beauty-4-you.se\/sv\/produkt\/gift-voucher-fixed-amount\/#primaryimage","url":"https:\/\/beauty-4-you.se\/wp-content\/uploads\/2022\/01\/Gifts-Fixed.jpg","contentUrl":"https:\/\/beauty-4-you.se\/wp-content\/uploads\/2022\/01\/Gifts-Fixed.jpg","width":1200,"height":600,"caption":"Gift Voucher Fixed"},{"@type":"BreadcrumbList","@id":"https:\/\/beauty-4-you.se\/sv\/produkt\/gift-voucher-fixed-amount\/#breadcrumb","itemListElement":[{"@type":"ListItem","position":1,"name":"Home","item":"https:\/\/beauty-4-you.se\/"},{"@type":"ListItem","position":2,"name":"Products","item":"https:\/\/beauty-4-you.se\/en\/shop\/"},{"@type":"ListItem","position":3,"name":"Gift Voucher Fixed Amount"}]},{"@type":"WebSite","@id":"https:\/\/beauty-4-you.se\/en\/#website","url":"https:\/\/beauty-4-you.se\/en\/","name":"Beauty 4 You","description":"F\u00f6r att du f\u00f6rtj\u00e4nar det!","publisher":{"@id":"https:\/\/beauty-4-you.se\/en\/#organization"},"potentialAction":[{"@type":"SearchAction","target":{"@type":"EntryPoint","urlTemplate":"https:\/\/beauty-4-you.se\/en\/?s={search_term_string}"},"query-input":{"@type":"PropertyValueSpecification","valueRequired":true,"valueName":"search_term_string"}}],"inLanguage":"sv-SE"},{"@type":"Organization","@id":"https:\/\/beauty-4-you.se\/en\/#organization","name":"Beauty 4 You","alternateName":"Beauty 4 You Lule\u00e5","url":"https:\/\/beauty-4-you.se\/en\/","logo":{"@type":"ImageObject","inLanguage":"sv-SE","@id":"https:\/\/beauty-4-you.se\/en\/#\/schema\/logo\/image\/","url":"https:\/\/beauty-4-you.se\/wp-content\/uploads\/2021\/11\/Logo-400x750-Elips-Burgundy-e1730722027193.png","contentUrl":"https:\/\/beauty-4-you.se\/wp-content\/uploads\/2021\/11\/Logo-400x750-Elips-Burgundy-e1730722027193.png","width":281,"height":150,"caption":"Beauty 4 You"},"image":{"@id":"https:\/\/beauty-4-you.se\/en\/#\/schema\/logo\/image\/"},"sameAs":["https:\/\/www.facebook.com\/Alina.Beauty4You","https:\/\/x.com\/Beauty4youLule"]}]}},"_links":{"self":[{"href":"https:\/\/beauty-4-you.se\/sv\/wp-json\/wp\/v2\/product\/35158","targetHints":{"allow":["GET"]}}],"collection":[{"href":"https:\/\/beauty-4-you.se\/sv\/wp-json\/wp\/v2\/product"}],"about":[{"href":"https:\/\/beauty-4-you.se\/sv\/wp-json\/wp\/v2\/types\/product"}],"replies":[{"embeddable":true,"href":"https:\/\/beauty-4-you.se\/sv\/wp-json\/wp\/v2\/comments?post=35158"}],"wp:featuredmedia":[{"embeddable":true,"href":"https:\/\/beauty-4-you.se\/sv\/wp-json\/wp\/v2\/media\/35739"}],"wp:attachment":[{"href":"https:\/\/beauty-4-you.se\/sv\/wp-json\/wp\/v2\/media?parent=35158"}],"wp:term":[{"taxonomy":"product_brand","embeddable":true,"href":"https:\/\/beauty-4-you.se\/sv\/wp-json\/wp\/v2\/product_brand?post=35158"},{"taxonomy":"product_cat","embeddable":true,"href":"https:\/\/beauty-4-you.se\/sv\/wp-json\/wp\/v2\/product_cat?post=35158"},{"taxonomy":"product_tag","embeddable":true,"href":"https:\/\/beauty-4-you.se\/sv\/wp-json\/wp\/v2\/product_tag?post=35158"}],"curies":[{"name":"wp","href":"https:\/\/api.w.org\/{rel}","templated":true}]}}