{"id":3120,"date":"2021-12-07T16:07:53","date_gmt":"2021-12-07T15:07:53","guid":{"rendered":"https:\/\/beauty-4-you.se\/?post_type=product&#038;p=3120"},"modified":"2024-01-19T16:05:47","modified_gmt":"2024-01-19T15:05:47","slug":"nutrition-pouch-yon-ka","status":"publish","type":"product","link":"https:\/\/beauty-4-you.se\/sv\/produkt\/nutrition-pouch-yon-ka\/","title":{"rendered":"Nutrition Pouch Yon-Ka"},"content":{"rendered":"<div data-elementor-type=\"wp-post\" data-elementor-id=\"3120\" class=\"elementor elementor-3120\">\n\t\t\t\t\t\t<section class=\"elementor-section elementor-top-section elementor-element elementor-element-5efe98e9 elementor-section-boxed elementor-section-height-default elementor-section-height-default\" data-id=\"5efe98e9\" data-element_type=\"section\" data-e-type=\"section\" data-settings=\"{&quot;_ob_glider_is_slider&quot;:&quot;no&quot;}\">\n\t\t\t\t\t\t<div class=\"elementor-container elementor-column-gap-default\">\n\t\t\t\t\t<div class=\"elementor-column elementor-col-100 elementor-top-column elementor-element elementor-element-59ccbf2a\" data-id=\"59ccbf2a\" data-element_type=\"column\" data-e-type=\"column\" data-settings=\"{&quot;_ob_column_hoveranimator&quot;:&quot;no&quot;,&quot;_ob_column_has_pseudo&quot;:&quot;no&quot;}\">\n\t\t\t<div class=\"elementor-widget-wrap elementor-element-populated\">\n\t\t\t\t\t\t<div class=\"elementor-element elementor-element-497ac2fe ob-harakiri-inherit ob-has-background-overlay elementor-widget elementor-widget-text-editor\" data-id=\"497ac2fe\" data-element_type=\"widget\" data-e-type=\"widget\" data-settings=\"{&quot;_ob_use_harakiri&quot;:&quot;yes&quot;,&quot;_ob_harakiri_writing_mode&quot;:&quot;inherit&quot;,&quot;_ob_postman_use&quot;:&quot;no&quot;,&quot;_ob_widget_stalker_use&quot;:&quot;no&quot;,&quot;_ob_poopart_use&quot;:&quot;yes&quot;,&quot;_ob_shadough_use&quot;:&quot;no&quot;,&quot;_ob_allow_hoveranimator&quot;:&quot;no&quot;}\" data-widget_type=\"text-editor.default\">\n\t\t\t\t<div class=\"elementor-widget-container\">\n\t\t\t\t\t\t\t\t\t<p>Sk\u00f6nhetskit best\u00e5ende av EAU MICELLAIRE, LOTION YON-KA och HYDRA no1, Levereras i en stilren liten v\u00e4ska.<\/p><p>Satsen passar dig som har torr hy, vill prova Yon-Kas produkter eller \u00e4r i behov av ett snyggt resepaket. Satsets huvudfunktion: Reng\u00f6r, \u00e5terfuktar och \u00e5terst\u00e4ller torr hud.<\/p><p><em>Aktiva ingredienser:<\/em><\/p><p>EAU MICELLAIRE: Aqua\/Water\/Eau, Polyoxamer 184, Polysorbate 20, Glycerin, Propandiol, Sodium PCA, Biosaccharide Gum-2, Limonium Narbonense Flower\/L\u00f6v\/Stam Extract, Lavendula Angustifolia (Lavendel) Oil, Pelargonium Graveol , Rosemarinus Officinalis (Rosmarin) L\u00f6volja, Supressus Sempirvirens (Cypress) Oil.<\/p><p>LOTION YON-KA: Vatten\/Aqua, Glycerin, Lavandula Angustifolia (Lavendel) Olja, Pelargonium Graveolens (Geranium) Blomsterolja, Rosmarinus Officinalis (Rosmarin) L\u00f6volja, Cupressus Sempervirens (Cypress) Olja, Thymus Vulgaris (timjan-olja) 33 Ricinolja, Klorhexidindiglukonat, R\u00f6d 40\/Cl 16035, Linalool, Citronellol, Geraniol.<\/p><p>HYDRA1: Aqua\/vatten\/eau, Glycerin Vitsvifera (druva) Fr\u00f6olja, Capplic\/Cafric Triglyceride Propandiol, Hydragermated Coconut Oil, Proplene Gylcol Dicaprylate, Dicaprate, Octydodecyl Minestrate, Coryluis Aveiana (hassel)eed Olycereed Olycereed Olycereed Squalane, Butrospermum Parku (shea) sm\u00f6r<\/p>\t\t\t\t\t\t\t\t<\/div>\n\t\t\t\t<\/div>\n\t\t\t\t\t<\/div>\n\t\t<\/div>\n\t\t\t\t\t<\/div>\n\t\t<\/section>\n\t\t\t\t<\/div>","protected":false},"excerpt":{"rendered":"<p>Sk\u00f6nhetskit best\u00e5ende av EAU MICELLAIRE, LOTION YON-KA och HYDRA no1, Levereras i en stilren liten v\u00e4ska. Satsen passar dig som har torr hud, vill prova Yon-Kas produkter eller \u00e4r i behov av ett snyggt resepaket. Satsets huvudfunktion: Reng\u00f6r, \u00e5terfuktar och \u00e5terst\u00e4ller torr hud. Aktiva ingredienser: EAU MICELLAIRE:...<\/p>","protected":false},"featured_media":2249,"comment_status":"open","ping_status":"closed","template":"","meta":[],"product_brand":[],"product_cat":[59,54],"product_tag":[81,78,79,76,77,80],"class_list":{"0":"post-3120","1":"product","2":"type-product","3":"status-publish","4":"has-post-thumbnail","6":"product_cat-face-cream","7":"product_cat-products","8":"product_tag-beauty-kit","9":"product_tag-cream","10":"product_tag-face-cream","11":"product_tag-facial","12":"product_tag-travelling-kit","13":"product_tag-yon-ka","14":"product_shipping_class-flatratesmall","16":"first","17":"outofstock","18":"sale","19":"taxable","20":"shipping-taxable","21":"purchasable","22":"product-type-simple"},"yoast_head":"<!-- This site is optimized with the Yoast SEO plugin v27.5 - https:\/\/yoast.com\/product\/yoast-seo-wordpress\/ -->\n<title>Nutrition Pouch Yon-Ka - Beauty 4 You<\/title>\n<meta name=\"robots\" content=\"index, follow, max-snippet:-1, max-image-preview:large, max-video-preview:-1\" \/>\n<link rel=\"canonical\" href=\"https:\/\/beauty-4-you.se\/sv\/produkt\/nutrition-pouch-yon-ka\/\" \/>\n<meta property=\"og:locale\" content=\"sv_SE\" \/>\n<meta property=\"og:type\" content=\"article\" \/>\n<meta property=\"og:title\" content=\"Nutrition Pouch Yon-Ka - Beauty 4 You\" \/>\n<meta property=\"og:description\" content=\"Beauty kit consisting of EAU MICELLAIRE, LOTION YON-KA and HYDRA no1, Delivered in a classy little bag. The kit suits those who have dry skin, want to try out Yon-Ka&#8217;s products or are in need of a neat travelling package.The main function of the kit: Cleanse, moisturize and restore dry skin. Active ingredients: EAU MICELLAIRE:&hellip;\" \/>\n<meta property=\"og:url\" content=\"https:\/\/beauty-4-you.se\/sv\/produkt\/nutrition-pouch-yon-ka\/\" \/>\n<meta property=\"og:site_name\" content=\"Beauty 4 You\" \/>\n<meta property=\"article:publisher\" content=\"https:\/\/www.facebook.com\/Alina.Beauty4You\" \/>\n<meta property=\"article:modified_time\" content=\"2024-01-19T15:05:47+00:00\" \/>\n<meta property=\"og:image\" content=\"https:\/\/beauty-4-you.se\/wp-content\/uploads\/2021\/11\/Yon-ka-Pouch-Nutrition.png\" \/>\n\t<meta property=\"og:image:width\" content=\"640\" \/>\n\t<meta property=\"og:image:height\" content=\"592\" \/>\n\t<meta property=\"og:image:type\" content=\"image\/png\" \/>\n<meta name=\"twitter:card\" content=\"summary_large_image\" \/>\n<meta name=\"twitter:site\" content=\"@Beauty4youLule\" \/>\n<meta name=\"twitter:label1\" content=\"Ber\u00e4knad l\u00e4stid\" \/>\n\t<meta name=\"twitter:data1\" content=\"1 minut\" \/>\n<script type=\"application\/ld+json\" class=\"yoast-schema-graph\">{\"@context\":\"https:\\\/\\\/schema.org\",\"@graph\":[{\"@type\":\"WebPage\",\"@id\":\"https:\\\/\\\/beauty-4-you.se\\\/product\\\/nutrition-pouch-yon-ka\\\/\",\"url\":\"https:\\\/\\\/beauty-4-you.se\\\/product\\\/nutrition-pouch-yon-ka\\\/\",\"name\":\"Nutrition Pouch Yon-Ka - Beauty 4 You\",\"isPartOf\":{\"@id\":\"https:\\\/\\\/beauty-4-you.se\\\/en\\\/#website\"},\"primaryImageOfPage\":{\"@id\":\"https:\\\/\\\/beauty-4-you.se\\\/product\\\/nutrition-pouch-yon-ka\\\/#primaryimage\"},\"image\":{\"@id\":\"https:\\\/\\\/beauty-4-you.se\\\/product\\\/nutrition-pouch-yon-ka\\\/#primaryimage\"},\"thumbnailUrl\":\"https:\\\/\\\/beauty-4-you.se\\\/wp-content\\\/uploads\\\/2021\\\/11\\\/Yon-ka-Pouch-Nutrition.png\",\"datePublished\":\"2021-12-07T15:07:53+00:00\",\"dateModified\":\"2024-01-19T15:05:47+00:00\",\"breadcrumb\":{\"@id\":\"https:\\\/\\\/beauty-4-you.se\\\/product\\\/nutrition-pouch-yon-ka\\\/#breadcrumb\"},\"inLanguage\":\"sv-SE\",\"potentialAction\":[{\"@type\":\"ReadAction\",\"target\":[\"https:\\\/\\\/beauty-4-you.se\\\/product\\\/nutrition-pouch-yon-ka\\\/\"]}]},{\"@type\":\"ImageObject\",\"inLanguage\":\"sv-SE\",\"@id\":\"https:\\\/\\\/beauty-4-you.se\\\/product\\\/nutrition-pouch-yon-ka\\\/#primaryimage\",\"url\":\"https:\\\/\\\/beauty-4-you.se\\\/wp-content\\\/uploads\\\/2021\\\/11\\\/Yon-ka-Pouch-Nutrition.png\",\"contentUrl\":\"https:\\\/\\\/beauty-4-you.se\\\/wp-content\\\/uploads\\\/2021\\\/11\\\/Yon-ka-Pouch-Nutrition.png\",\"width\":640,\"height\":592,\"caption\":\"Yon-Ka Nutrition pouch skincare product Beauty 4 You\"},{\"@type\":\"BreadcrumbList\",\"@id\":\"https:\\\/\\\/beauty-4-you.se\\\/product\\\/nutrition-pouch-yon-ka\\\/#breadcrumb\",\"itemListElement\":[{\"@type\":\"ListItem\",\"position\":1,\"name\":\"Home\",\"item\":\"https:\\\/\\\/beauty-4-you.se\\\/\"},{\"@type\":\"ListItem\",\"position\":2,\"name\":\"Products\",\"item\":\"https:\\\/\\\/beauty-4-you.se\\\/en\\\/shop\\\/\"},{\"@type\":\"ListItem\",\"position\":3,\"name\":\"Nutrition Pouch Yon-Ka\"}]},{\"@type\":\"WebSite\",\"@id\":\"https:\\\/\\\/beauty-4-you.se\\\/en\\\/#website\",\"url\":\"https:\\\/\\\/beauty-4-you.se\\\/en\\\/\",\"name\":\"Beauty 4 You\",\"description\":\"Because you deserve it!\",\"publisher\":{\"@id\":\"https:\\\/\\\/beauty-4-you.se\\\/en\\\/#organization\"},\"potentialAction\":[{\"@type\":\"SearchAction\",\"target\":{\"@type\":\"EntryPoint\",\"urlTemplate\":\"https:\\\/\\\/beauty-4-you.se\\\/en\\\/?s={search_term_string}\"},\"query-input\":{\"@type\":\"PropertyValueSpecification\",\"valueRequired\":true,\"valueName\":\"search_term_string\"}}],\"inLanguage\":\"sv-SE\"},{\"@type\":\"Organization\",\"@id\":\"https:\\\/\\\/beauty-4-you.se\\\/en\\\/#organization\",\"name\":\"Beauty 4 You\",\"alternateName\":\"Beauty 4 You Lule\u00e5\",\"url\":\"https:\\\/\\\/beauty-4-you.se\\\/en\\\/\",\"logo\":{\"@type\":\"ImageObject\",\"inLanguage\":\"sv-SE\",\"@id\":\"https:\\\/\\\/beauty-4-you.se\\\/en\\\/#\\\/schema\\\/logo\\\/image\\\/\",\"url\":\"https:\\\/\\\/beauty-4-you.se\\\/wp-content\\\/uploads\\\/2021\\\/11\\\/Logo-400x750-Elips-Burgundy-e1730722027193.png\",\"contentUrl\":\"https:\\\/\\\/beauty-4-you.se\\\/wp-content\\\/uploads\\\/2021\\\/11\\\/Logo-400x750-Elips-Burgundy-e1730722027193.png\",\"width\":281,\"height\":150,\"caption\":\"Beauty 4 You\"},\"image\":{\"@id\":\"https:\\\/\\\/beauty-4-you.se\\\/en\\\/#\\\/schema\\\/logo\\\/image\\\/\"},\"sameAs\":[\"https:\\\/\\\/www.facebook.com\\\/Alina.Beauty4You\",\"https:\\\/\\\/x.com\\\/Beauty4youLule\"]}]}<\/script>\n<!-- \/ Yoast SEO plugin. -->","yoast_head_json":{"title":"Nutrition Pouch Yon-Ka - Beauty 4 You","robots":{"index":"index","follow":"follow","max-snippet":"max-snippet:-1","max-image-preview":"max-image-preview:large","max-video-preview":"max-video-preview:-1"},"canonical":"https:\/\/beauty-4-you.se\/sv\/produkt\/nutrition-pouch-yon-ka\/","og_locale":"sv_SE","og_type":"article","og_title":"Nutrition Pouch Yon-Ka - Beauty 4 You","og_description":"Beauty kit consisting of EAU MICELLAIRE, LOTION YON-KA and HYDRA no1, Delivered in a classy little bag. The kit suits those who have dry skin, want to try out Yon-Ka&#8217;s products or are in need of a neat travelling package.The main function of the kit: Cleanse, moisturize and restore dry skin. Active ingredients: EAU MICELLAIRE:&hellip;","og_url":"https:\/\/beauty-4-you.se\/sv\/produkt\/nutrition-pouch-yon-ka\/","og_site_name":"Beauty 4 You","article_publisher":"https:\/\/www.facebook.com\/Alina.Beauty4You","article_modified_time":"2024-01-19T15:05:47+00:00","og_image":[{"width":640,"height":592,"url":"https:\/\/beauty-4-you.se\/wp-content\/uploads\/2021\/11\/Yon-ka-Pouch-Nutrition.png","type":"image\/png"}],"twitter_card":"summary_large_image","twitter_site":"@Beauty4youLule","twitter_misc":{"Ber\u00e4knad l\u00e4stid":"1 minut"},"schema":{"@context":"https:\/\/schema.org","@graph":[{"@type":"WebPage","@id":"https:\/\/beauty-4-you.se\/product\/nutrition-pouch-yon-ka\/","url":"https:\/\/beauty-4-you.se\/product\/nutrition-pouch-yon-ka\/","name":"Nutrition Pouch Yon-Ka - Beauty 4 You","isPartOf":{"@id":"https:\/\/beauty-4-you.se\/en\/#website"},"primaryImageOfPage":{"@id":"https:\/\/beauty-4-you.se\/product\/nutrition-pouch-yon-ka\/#primaryimage"},"image":{"@id":"https:\/\/beauty-4-you.se\/product\/nutrition-pouch-yon-ka\/#primaryimage"},"thumbnailUrl":"https:\/\/beauty-4-you.se\/wp-content\/uploads\/2021\/11\/Yon-ka-Pouch-Nutrition.png","datePublished":"2021-12-07T15:07:53+00:00","dateModified":"2024-01-19T15:05:47+00:00","breadcrumb":{"@id":"https:\/\/beauty-4-you.se\/product\/nutrition-pouch-yon-ka\/#breadcrumb"},"inLanguage":"sv-SE","potentialAction":[{"@type":"ReadAction","target":["https:\/\/beauty-4-you.se\/product\/nutrition-pouch-yon-ka\/"]}]},{"@type":"ImageObject","inLanguage":"sv-SE","@id":"https:\/\/beauty-4-you.se\/product\/nutrition-pouch-yon-ka\/#primaryimage","url":"https:\/\/beauty-4-you.se\/wp-content\/uploads\/2021\/11\/Yon-ka-Pouch-Nutrition.png","contentUrl":"https:\/\/beauty-4-you.se\/wp-content\/uploads\/2021\/11\/Yon-ka-Pouch-Nutrition.png","width":640,"height":592,"caption":"Yon-Ka Nutrition pouch skincare product Beauty 4 You"},{"@type":"BreadcrumbList","@id":"https:\/\/beauty-4-you.se\/product\/nutrition-pouch-yon-ka\/#breadcrumb","itemListElement":[{"@type":"ListItem","position":1,"name":"Home","item":"https:\/\/beauty-4-you.se\/"},{"@type":"ListItem","position":2,"name":"Products","item":"https:\/\/beauty-4-you.se\/en\/shop\/"},{"@type":"ListItem","position":3,"name":"Nutrition Pouch Yon-Ka"}]},{"@type":"WebSite","@id":"https:\/\/beauty-4-you.se\/en\/#website","url":"https:\/\/beauty-4-you.se\/en\/","name":"Beauty 4 You","description":"F\u00f6r att du f\u00f6rtj\u00e4nar det!","publisher":{"@id":"https:\/\/beauty-4-you.se\/en\/#organization"},"potentialAction":[{"@type":"SearchAction","target":{"@type":"EntryPoint","urlTemplate":"https:\/\/beauty-4-you.se\/en\/?s={search_term_string}"},"query-input":{"@type":"PropertyValueSpecification","valueRequired":true,"valueName":"search_term_string"}}],"inLanguage":"sv-SE"},{"@type":"Organization","@id":"https:\/\/beauty-4-you.se\/en\/#organization","name":"Beauty 4 You","alternateName":"Beauty 4 You Lule\u00e5","url":"https:\/\/beauty-4-you.se\/en\/","logo":{"@type":"ImageObject","inLanguage":"sv-SE","@id":"https:\/\/beauty-4-you.se\/en\/#\/schema\/logo\/image\/","url":"https:\/\/beauty-4-you.se\/wp-content\/uploads\/2021\/11\/Logo-400x750-Elips-Burgundy-e1730722027193.png","contentUrl":"https:\/\/beauty-4-you.se\/wp-content\/uploads\/2021\/11\/Logo-400x750-Elips-Burgundy-e1730722027193.png","width":281,"height":150,"caption":"Beauty 4 You"},"image":{"@id":"https:\/\/beauty-4-you.se\/en\/#\/schema\/logo\/image\/"},"sameAs":["https:\/\/www.facebook.com\/Alina.Beauty4You","https:\/\/x.com\/Beauty4youLule"]}]}},"_links":{"self":[{"href":"https:\/\/beauty-4-you.se\/sv\/wp-json\/wp\/v2\/product\/3120","targetHints":{"allow":["GET"]}}],"collection":[{"href":"https:\/\/beauty-4-you.se\/sv\/wp-json\/wp\/v2\/product"}],"about":[{"href":"https:\/\/beauty-4-you.se\/sv\/wp-json\/wp\/v2\/types\/product"}],"replies":[{"embeddable":true,"href":"https:\/\/beauty-4-you.se\/sv\/wp-json\/wp\/v2\/comments?post=3120"}],"wp:featuredmedia":[{"embeddable":true,"href":"https:\/\/beauty-4-you.se\/sv\/wp-json\/wp\/v2\/media\/2249"}],"wp:attachment":[{"href":"https:\/\/beauty-4-you.se\/sv\/wp-json\/wp\/v2\/media?parent=3120"}],"wp:term":[{"taxonomy":"product_brand","embeddable":true,"href":"https:\/\/beauty-4-you.se\/sv\/wp-json\/wp\/v2\/product_brand?post=3120"},{"taxonomy":"product_cat","embeddable":true,"href":"https:\/\/beauty-4-you.se\/sv\/wp-json\/wp\/v2\/product_cat?post=3120"},{"taxonomy":"product_tag","embeddable":true,"href":"https:\/\/beauty-4-you.se\/sv\/wp-json\/wp\/v2\/product_tag?post=3120"}],"curies":[{"name":"wp","href":"https:\/\/api.w.org\/{rel}","templated":true}]}}