{"id":30148,"date":"2021-12-09T18:54:13","date_gmt":"2021-12-09T17:54:13","guid":{"rendered":"https:\/\/beauty-4-you.se\/?post_type=product&#038;p=30148"},"modified":"2024-02-28T11:30:16","modified_gmt":"2024-02-28T10:30:16","slug":"waxing-upper-lip","status":"publish","type":"product","link":"https:\/\/beauty-4-you.se\/sv\/produkt\/waxing-upper-lip\/","title":{"rendered":"Vaxning \u00f6verl\u00e4pp"},"content":{"rendered":"","protected":false},"excerpt":{"rendered":"<p>Vaxning \u2013 \u00d6verl\u00e4pp 5min<\/p>\n<p>Julklappsvaxning<\/p>","protected":false},"featured_media":2465,"comment_status":"open","ping_status":"closed","template":"","meta":[],"product_brand":[],"product_cat":[92,91,106],"product_tag":[],"class_list":{"0":"post-30148","1":"product","2":"type-product","3":"status-publish","4":"has-post-thumbnail","6":"product_cat-christmas-gifts","7":"product_cat-gift-cards","8":"product_cat-waxing-christmas-gifts","10":"first","11":"instock","12":"downloadable","13":"virtual","14":"taxable","15":"purchasable","16":"product-type-simple"},"yoast_head":"<!-- This site is optimized with the Yoast SEO plugin v27.4 - https:\/\/yoast.com\/product\/yoast-seo-wordpress\/ -->\n<title>Waxing Upper Lip - Beauty 4 You<\/title>\n<meta name=\"robots\" content=\"index, follow, max-snippet:-1, max-image-preview:large, max-video-preview:-1\" \/>\n<link rel=\"canonical\" href=\"https:\/\/beauty-4-you.se\/sv\/produkt\/waxing-upper-lip\/\" \/>\n<meta property=\"og:locale\" content=\"sv_SE\" \/>\n<meta property=\"og:type\" content=\"article\" \/>\n<meta property=\"og:title\" content=\"Waxing Upper Lip - Beauty 4 You\" \/>\n<meta property=\"og:description\" content=\"Waxing \u2013 Upper lip 5min  Christmas gift voucher waxing\" \/>\n<meta property=\"og:url\" content=\"https:\/\/beauty-4-you.se\/sv\/produkt\/waxing-upper-lip\/\" \/>\n<meta property=\"og:site_name\" content=\"Beauty 4 You\" \/>\n<meta property=\"article:publisher\" content=\"https:\/\/www.facebook.com\/Alina.Beauty4You\" \/>\n<meta property=\"article:modified_time\" content=\"2024-02-28T10:30:16+00:00\" \/>\n<meta property=\"og:image\" content=\"https:\/\/beauty-4-you.se\/wp-content\/uploads\/2021\/12\/Upper-lip.jpg\" \/>\n\t<meta property=\"og:image:width\" content=\"512\" \/>\n\t<meta property=\"og:image:height\" content=\"341\" \/>\n\t<meta property=\"og:image:type\" content=\"image\/jpeg\" \/>\n<meta name=\"twitter:card\" content=\"summary_large_image\" \/>\n<meta name=\"twitter:site\" content=\"@Beauty4youLule\" \/>\n<script type=\"application\/ld+json\" class=\"yoast-schema-graph\">{\"@context\":\"https:\\\/\\\/schema.org\",\"@graph\":[{\"@type\":\"WebPage\",\"@id\":\"https:\\\/\\\/beauty-4-you.se\\\/en\\\/product\\\/waxing-upper-lip\\\/\",\"url\":\"https:\\\/\\\/beauty-4-you.se\\\/en\\\/product\\\/waxing-upper-lip\\\/\",\"name\":\"Waxing Upper Lip - Beauty 4 You\",\"isPartOf\":{\"@id\":\"https:\\\/\\\/beauty-4-you.se\\\/en\\\/#website\"},\"primaryImageOfPage\":{\"@id\":\"https:\\\/\\\/beauty-4-you.se\\\/en\\\/product\\\/waxing-upper-lip\\\/#primaryimage\"},\"image\":{\"@id\":\"https:\\\/\\\/beauty-4-you.se\\\/en\\\/product\\\/waxing-upper-lip\\\/#primaryimage\"},\"thumbnailUrl\":\"https:\\\/\\\/beauty-4-you.se\\\/wp-content\\\/uploads\\\/2021\\\/12\\\/Upper-lip.jpg\",\"datePublished\":\"2021-12-09T17:54:13+00:00\",\"dateModified\":\"2024-02-28T10:30:16+00:00\",\"breadcrumb\":{\"@id\":\"https:\\\/\\\/beauty-4-you.se\\\/en\\\/product\\\/waxing-upper-lip\\\/#breadcrumb\"},\"inLanguage\":\"sv-SE\",\"potentialAction\":[{\"@type\":\"ReadAction\",\"target\":[\"https:\\\/\\\/beauty-4-you.se\\\/en\\\/product\\\/waxing-upper-lip\\\/\"]}]},{\"@type\":\"ImageObject\",\"inLanguage\":\"sv-SE\",\"@id\":\"https:\\\/\\\/beauty-4-you.se\\\/en\\\/product\\\/waxing-upper-lip\\\/#primaryimage\",\"url\":\"https:\\\/\\\/beauty-4-you.se\\\/wp-content\\\/uploads\\\/2021\\\/12\\\/Upper-lip.jpg\",\"contentUrl\":\"https:\\\/\\\/beauty-4-you.se\\\/wp-content\\\/uploads\\\/2021\\\/12\\\/Upper-lip.jpg\",\"width\":512,\"height\":341},{\"@type\":\"BreadcrumbList\",\"@id\":\"https:\\\/\\\/beauty-4-you.se\\\/en\\\/product\\\/waxing-upper-lip\\\/#breadcrumb\",\"itemListElement\":[{\"@type\":\"ListItem\",\"position\":1,\"name\":\"Home\",\"item\":\"https:\\\/\\\/beauty-4-you.se\\\/\"},{\"@type\":\"ListItem\",\"position\":2,\"name\":\"Products\",\"item\":\"https:\\\/\\\/beauty-4-you.se\\\/en\\\/shop\\\/\"},{\"@type\":\"ListItem\",\"position\":3,\"name\":\"Waxing Upper Lip\"}]},{\"@type\":\"WebSite\",\"@id\":\"https:\\\/\\\/beauty-4-you.se\\\/en\\\/#website\",\"url\":\"https:\\\/\\\/beauty-4-you.se\\\/en\\\/\",\"name\":\"Beauty 4 You\",\"description\":\"Because you deserve it!\",\"publisher\":{\"@id\":\"https:\\\/\\\/beauty-4-you.se\\\/en\\\/#organization\"},\"potentialAction\":[{\"@type\":\"SearchAction\",\"target\":{\"@type\":\"EntryPoint\",\"urlTemplate\":\"https:\\\/\\\/beauty-4-you.se\\\/en\\\/?s={search_term_string}\"},\"query-input\":{\"@type\":\"PropertyValueSpecification\",\"valueRequired\":true,\"valueName\":\"search_term_string\"}}],\"inLanguage\":\"sv-SE\"},{\"@type\":\"Organization\",\"@id\":\"https:\\\/\\\/beauty-4-you.se\\\/en\\\/#organization\",\"name\":\"Beauty 4 You\",\"alternateName\":\"Beauty 4 You Lule\u00e5\",\"url\":\"https:\\\/\\\/beauty-4-you.se\\\/en\\\/\",\"logo\":{\"@type\":\"ImageObject\",\"inLanguage\":\"sv-SE\",\"@id\":\"https:\\\/\\\/beauty-4-you.se\\\/en\\\/#\\\/schema\\\/logo\\\/image\\\/\",\"url\":\"https:\\\/\\\/beauty-4-you.se\\\/wp-content\\\/uploads\\\/2021\\\/11\\\/Logo-400x750-Elips-Burgundy-e1730722027193.png\",\"contentUrl\":\"https:\\\/\\\/beauty-4-you.se\\\/wp-content\\\/uploads\\\/2021\\\/11\\\/Logo-400x750-Elips-Burgundy-e1730722027193.png\",\"width\":281,\"height\":150,\"caption\":\"Beauty 4 You\"},\"image\":{\"@id\":\"https:\\\/\\\/beauty-4-you.se\\\/en\\\/#\\\/schema\\\/logo\\\/image\\\/\"},\"sameAs\":[\"https:\\\/\\\/www.facebook.com\\\/Alina.Beauty4You\",\"https:\\\/\\\/x.com\\\/Beauty4youLule\"]}]}<\/script>\n<!-- \/ Yoast SEO plugin. -->","yoast_head_json":{"title":"Waxing Upper Lip - Beauty 4 You","robots":{"index":"index","follow":"follow","max-snippet":"max-snippet:-1","max-image-preview":"max-image-preview:large","max-video-preview":"max-video-preview:-1"},"canonical":"https:\/\/beauty-4-you.se\/sv\/produkt\/waxing-upper-lip\/","og_locale":"sv_SE","og_type":"article","og_title":"Waxing Upper Lip - Beauty 4 You","og_description":"Waxing \u2013 Upper lip 5min  Christmas gift voucher waxing","og_url":"https:\/\/beauty-4-you.se\/sv\/produkt\/waxing-upper-lip\/","og_site_name":"Beauty 4 You","article_publisher":"https:\/\/www.facebook.com\/Alina.Beauty4You","article_modified_time":"2024-02-28T10:30:16+00:00","og_image":[{"width":512,"height":341,"url":"https:\/\/beauty-4-you.se\/wp-content\/uploads\/2021\/12\/Upper-lip.jpg","type":"image\/jpeg"}],"twitter_card":"summary_large_image","twitter_site":"@Beauty4youLule","schema":{"@context":"https:\/\/schema.org","@graph":[{"@type":"WebPage","@id":"https:\/\/beauty-4-you.se\/en\/product\/waxing-upper-lip\/","url":"https:\/\/beauty-4-you.se\/en\/product\/waxing-upper-lip\/","name":"Waxing Upper Lip - Beauty 4 You","isPartOf":{"@id":"https:\/\/beauty-4-you.se\/en\/#website"},"primaryImageOfPage":{"@id":"https:\/\/beauty-4-you.se\/en\/product\/waxing-upper-lip\/#primaryimage"},"image":{"@id":"https:\/\/beauty-4-you.se\/en\/product\/waxing-upper-lip\/#primaryimage"},"thumbnailUrl":"https:\/\/beauty-4-you.se\/wp-content\/uploads\/2021\/12\/Upper-lip.jpg","datePublished":"2021-12-09T17:54:13+00:00","dateModified":"2024-02-28T10:30:16+00:00","breadcrumb":{"@id":"https:\/\/beauty-4-you.se\/en\/product\/waxing-upper-lip\/#breadcrumb"},"inLanguage":"sv-SE","potentialAction":[{"@type":"ReadAction","target":["https:\/\/beauty-4-you.se\/en\/product\/waxing-upper-lip\/"]}]},{"@type":"ImageObject","inLanguage":"sv-SE","@id":"https:\/\/beauty-4-you.se\/en\/product\/waxing-upper-lip\/#primaryimage","url":"https:\/\/beauty-4-you.se\/wp-content\/uploads\/2021\/12\/Upper-lip.jpg","contentUrl":"https:\/\/beauty-4-you.se\/wp-content\/uploads\/2021\/12\/Upper-lip.jpg","width":512,"height":341},{"@type":"BreadcrumbList","@id":"https:\/\/beauty-4-you.se\/en\/product\/waxing-upper-lip\/#breadcrumb","itemListElement":[{"@type":"ListItem","position":1,"name":"Home","item":"https:\/\/beauty-4-you.se\/"},{"@type":"ListItem","position":2,"name":"Products","item":"https:\/\/beauty-4-you.se\/en\/shop\/"},{"@type":"ListItem","position":3,"name":"Waxing Upper Lip"}]},{"@type":"WebSite","@id":"https:\/\/beauty-4-you.se\/en\/#website","url":"https:\/\/beauty-4-you.se\/en\/","name":"Beauty 4 You","description":"F\u00f6r att du f\u00f6rtj\u00e4nar det!","publisher":{"@id":"https:\/\/beauty-4-you.se\/en\/#organization"},"potentialAction":[{"@type":"SearchAction","target":{"@type":"EntryPoint","urlTemplate":"https:\/\/beauty-4-you.se\/en\/?s={search_term_string}"},"query-input":{"@type":"PropertyValueSpecification","valueRequired":true,"valueName":"search_term_string"}}],"inLanguage":"sv-SE"},{"@type":"Organization","@id":"https:\/\/beauty-4-you.se\/en\/#organization","name":"Beauty 4 You","alternateName":"Beauty 4 You Lule\u00e5","url":"https:\/\/beauty-4-you.se\/en\/","logo":{"@type":"ImageObject","inLanguage":"sv-SE","@id":"https:\/\/beauty-4-you.se\/en\/#\/schema\/logo\/image\/","url":"https:\/\/beauty-4-you.se\/wp-content\/uploads\/2021\/11\/Logo-400x750-Elips-Burgundy-e1730722027193.png","contentUrl":"https:\/\/beauty-4-you.se\/wp-content\/uploads\/2021\/11\/Logo-400x750-Elips-Burgundy-e1730722027193.png","width":281,"height":150,"caption":"Beauty 4 You"},"image":{"@id":"https:\/\/beauty-4-you.se\/en\/#\/schema\/logo\/image\/"},"sameAs":["https:\/\/www.facebook.com\/Alina.Beauty4You","https:\/\/x.com\/Beauty4youLule"]}]}},"_links":{"self":[{"href":"https:\/\/beauty-4-you.se\/sv\/wp-json\/wp\/v2\/product\/30148","targetHints":{"allow":["GET"]}}],"collection":[{"href":"https:\/\/beauty-4-you.se\/sv\/wp-json\/wp\/v2\/product"}],"about":[{"href":"https:\/\/beauty-4-you.se\/sv\/wp-json\/wp\/v2\/types\/product"}],"replies":[{"embeddable":true,"href":"https:\/\/beauty-4-you.se\/sv\/wp-json\/wp\/v2\/comments?post=30148"}],"wp:featuredmedia":[{"embeddable":true,"href":"https:\/\/beauty-4-you.se\/sv\/wp-json\/wp\/v2\/media\/2465"}],"wp:attachment":[{"href":"https:\/\/beauty-4-you.se\/sv\/wp-json\/wp\/v2\/media?parent=30148"}],"wp:term":[{"taxonomy":"product_brand","embeddable":true,"href":"https:\/\/beauty-4-you.se\/sv\/wp-json\/wp\/v2\/product_brand?post=30148"},{"taxonomy":"product_cat","embeddable":true,"href":"https:\/\/beauty-4-you.se\/sv\/wp-json\/wp\/v2\/product_cat?post=30148"},{"taxonomy":"product_tag","embeddable":true,"href":"https:\/\/beauty-4-you.se\/sv\/wp-json\/wp\/v2\/product_tag?post=30148"}],"curies":[{"name":"wp","href":"https:\/\/api.w.org\/{rel}","templated":true}]}}