{"id":30080,"date":"2021-12-09T17:25:58","date_gmt":"2021-12-09T16:25:58","guid":{"rendered":"https:\/\/beauty-4-you.se\/?post_type=product&#038;p=30080"},"modified":"2024-02-28T11:37:45","modified_gmt":"2024-02-28T10:37:45","slug":"pedicure-men","status":"publish","type":"product","link":"https:\/\/beauty-4-you.se\/sv\/produkt\/pedicure-men\/","title":{"rendered":"Pedikyr m\u00e4n"},"content":{"rendered":"","protected":false},"excerpt":{"rendered":"<p>Spa Pedikyr Herrar 60min<\/p>\n<p>Julkort pedikyr<\/p>\n<p>En spa-pedikyr f\u00f6r m\u00e4n med extra tid p\u00e5 att ta bort d\u00f6d hud och mjukg\u00f6ra h\u00e5rd hud ist\u00e4llet f\u00f6r att applicera nagellack. Pedikyren reng\u00f6r och tar bort d\u00f6da hudceller fr\u00e5n f\u00f6tter och t\u00e5naglar genom en aromatisk exfolierande scrub, \u00e5terfuktande mask, gel\u00e9pedikyr och paraffindopp. I allm\u00e4nhet hj\u00e4lper de till att ta bort \u00f6verfl\u00f6dig d\u00f6d h\u00e5rd hud p\u00e5 fotsulorna. Dina nagelband mjukas upp och formas sedan.<br \/>\nBehandlingen avslutas med lite nagelbandsolja f\u00f6r att h\u00e5lla dina naglar n\u00e4rande och skyddade.<\/p>","protected":false},"featured_media":2473,"comment_status":"open","ping_status":"closed","template":"","meta":[],"product_brand":[],"product_cat":[92,91,103],"product_tag":[],"class_list":{"0":"post-30080","1":"product","2":"type-product","3":"status-publish","4":"has-post-thumbnail","6":"product_cat-christmas-gifts","7":"product_cat-gift-cards","8":"product_cat-pedicure-christmas-gifts","10":"first","11":"instock","12":"downloadable","13":"virtual","14":"taxable","15":"purchasable","16":"product-type-simple"},"yoast_head":"<!-- This site is optimized with the Yoast SEO plugin v27.5 - https:\/\/yoast.com\/product\/yoast-seo-wordpress\/ -->\n<title>Pedicure Men - Beauty 4 You<\/title>\n<meta name=\"robots\" content=\"index, follow, max-snippet:-1, max-image-preview:large, max-video-preview:-1\" \/>\n<link rel=\"canonical\" href=\"https:\/\/beauty-4-you.se\/sv\/produkt\/pedicure-men\/\" \/>\n<meta property=\"og:locale\" content=\"sv_SE\" \/>\n<meta property=\"og:type\" content=\"article\" \/>\n<meta property=\"og:title\" content=\"Pedicure Men - Beauty 4 You\" \/>\n<meta property=\"og:description\" content=\"Spa Pedicure Men 60min  Christmas voucher card pedicure  A Spa pedicure for men with extra time spent on removing dead skin and softening of hard skin instead of applying nail polish. The Pedicure cleans and removes the dead skin cells from the feet and toenails through an aromatic exfoliating scrub, hydrating mask, jelly pedicures and paraffin dips. In general, they will help to remove excess dead hard skin on the soles of your feet. Your cuticles will be softened and then shaped. The treatment will be finished with some cuticle oil to keep your nails nourished and protected.\" \/>\n<meta property=\"og:url\" content=\"https:\/\/beauty-4-you.se\/sv\/produkt\/pedicure-men\/\" \/>\n<meta property=\"og:site_name\" content=\"Beauty 4 You\" \/>\n<meta property=\"article:publisher\" content=\"https:\/\/www.facebook.com\/Alina.Beauty4You\" \/>\n<meta property=\"article:modified_time\" content=\"2024-02-28T10:37:45+00:00\" \/>\n<meta property=\"og:image\" content=\"https:\/\/beauty-4-you.se\/wp-content\/uploads\/2021\/12\/Mens-pedicure.jpg\" \/>\n\t<meta property=\"og:image:width\" content=\"1600\" \/>\n\t<meta property=\"og:image:height\" content=\"1600\" \/>\n\t<meta property=\"og:image:type\" content=\"image\/jpeg\" \/>\n<meta name=\"twitter:card\" content=\"summary_large_image\" \/>\n<meta name=\"twitter:site\" content=\"@Beauty4youLule\" \/>\n<script type=\"application\/ld+json\" class=\"yoast-schema-graph\">{\"@context\":\"https:\\\/\\\/schema.org\",\"@graph\":[{\"@type\":\"WebPage\",\"@id\":\"https:\\\/\\\/beauty-4-you.se\\\/en\\\/product\\\/pedicure-men\\\/\",\"url\":\"https:\\\/\\\/beauty-4-you.se\\\/en\\\/product\\\/pedicure-men\\\/\",\"name\":\"Pedicure Men - Beauty 4 You\",\"isPartOf\":{\"@id\":\"https:\\\/\\\/beauty-4-you.se\\\/en\\\/#website\"},\"primaryImageOfPage\":{\"@id\":\"https:\\\/\\\/beauty-4-you.se\\\/en\\\/product\\\/pedicure-men\\\/#primaryimage\"},\"image\":{\"@id\":\"https:\\\/\\\/beauty-4-you.se\\\/en\\\/product\\\/pedicure-men\\\/#primaryimage\"},\"thumbnailUrl\":\"https:\\\/\\\/beauty-4-you.se\\\/wp-content\\\/uploads\\\/2021\\\/12\\\/Mens-pedicure.jpg\",\"datePublished\":\"2021-12-09T16:25:58+00:00\",\"dateModified\":\"2024-02-28T10:37:45+00:00\",\"breadcrumb\":{\"@id\":\"https:\\\/\\\/beauty-4-you.se\\\/en\\\/product\\\/pedicure-men\\\/#breadcrumb\"},\"inLanguage\":\"sv-SE\",\"potentialAction\":[{\"@type\":\"ReadAction\",\"target\":[\"https:\\\/\\\/beauty-4-you.se\\\/en\\\/product\\\/pedicure-men\\\/\"]}]},{\"@type\":\"ImageObject\",\"inLanguage\":\"sv-SE\",\"@id\":\"https:\\\/\\\/beauty-4-you.se\\\/en\\\/product\\\/pedicure-men\\\/#primaryimage\",\"url\":\"https:\\\/\\\/beauty-4-you.se\\\/wp-content\\\/uploads\\\/2021\\\/12\\\/Mens-pedicure.jpg\",\"contentUrl\":\"https:\\\/\\\/beauty-4-you.se\\\/wp-content\\\/uploads\\\/2021\\\/12\\\/Mens-pedicure.jpg\",\"width\":1600,\"height\":1600,\"caption\":\"Mens pedicure foot care treatment at Beauty 4 You\"},{\"@type\":\"BreadcrumbList\",\"@id\":\"https:\\\/\\\/beauty-4-you.se\\\/en\\\/product\\\/pedicure-men\\\/#breadcrumb\",\"itemListElement\":[{\"@type\":\"ListItem\",\"position\":1,\"name\":\"Home\",\"item\":\"https:\\\/\\\/beauty-4-you.se\\\/en\\\/\"},{\"@type\":\"ListItem\",\"position\":2,\"name\":\"Products\",\"item\":\"https:\\\/\\\/beauty-4-you.se\\\/en\\\/shop\\\/\"},{\"@type\":\"ListItem\",\"position\":3,\"name\":\"Pedicure Men\"}]},{\"@type\":\"WebSite\",\"@id\":\"https:\\\/\\\/beauty-4-you.se\\\/en\\\/#website\",\"url\":\"https:\\\/\\\/beauty-4-you.se\\\/en\\\/\",\"name\":\"Beauty 4 You\",\"description\":\"Because you deserve it!\",\"publisher\":{\"@id\":\"https:\\\/\\\/beauty-4-you.se\\\/en\\\/#organization\"},\"potentialAction\":[{\"@type\":\"SearchAction\",\"target\":{\"@type\":\"EntryPoint\",\"urlTemplate\":\"https:\\\/\\\/beauty-4-you.se\\\/en\\\/?s={search_term_string}\"},\"query-input\":{\"@type\":\"PropertyValueSpecification\",\"valueRequired\":true,\"valueName\":\"search_term_string\"}}],\"inLanguage\":\"sv-SE\"},{\"@type\":\"Organization\",\"@id\":\"https:\\\/\\\/beauty-4-you.se\\\/en\\\/#organization\",\"name\":\"Beauty 4 You\",\"alternateName\":\"Beauty 4 You Lule\u00e5\",\"url\":\"https:\\\/\\\/beauty-4-you.se\\\/en\\\/\",\"logo\":{\"@type\":\"ImageObject\",\"inLanguage\":\"sv-SE\",\"@id\":\"https:\\\/\\\/beauty-4-you.se\\\/en\\\/#\\\/schema\\\/logo\\\/image\\\/\",\"url\":\"https:\\\/\\\/beauty-4-you.se\\\/wp-content\\\/uploads\\\/2021\\\/11\\\/Logo-400x750-Elips-Burgundy-e1730722027193.png\",\"contentUrl\":\"https:\\\/\\\/beauty-4-you.se\\\/wp-content\\\/uploads\\\/2021\\\/11\\\/Logo-400x750-Elips-Burgundy-e1730722027193.png\",\"width\":281,\"height\":150,\"caption\":\"Beauty 4 You\"},\"image\":{\"@id\":\"https:\\\/\\\/beauty-4-you.se\\\/en\\\/#\\\/schema\\\/logo\\\/image\\\/\"},\"sameAs\":[\"https:\\\/\\\/www.facebook.com\\\/Alina.Beauty4You\",\"https:\\\/\\\/x.com\\\/Beauty4youLule\"]}]}<\/script>\n<!-- \/ Yoast SEO plugin. -->","yoast_head_json":{"title":"Pedicure Men - Beauty 4 You","robots":{"index":"index","follow":"follow","max-snippet":"max-snippet:-1","max-image-preview":"max-image-preview:large","max-video-preview":"max-video-preview:-1"},"canonical":"https:\/\/beauty-4-you.se\/sv\/produkt\/pedicure-men\/","og_locale":"sv_SE","og_type":"article","og_title":"Pedicure Men - Beauty 4 You","og_description":"Spa Pedicure Men 60min  Christmas voucher card pedicure  A Spa pedicure for men with extra time spent on removing dead skin and softening of hard skin instead of applying nail polish. The Pedicure cleans and removes the dead skin cells from the feet and toenails through an aromatic exfoliating scrub, hydrating mask, jelly pedicures and paraffin dips. In general, they will help to remove excess dead hard skin on the soles of your feet. Your cuticles will be softened and then shaped. The treatment will be finished with some cuticle oil to keep your nails nourished and protected.","og_url":"https:\/\/beauty-4-you.se\/sv\/produkt\/pedicure-men\/","og_site_name":"Beauty 4 You","article_publisher":"https:\/\/www.facebook.com\/Alina.Beauty4You","article_modified_time":"2024-02-28T10:37:45+00:00","og_image":[{"width":1600,"height":1600,"url":"https:\/\/beauty-4-you.se\/wp-content\/uploads\/2021\/12\/Mens-pedicure.jpg","type":"image\/jpeg"}],"twitter_card":"summary_large_image","twitter_site":"@Beauty4youLule","schema":{"@context":"https:\/\/schema.org","@graph":[{"@type":"WebPage","@id":"https:\/\/beauty-4-you.se\/en\/product\/pedicure-men\/","url":"https:\/\/beauty-4-you.se\/en\/product\/pedicure-men\/","name":"Pedicure Men - Beauty 4 You","isPartOf":{"@id":"https:\/\/beauty-4-you.se\/en\/#website"},"primaryImageOfPage":{"@id":"https:\/\/beauty-4-you.se\/en\/product\/pedicure-men\/#primaryimage"},"image":{"@id":"https:\/\/beauty-4-you.se\/en\/product\/pedicure-men\/#primaryimage"},"thumbnailUrl":"https:\/\/beauty-4-you.se\/wp-content\/uploads\/2021\/12\/Mens-pedicure.jpg","datePublished":"2021-12-09T16:25:58+00:00","dateModified":"2024-02-28T10:37:45+00:00","breadcrumb":{"@id":"https:\/\/beauty-4-you.se\/en\/product\/pedicure-men\/#breadcrumb"},"inLanguage":"sv-SE","potentialAction":[{"@type":"ReadAction","target":["https:\/\/beauty-4-you.se\/en\/product\/pedicure-men\/"]}]},{"@type":"ImageObject","inLanguage":"sv-SE","@id":"https:\/\/beauty-4-you.se\/en\/product\/pedicure-men\/#primaryimage","url":"https:\/\/beauty-4-you.se\/wp-content\/uploads\/2021\/12\/Mens-pedicure.jpg","contentUrl":"https:\/\/beauty-4-you.se\/wp-content\/uploads\/2021\/12\/Mens-pedicure.jpg","width":1600,"height":1600,"caption":"Mens pedicure foot care treatment at Beauty 4 You"},{"@type":"BreadcrumbList","@id":"https:\/\/beauty-4-you.se\/en\/product\/pedicure-men\/#breadcrumb","itemListElement":[{"@type":"ListItem","position":1,"name":"Home","item":"https:\/\/beauty-4-you.se\/en\/"},{"@type":"ListItem","position":2,"name":"Products","item":"https:\/\/beauty-4-you.se\/en\/shop\/"},{"@type":"ListItem","position":3,"name":"Pedicure Men"}]},{"@type":"WebSite","@id":"https:\/\/beauty-4-you.se\/en\/#website","url":"https:\/\/beauty-4-you.se\/en\/","name":"Beauty 4 You","description":"F\u00f6r att du f\u00f6rtj\u00e4nar det!","publisher":{"@id":"https:\/\/beauty-4-you.se\/en\/#organization"},"potentialAction":[{"@type":"SearchAction","target":{"@type":"EntryPoint","urlTemplate":"https:\/\/beauty-4-you.se\/en\/?s={search_term_string}"},"query-input":{"@type":"PropertyValueSpecification","valueRequired":true,"valueName":"search_term_string"}}],"inLanguage":"sv-SE"},{"@type":"Organization","@id":"https:\/\/beauty-4-you.se\/en\/#organization","name":"Beauty 4 You","alternateName":"Beauty 4 You Lule\u00e5","url":"https:\/\/beauty-4-you.se\/en\/","logo":{"@type":"ImageObject","inLanguage":"sv-SE","@id":"https:\/\/beauty-4-you.se\/en\/#\/schema\/logo\/image\/","url":"https:\/\/beauty-4-you.se\/wp-content\/uploads\/2021\/11\/Logo-400x750-Elips-Burgundy-e1730722027193.png","contentUrl":"https:\/\/beauty-4-you.se\/wp-content\/uploads\/2021\/11\/Logo-400x750-Elips-Burgundy-e1730722027193.png","width":281,"height":150,"caption":"Beauty 4 You"},"image":{"@id":"https:\/\/beauty-4-you.se\/en\/#\/schema\/logo\/image\/"},"sameAs":["https:\/\/www.facebook.com\/Alina.Beauty4You","https:\/\/x.com\/Beauty4youLule"]}]}},"_links":{"self":[{"href":"https:\/\/beauty-4-you.se\/sv\/wp-json\/wp\/v2\/product\/30080","targetHints":{"allow":["GET"]}}],"collection":[{"href":"https:\/\/beauty-4-you.se\/sv\/wp-json\/wp\/v2\/product"}],"about":[{"href":"https:\/\/beauty-4-you.se\/sv\/wp-json\/wp\/v2\/types\/product"}],"replies":[{"embeddable":true,"href":"https:\/\/beauty-4-you.se\/sv\/wp-json\/wp\/v2\/comments?post=30080"}],"wp:featuredmedia":[{"embeddable":true,"href":"https:\/\/beauty-4-you.se\/sv\/wp-json\/wp\/v2\/media\/2473"}],"wp:attachment":[{"href":"https:\/\/beauty-4-you.se\/sv\/wp-json\/wp\/v2\/media?parent=30080"}],"wp:term":[{"taxonomy":"product_brand","embeddable":true,"href":"https:\/\/beauty-4-you.se\/sv\/wp-json\/wp\/v2\/product_brand?post=30080"},{"taxonomy":"product_cat","embeddable":true,"href":"https:\/\/beauty-4-you.se\/sv\/wp-json\/wp\/v2\/product_cat?post=30080"},{"taxonomy":"product_tag","embeddable":true,"href":"https:\/\/beauty-4-you.se\/sv\/wp-json\/wp\/v2\/product_tag?post=30080"}],"curies":[{"name":"wp","href":"https:\/\/api.w.org\/{rel}","templated":true}]}}