{"id":123781,"date":"2023-03-29T10:26:44","date_gmt":"2023-03-29T08:26:44","guid":{"rendered":"https:\/\/beauty-4-you.se\/?post_type=product&#038;p=123781"},"modified":"2025-04-25T21:17:48","modified_gmt":"2025-04-25T19:17:48","slug":"yon-ka-sensitive-creme-peaux-sensibles-50ml","status":"publish","type":"product","link":"https:\/\/beauty-4-you.se\/sv\/produkt\/yon-ka-sensitive-creme-peaux-sensibles-50ml\/","title":{"rendered":"Yon-Ka Sensitive Creme Peaux Sensibles 50ml"},"content":{"rendered":"","protected":false},"excerpt":{"rendered":"<p>Denna uts\u00f6kta kr\u00e4m ger huden lugn och v\u00e4lbefinnande. Den har utvecklats f\u00f6r att st\u00e4rka \u00f6mt\u00e5lig och hyperreaktiv hud. Yon-kas Sensibiotic complex \u00e4r en unik kombination av pre- och probiotika samt havsslemhinna, som tillsammans st\u00e4rker hudens naturliga f\u00f6rsvar och minskar irritation. F\u00f6r varje dag blir huden starkare och kan b\u00e4ttre hantera de milj\u00f6faktorer som leder till uttorkning (vind, kyla, luftkonditionering, \u2026). Besv\u00e4ren fr\u00e5n till exempel t\u00e4thet och kl\u00e5da minskar omedelbart och varar.<\/p>\n<p>Aktiva ingredienser: Sensibiotikakomplex (en kombination av pre- och probiotika och havsmomilla), sheasm\u00f6r, bisabolol, vegetabiliskt glycerin, squalan fr\u00e5n oliver och polysackarider rika p\u00e5 fukos.<\/p>","protected":false},"featured_media":123766,"comment_status":"open","ping_status":"closed","template":"","meta":[],"product_brand":[],"product_cat":[59,54],"product_tag":[],"class_list":{"0":"post-123781","1":"product","2":"type-product","3":"status-publish","4":"has-post-thumbnail","6":"product_cat-face-cream","7":"product_cat-products","8":"description-off","10":"first","11":"instock","12":"taxable","13":"shipping-taxable","14":"purchasable","15":"product-type-simple"},"yoast_head":"<!-- This site is optimized with the Yoast SEO plugin v27.5 - https:\/\/yoast.com\/product\/yoast-seo-wordpress\/ -->\n<title>Yon-Ka Sensitive Creme Peaux Sensibles 50ml - Beauty 4 You<\/title>\n<meta name=\"robots\" content=\"index, follow, max-snippet:-1, max-image-preview:large, max-video-preview:-1\" \/>\n<link rel=\"canonical\" href=\"https:\/\/beauty-4-you.se\/sv\/produkt\/yon-ka-sensitive-creme-peaux-sensibles-50ml\/\" \/>\n<meta property=\"og:locale\" content=\"sv_SE\" \/>\n<meta property=\"og:type\" content=\"article\" \/>\n<meta property=\"og:title\" content=\"Yon-Ka Sensitive Creme Peaux Sensibles 50ml - Beauty 4 You\" \/>\n<meta property=\"og:description\" content=\"This exquisite cream gives the skin calm and well-being. It has been developed to strengthen fragile and hyper-reactive skin. Yon-kas Sensibiotic complex is a unique combination of pre- and probiotics as well as sea mucosa, which together strengthen the skin&#039;s natural defense and reduces irritation. For each day, the skin becomes stronger and can better handle the environmental factors that lead to dehydration (wind, cooling, air conditioning, ...). The discomfort from, for example, tightness and itching is reduced immediately and lasting.  Active ingredients: Sensibiotic complex (a combination of pre- and probiotics and sea momilla), shea butter, bisabolol, vegetable glycerin, squalane from olives and polysaccharides rich in fukos.\" \/>\n<meta property=\"og:url\" content=\"https:\/\/beauty-4-you.se\/sv\/produkt\/yon-ka-sensitive-creme-peaux-sensibles-50ml\/\" \/>\n<meta property=\"og:site_name\" content=\"Beauty 4 You\" \/>\n<meta property=\"article:publisher\" content=\"https:\/\/www.facebook.com\/Alina.Beauty4You\" \/>\n<meta property=\"article:modified_time\" content=\"2025-04-25T19:17:48+00:00\" \/>\n<meta property=\"og:image\" content=\"https:\/\/beauty-4-you.se\/wp-content\/uploads\/2023\/03\/Yon-Ka-Sensitive-Creme-1500x1500-1.webp\" \/>\n\t<meta property=\"og:image:width\" content=\"1500\" \/>\n\t<meta property=\"og:image:height\" content=\"1500\" \/>\n\t<meta property=\"og:image:type\" content=\"image\/webp\" \/>\n<meta name=\"twitter:card\" content=\"summary_large_image\" \/>\n<meta name=\"twitter:site\" content=\"@Beauty4youLule\" \/>\n<script type=\"application\/ld+json\" class=\"yoast-schema-graph\">{\"@context\":\"https:\\\/\\\/schema.org\",\"@graph\":[{\"@type\":\"WebPage\",\"@id\":\"https:\\\/\\\/beauty-4-you.se\\\/en\\\/product\\\/yon-ka-sensitive-creme-peaux-sensibles-50ml\\\/\",\"url\":\"https:\\\/\\\/beauty-4-you.se\\\/en\\\/product\\\/yon-ka-sensitive-creme-peaux-sensibles-50ml\\\/\",\"name\":\"Yon-Ka Sensitive Creme Peaux Sensibles 50ml - Beauty 4 You\",\"isPartOf\":{\"@id\":\"https:\\\/\\\/beauty-4-you.se\\\/en\\\/#website\"},\"primaryImageOfPage\":{\"@id\":\"https:\\\/\\\/beauty-4-you.se\\\/en\\\/product\\\/yon-ka-sensitive-creme-peaux-sensibles-50ml\\\/#primaryimage\"},\"image\":{\"@id\":\"https:\\\/\\\/beauty-4-you.se\\\/en\\\/product\\\/yon-ka-sensitive-creme-peaux-sensibles-50ml\\\/#primaryimage\"},\"thumbnailUrl\":\"https:\\\/\\\/beauty-4-you.se\\\/wp-content\\\/uploads\\\/2023\\\/03\\\/Yon-Ka-Sensitive-Creme-1500x1500-1.webp\",\"datePublished\":\"2023-03-29T08:26:44+00:00\",\"dateModified\":\"2025-04-25T19:17:48+00:00\",\"breadcrumb\":{\"@id\":\"https:\\\/\\\/beauty-4-you.se\\\/en\\\/product\\\/yon-ka-sensitive-creme-peaux-sensibles-50ml\\\/#breadcrumb\"},\"inLanguage\":\"sv-SE\",\"potentialAction\":[{\"@type\":\"ReadAction\",\"target\":[\"https:\\\/\\\/beauty-4-you.se\\\/en\\\/product\\\/yon-ka-sensitive-creme-peaux-sensibles-50ml\\\/\"]}]},{\"@type\":\"ImageObject\",\"inLanguage\":\"sv-SE\",\"@id\":\"https:\\\/\\\/beauty-4-you.se\\\/en\\\/product\\\/yon-ka-sensitive-creme-peaux-sensibles-50ml\\\/#primaryimage\",\"url\":\"https:\\\/\\\/beauty-4-you.se\\\/wp-content\\\/uploads\\\/2023\\\/03\\\/Yon-Ka-Sensitive-Creme-1500x1500-1.webp\",\"contentUrl\":\"https:\\\/\\\/beauty-4-you.se\\\/wp-content\\\/uploads\\\/2023\\\/03\\\/Yon-Ka-Sensitive-Creme-1500x1500-1.webp\",\"width\":1500,\"height\":1500,\"caption\":\"Yon-Ka Sensitive Cr\u00e8me 50ml calming moisturiser\"},{\"@type\":\"BreadcrumbList\",\"@id\":\"https:\\\/\\\/beauty-4-you.se\\\/en\\\/product\\\/yon-ka-sensitive-creme-peaux-sensibles-50ml\\\/#breadcrumb\",\"itemListElement\":[{\"@type\":\"ListItem\",\"position\":1,\"name\":\"Home\",\"item\":\"https:\\\/\\\/beauty-4-you.se\\\/\"},{\"@type\":\"ListItem\",\"position\":2,\"name\":\"Products\",\"item\":\"https:\\\/\\\/beauty-4-you.se\\\/en\\\/shop\\\/\"},{\"@type\":\"ListItem\",\"position\":3,\"name\":\"Yon-Ka Sensitive Creme Peaux Sensibles 50ml\"}]},{\"@type\":\"WebSite\",\"@id\":\"https:\\\/\\\/beauty-4-you.se\\\/en\\\/#website\",\"url\":\"https:\\\/\\\/beauty-4-you.se\\\/en\\\/\",\"name\":\"Beauty 4 You\",\"description\":\"Because you deserve it!\",\"publisher\":{\"@id\":\"https:\\\/\\\/beauty-4-you.se\\\/en\\\/#organization\"},\"potentialAction\":[{\"@type\":\"SearchAction\",\"target\":{\"@type\":\"EntryPoint\",\"urlTemplate\":\"https:\\\/\\\/beauty-4-you.se\\\/en\\\/?s={search_term_string}\"},\"query-input\":{\"@type\":\"PropertyValueSpecification\",\"valueRequired\":true,\"valueName\":\"search_term_string\"}}],\"inLanguage\":\"sv-SE\"},{\"@type\":\"Organization\",\"@id\":\"https:\\\/\\\/beauty-4-you.se\\\/en\\\/#organization\",\"name\":\"Beauty 4 You\",\"alternateName\":\"Beauty 4 You Lule\u00e5\",\"url\":\"https:\\\/\\\/beauty-4-you.se\\\/en\\\/\",\"logo\":{\"@type\":\"ImageObject\",\"inLanguage\":\"sv-SE\",\"@id\":\"https:\\\/\\\/beauty-4-you.se\\\/en\\\/#\\\/schema\\\/logo\\\/image\\\/\",\"url\":\"https:\\\/\\\/beauty-4-you.se\\\/wp-content\\\/uploads\\\/2021\\\/11\\\/Logo-400x750-Elips-Burgundy-e1730722027193.png\",\"contentUrl\":\"https:\\\/\\\/beauty-4-you.se\\\/wp-content\\\/uploads\\\/2021\\\/11\\\/Logo-400x750-Elips-Burgundy-e1730722027193.png\",\"width\":281,\"height\":150,\"caption\":\"Beauty 4 You\"},\"image\":{\"@id\":\"https:\\\/\\\/beauty-4-you.se\\\/en\\\/#\\\/schema\\\/logo\\\/image\\\/\"},\"sameAs\":[\"https:\\\/\\\/www.facebook.com\\\/Alina.Beauty4You\",\"https:\\\/\\\/x.com\\\/Beauty4youLule\"]}]}<\/script>\n<!-- \/ Yoast SEO plugin. -->","yoast_head_json":{"title":"Yon-Ka Sensitive Creme Peaux Sensibles 50ml - Beauty 4 You","robots":{"index":"index","follow":"follow","max-snippet":"max-snippet:-1","max-image-preview":"max-image-preview:large","max-video-preview":"max-video-preview:-1"},"canonical":"https:\/\/beauty-4-you.se\/sv\/produkt\/yon-ka-sensitive-creme-peaux-sensibles-50ml\/","og_locale":"sv_SE","og_type":"article","og_title":"Yon-Ka Sensitive Creme Peaux Sensibles 50ml - Beauty 4 You","og_description":"This exquisite cream gives the skin calm and well-being. It has been developed to strengthen fragile and hyper-reactive skin. Yon-kas Sensibiotic complex is a unique combination of pre- and probiotics as well as sea mucosa, which together strengthen the skin's natural defense and reduces irritation. For each day, the skin becomes stronger and can better handle the environmental factors that lead to dehydration (wind, cooling, air conditioning, ...). The discomfort from, for example, tightness and itching is reduced immediately and lasting.  Active ingredients: Sensibiotic complex (a combination of pre- and probiotics and sea momilla), shea butter, bisabolol, vegetable glycerin, squalane from olives and polysaccharides rich in fukos.","og_url":"https:\/\/beauty-4-you.se\/sv\/produkt\/yon-ka-sensitive-creme-peaux-sensibles-50ml\/","og_site_name":"Beauty 4 You","article_publisher":"https:\/\/www.facebook.com\/Alina.Beauty4You","article_modified_time":"2025-04-25T19:17:48+00:00","og_image":[{"width":1500,"height":1500,"url":"https:\/\/beauty-4-you.se\/wp-content\/uploads\/2023\/03\/Yon-Ka-Sensitive-Creme-1500x1500-1.webp","type":"image\/webp"}],"twitter_card":"summary_large_image","twitter_site":"@Beauty4youLule","schema":{"@context":"https:\/\/schema.org","@graph":[{"@type":"WebPage","@id":"https:\/\/beauty-4-you.se\/en\/product\/yon-ka-sensitive-creme-peaux-sensibles-50ml\/","url":"https:\/\/beauty-4-you.se\/en\/product\/yon-ka-sensitive-creme-peaux-sensibles-50ml\/","name":"Yon-Ka Sensitive Creme Peaux Sensibles 50ml - Beauty 4 You","isPartOf":{"@id":"https:\/\/beauty-4-you.se\/en\/#website"},"primaryImageOfPage":{"@id":"https:\/\/beauty-4-you.se\/en\/product\/yon-ka-sensitive-creme-peaux-sensibles-50ml\/#primaryimage"},"image":{"@id":"https:\/\/beauty-4-you.se\/en\/product\/yon-ka-sensitive-creme-peaux-sensibles-50ml\/#primaryimage"},"thumbnailUrl":"https:\/\/beauty-4-you.se\/wp-content\/uploads\/2023\/03\/Yon-Ka-Sensitive-Creme-1500x1500-1.webp","datePublished":"2023-03-29T08:26:44+00:00","dateModified":"2025-04-25T19:17:48+00:00","breadcrumb":{"@id":"https:\/\/beauty-4-you.se\/en\/product\/yon-ka-sensitive-creme-peaux-sensibles-50ml\/#breadcrumb"},"inLanguage":"sv-SE","potentialAction":[{"@type":"ReadAction","target":["https:\/\/beauty-4-you.se\/en\/product\/yon-ka-sensitive-creme-peaux-sensibles-50ml\/"]}]},{"@type":"ImageObject","inLanguage":"sv-SE","@id":"https:\/\/beauty-4-you.se\/en\/product\/yon-ka-sensitive-creme-peaux-sensibles-50ml\/#primaryimage","url":"https:\/\/beauty-4-you.se\/wp-content\/uploads\/2023\/03\/Yon-Ka-Sensitive-Creme-1500x1500-1.webp","contentUrl":"https:\/\/beauty-4-you.se\/wp-content\/uploads\/2023\/03\/Yon-Ka-Sensitive-Creme-1500x1500-1.webp","width":1500,"height":1500,"caption":"Yon-Ka Sensitive Cr\u00e8me 50ml calming moisturiser"},{"@type":"BreadcrumbList","@id":"https:\/\/beauty-4-you.se\/en\/product\/yon-ka-sensitive-creme-peaux-sensibles-50ml\/#breadcrumb","itemListElement":[{"@type":"ListItem","position":1,"name":"Home","item":"https:\/\/beauty-4-you.se\/"},{"@type":"ListItem","position":2,"name":"Products","item":"https:\/\/beauty-4-you.se\/en\/shop\/"},{"@type":"ListItem","position":3,"name":"Yon-Ka Sensitive Creme Peaux Sensibles 50ml"}]},{"@type":"WebSite","@id":"https:\/\/beauty-4-you.se\/en\/#website","url":"https:\/\/beauty-4-you.se\/en\/","name":"Beauty 4 You","description":"F\u00f6r att du f\u00f6rtj\u00e4nar det!","publisher":{"@id":"https:\/\/beauty-4-you.se\/en\/#organization"},"potentialAction":[{"@type":"SearchAction","target":{"@type":"EntryPoint","urlTemplate":"https:\/\/beauty-4-you.se\/en\/?s={search_term_string}"},"query-input":{"@type":"PropertyValueSpecification","valueRequired":true,"valueName":"search_term_string"}}],"inLanguage":"sv-SE"},{"@type":"Organization","@id":"https:\/\/beauty-4-you.se\/en\/#organization","name":"Beauty 4 You","alternateName":"Beauty 4 You Lule\u00e5","url":"https:\/\/beauty-4-you.se\/en\/","logo":{"@type":"ImageObject","inLanguage":"sv-SE","@id":"https:\/\/beauty-4-you.se\/en\/#\/schema\/logo\/image\/","url":"https:\/\/beauty-4-you.se\/wp-content\/uploads\/2021\/11\/Logo-400x750-Elips-Burgundy-e1730722027193.png","contentUrl":"https:\/\/beauty-4-you.se\/wp-content\/uploads\/2021\/11\/Logo-400x750-Elips-Burgundy-e1730722027193.png","width":281,"height":150,"caption":"Beauty 4 You"},"image":{"@id":"https:\/\/beauty-4-you.se\/en\/#\/schema\/logo\/image\/"},"sameAs":["https:\/\/www.facebook.com\/Alina.Beauty4You","https:\/\/x.com\/Beauty4youLule"]}]}},"_links":{"self":[{"href":"https:\/\/beauty-4-you.se\/sv\/wp-json\/wp\/v2\/product\/123781","targetHints":{"allow":["GET"]}}],"collection":[{"href":"https:\/\/beauty-4-you.se\/sv\/wp-json\/wp\/v2\/product"}],"about":[{"href":"https:\/\/beauty-4-you.se\/sv\/wp-json\/wp\/v2\/types\/product"}],"replies":[{"embeddable":true,"href":"https:\/\/beauty-4-you.se\/sv\/wp-json\/wp\/v2\/comments?post=123781"}],"wp:featuredmedia":[{"embeddable":true,"href":"https:\/\/beauty-4-you.se\/sv\/wp-json\/wp\/v2\/media\/123766"}],"wp:attachment":[{"href":"https:\/\/beauty-4-you.se\/sv\/wp-json\/wp\/v2\/media?parent=123781"}],"wp:term":[{"taxonomy":"product_brand","embeddable":true,"href":"https:\/\/beauty-4-you.se\/sv\/wp-json\/wp\/v2\/product_brand?post=123781"},{"taxonomy":"product_cat","embeddable":true,"href":"https:\/\/beauty-4-you.se\/sv\/wp-json\/wp\/v2\/product_cat?post=123781"},{"taxonomy":"product_tag","embeddable":true,"href":"https:\/\/beauty-4-you.se\/sv\/wp-json\/wp\/v2\/product_tag?post=123781"}],"curies":[{"name":"wp","href":"https:\/\/api.w.org\/{rel}","templated":true}]}}