{"id":123779,"date":"2023-03-29T10:13:48","date_gmt":"2023-03-29T08:13:48","guid":{"rendered":"https:\/\/beauty-4-you.se\/?post_type=product&#038;p=123779"},"modified":"2023-03-29T10:13:49","modified_gmt":"2023-03-29T08:13:49","slug":"yon-ka-sos-spot-roll-on","status":"publish","type":"product","link":"https:\/\/beauty-4-you.se\/sv\/produkt\/yon-ka-sos-spot-roll-on\/","title":{"rendered":"Yon-Ka SOS Spot Roll-On"},"content":{"rendered":"","protected":false},"excerpt":{"rendered":"<section class=\"productFullDetail-description-1uD productFullDetail-section-3en\">\n<div class=\"productFullDetail-descriptionFull-vp0\">\n<div class=\"richContent-root-3wP\">Denna SOS Spot roll-on \u00e4r den perfekta allierade f\u00f6r att synligt och varaktigt neutralisera hudfel. Den inneh\u00e5ller extremt kraftfulla aktiva ingredienser f\u00f6r ett snabbt och synligt resultat. Dess kulspets av medicinsk kvalitet till\u00e5ter en m\u00e5linriktad applicering f\u00f6r att f\u00e5 defekter att f\u00f6rsvinna p\u00e5 24 timmar*. Dess praktiska storlek g\u00f6r att du kan ta den med dig \u00f6verallt f\u00f6r en effektiv \u00e5tg\u00e4rd n\u00e4r som helst p\u00e5 dygnet.<br \/>\nRekommenderas f\u00f6r alla hudtyper och alla \u00e5ldrar, det \u00e4r ett m\u00e5ste i v\u00e4skan eller fickan.<\/p>\n<p>S\u00e5 en fl\u00e4ck st\u00f6r dig p\u00e5 morgonen? Applicera din SOS Spot Roll-On och se till att fl\u00e4cken f\u00f6rsvinner inom 24 timmar!*<\/p><\/div>\n<\/div>\n<\/section>\n<div class=\"productFullDetail-productKeyPoints-2_K\">\n<div class=\"richContent-root-3wP\">\n<ul>\n<li>Inneh\u00e5ller 95% ingredienser av naturligt ursprung<\/li>\n<li>Fl\u00e4ckar f\u00f6rsvinner inom 24 timmar*<\/li>\n<li>Huden \u00e4r sl\u00e4tare och klarare<\/li>\n<\/ul>\n<\/div>\n<\/div>","protected":false},"featured_media":123767,"comment_status":"open","ping_status":"closed","template":"","meta":[],"product_brand":[],"product_cat":[59,54],"product_tag":[],"class_list":{"0":"post-123779","1":"product","2":"type-product","3":"status-publish","4":"has-post-thumbnail","6":"product_cat-face-cream","7":"product_cat-products","8":"description-off","10":"first","11":"instock","12":"taxable","13":"shipping-taxable","14":"purchasable","15":"product-type-simple"},"yoast_head":"<!-- This site is optimized with the Yoast SEO plugin v27.5 - https:\/\/yoast.com\/product\/yoast-seo-wordpress\/ -->\n<title>Yon-Ka SOS Spot Roll-On - Beauty 4 You<\/title>\n<meta name=\"robots\" content=\"index, follow, max-snippet:-1, max-image-preview:large, max-video-preview:-1\" \/>\n<link rel=\"canonical\" href=\"https:\/\/beauty-4-you.se\/sv\/produkt\/yon-ka-sos-spot-roll-on\/\" \/>\n<meta property=\"og:locale\" content=\"sv_SE\" \/>\n<meta property=\"og:type\" content=\"article\" \/>\n<meta property=\"og:title\" content=\"Yon-Ka SOS Spot Roll-On - Beauty 4 You\" \/>\n<meta property=\"og:description\" content=\"This SOS Spot roll-on is the perfect ally to visibly and durably neutralise skin imperfections. It contains ultra-powerful active ingredients for a quick and visible result. Its medical grade steel ball tip allows a targeted application to make imperfections disappear in 24 hours*. Its practical size allows you to take it everywhere with you for an effective action at any time of the day. Recommended for all skin types and all ages, it is the must have in your bag or pocket.  So a blemish is bothering you in the morning? Apply your SOS Spot Roll-On and make that blemish disappear in 24 hours!*       Contains 95% ingredients of natural origin  Blemishes disappear in 24 hours*  Skin is smoother and clearer\" \/>\n<meta property=\"og:url\" content=\"https:\/\/beauty-4-you.se\/sv\/produkt\/yon-ka-sos-spot-roll-on\/\" \/>\n<meta property=\"og:site_name\" content=\"Beauty 4 You\" \/>\n<meta property=\"article:publisher\" content=\"https:\/\/www.facebook.com\/Alina.Beauty4You\" \/>\n<meta property=\"article:modified_time\" content=\"2023-03-29T08:13:49+00:00\" \/>\n<meta property=\"og:image\" content=\"https:\/\/beauty-4-you.se\/wp-content\/uploads\/2023\/03\/Yon-Ka-SOS-Spot-Rollon-1500x1500-1.webp\" \/>\n\t<meta property=\"og:image:width\" content=\"420\" \/>\n\t<meta property=\"og:image:height\" content=\"420\" \/>\n\t<meta property=\"og:image:type\" content=\"image\/webp\" \/>\n<meta name=\"twitter:card\" content=\"summary_large_image\" \/>\n<meta name=\"twitter:site\" content=\"@Beauty4youLule\" \/>\n<script type=\"application\/ld+json\" class=\"yoast-schema-graph\">{\"@context\":\"https:\\\/\\\/schema.org\",\"@graph\":[{\"@type\":\"WebPage\",\"@id\":\"https:\\\/\\\/beauty-4-you.se\\\/en\\\/product\\\/yon-ka-sos-spot-roll-on\\\/\",\"url\":\"https:\\\/\\\/beauty-4-you.se\\\/en\\\/product\\\/yon-ka-sos-spot-roll-on\\\/\",\"name\":\"Yon-Ka SOS Spot Roll-On - Beauty 4 You\",\"isPartOf\":{\"@id\":\"https:\\\/\\\/beauty-4-you.se\\\/en\\\/#website\"},\"primaryImageOfPage\":{\"@id\":\"https:\\\/\\\/beauty-4-you.se\\\/en\\\/product\\\/yon-ka-sos-spot-roll-on\\\/#primaryimage\"},\"image\":{\"@id\":\"https:\\\/\\\/beauty-4-you.se\\\/en\\\/product\\\/yon-ka-sos-spot-roll-on\\\/#primaryimage\"},\"thumbnailUrl\":\"https:\\\/\\\/beauty-4-you.se\\\/wp-content\\\/uploads\\\/2023\\\/03\\\/Yon-Ka-SOS-Spot-Rollon-1500x1500-1.webp\",\"datePublished\":\"2023-03-29T08:13:48+00:00\",\"dateModified\":\"2023-03-29T08:13:49+00:00\",\"breadcrumb\":{\"@id\":\"https:\\\/\\\/beauty-4-you.se\\\/en\\\/product\\\/yon-ka-sos-spot-roll-on\\\/#breadcrumb\"},\"inLanguage\":\"sv-SE\",\"potentialAction\":[{\"@type\":\"ReadAction\",\"target\":[\"https:\\\/\\\/beauty-4-you.se\\\/en\\\/product\\\/yon-ka-sos-spot-roll-on\\\/\"]}]},{\"@type\":\"ImageObject\",\"inLanguage\":\"sv-SE\",\"@id\":\"https:\\\/\\\/beauty-4-you.se\\\/en\\\/product\\\/yon-ka-sos-spot-roll-on\\\/#primaryimage\",\"url\":\"https:\\\/\\\/beauty-4-you.se\\\/wp-content\\\/uploads\\\/2023\\\/03\\\/Yon-Ka-SOS-Spot-Rollon-1500x1500-1.webp\",\"contentUrl\":\"https:\\\/\\\/beauty-4-you.se\\\/wp-content\\\/uploads\\\/2023\\\/03\\\/Yon-Ka-SOS-Spot-Rollon-1500x1500-1.webp\",\"width\":420,\"height\":420,\"caption\":\"Yon-Ka SOS Spot Roll-on blemish treatment product\"},{\"@type\":\"BreadcrumbList\",\"@id\":\"https:\\\/\\\/beauty-4-you.se\\\/en\\\/product\\\/yon-ka-sos-spot-roll-on\\\/#breadcrumb\",\"itemListElement\":[{\"@type\":\"ListItem\",\"position\":1,\"name\":\"Home\",\"item\":\"https:\\\/\\\/beauty-4-you.se\\\/\"},{\"@type\":\"ListItem\",\"position\":2,\"name\":\"Products\",\"item\":\"https:\\\/\\\/beauty-4-you.se\\\/en\\\/shop\\\/\"},{\"@type\":\"ListItem\",\"position\":3,\"name\":\"Yon-Ka SOS Spot Roll-On\"}]},{\"@type\":\"WebSite\",\"@id\":\"https:\\\/\\\/beauty-4-you.se\\\/en\\\/#website\",\"url\":\"https:\\\/\\\/beauty-4-you.se\\\/en\\\/\",\"name\":\"Beauty 4 You\",\"description\":\"Because you deserve it!\",\"publisher\":{\"@id\":\"https:\\\/\\\/beauty-4-you.se\\\/en\\\/#organization\"},\"potentialAction\":[{\"@type\":\"SearchAction\",\"target\":{\"@type\":\"EntryPoint\",\"urlTemplate\":\"https:\\\/\\\/beauty-4-you.se\\\/en\\\/?s={search_term_string}\"},\"query-input\":{\"@type\":\"PropertyValueSpecification\",\"valueRequired\":true,\"valueName\":\"search_term_string\"}}],\"inLanguage\":\"sv-SE\"},{\"@type\":\"Organization\",\"@id\":\"https:\\\/\\\/beauty-4-you.se\\\/en\\\/#organization\",\"name\":\"Beauty 4 You\",\"alternateName\":\"Beauty 4 You Lule\u00e5\",\"url\":\"https:\\\/\\\/beauty-4-you.se\\\/en\\\/\",\"logo\":{\"@type\":\"ImageObject\",\"inLanguage\":\"sv-SE\",\"@id\":\"https:\\\/\\\/beauty-4-you.se\\\/en\\\/#\\\/schema\\\/logo\\\/image\\\/\",\"url\":\"https:\\\/\\\/beauty-4-you.se\\\/wp-content\\\/uploads\\\/2021\\\/11\\\/Logo-400x750-Elips-Burgundy-e1730722027193.png\",\"contentUrl\":\"https:\\\/\\\/beauty-4-you.se\\\/wp-content\\\/uploads\\\/2021\\\/11\\\/Logo-400x750-Elips-Burgundy-e1730722027193.png\",\"width\":281,\"height\":150,\"caption\":\"Beauty 4 You\"},\"image\":{\"@id\":\"https:\\\/\\\/beauty-4-you.se\\\/en\\\/#\\\/schema\\\/logo\\\/image\\\/\"},\"sameAs\":[\"https:\\\/\\\/www.facebook.com\\\/Alina.Beauty4You\",\"https:\\\/\\\/x.com\\\/Beauty4youLule\"]}]}<\/script>\n<!-- \/ Yoast SEO plugin. -->","yoast_head_json":{"title":"Yon-Ka SOS Spot Roll-On - Beauty 4 You","robots":{"index":"index","follow":"follow","max-snippet":"max-snippet:-1","max-image-preview":"max-image-preview:large","max-video-preview":"max-video-preview:-1"},"canonical":"https:\/\/beauty-4-you.se\/sv\/produkt\/yon-ka-sos-spot-roll-on\/","og_locale":"sv_SE","og_type":"article","og_title":"Yon-Ka SOS Spot Roll-On - Beauty 4 You","og_description":"This SOS Spot roll-on is the perfect ally to visibly and durably neutralise skin imperfections. It contains ultra-powerful active ingredients for a quick and visible result. Its medical grade steel ball tip allows a targeted application to make imperfections disappear in 24 hours*. Its practical size allows you to take it everywhere with you for an effective action at any time of the day. Recommended for all skin types and all ages, it is the must have in your bag or pocket.  So a blemish is bothering you in the morning? Apply your SOS Spot Roll-On and make that blemish disappear in 24 hours!*       Contains 95% ingredients of natural origin  Blemishes disappear in 24 hours*  Skin is smoother and clearer","og_url":"https:\/\/beauty-4-you.se\/sv\/produkt\/yon-ka-sos-spot-roll-on\/","og_site_name":"Beauty 4 You","article_publisher":"https:\/\/www.facebook.com\/Alina.Beauty4You","article_modified_time":"2023-03-29T08:13:49+00:00","og_image":[{"width":420,"height":420,"url":"https:\/\/beauty-4-you.se\/wp-content\/uploads\/2023\/03\/Yon-Ka-SOS-Spot-Rollon-1500x1500-1.webp","type":"image\/webp"}],"twitter_card":"summary_large_image","twitter_site":"@Beauty4youLule","schema":{"@context":"https:\/\/schema.org","@graph":[{"@type":"WebPage","@id":"https:\/\/beauty-4-you.se\/en\/product\/yon-ka-sos-spot-roll-on\/","url":"https:\/\/beauty-4-you.se\/en\/product\/yon-ka-sos-spot-roll-on\/","name":"Yon-Ka SOS Spot Roll-On - Beauty 4 You","isPartOf":{"@id":"https:\/\/beauty-4-you.se\/en\/#website"},"primaryImageOfPage":{"@id":"https:\/\/beauty-4-you.se\/en\/product\/yon-ka-sos-spot-roll-on\/#primaryimage"},"image":{"@id":"https:\/\/beauty-4-you.se\/en\/product\/yon-ka-sos-spot-roll-on\/#primaryimage"},"thumbnailUrl":"https:\/\/beauty-4-you.se\/wp-content\/uploads\/2023\/03\/Yon-Ka-SOS-Spot-Rollon-1500x1500-1.webp","datePublished":"2023-03-29T08:13:48+00:00","dateModified":"2023-03-29T08:13:49+00:00","breadcrumb":{"@id":"https:\/\/beauty-4-you.se\/en\/product\/yon-ka-sos-spot-roll-on\/#breadcrumb"},"inLanguage":"sv-SE","potentialAction":[{"@type":"ReadAction","target":["https:\/\/beauty-4-you.se\/en\/product\/yon-ka-sos-spot-roll-on\/"]}]},{"@type":"ImageObject","inLanguage":"sv-SE","@id":"https:\/\/beauty-4-you.se\/en\/product\/yon-ka-sos-spot-roll-on\/#primaryimage","url":"https:\/\/beauty-4-you.se\/wp-content\/uploads\/2023\/03\/Yon-Ka-SOS-Spot-Rollon-1500x1500-1.webp","contentUrl":"https:\/\/beauty-4-you.se\/wp-content\/uploads\/2023\/03\/Yon-Ka-SOS-Spot-Rollon-1500x1500-1.webp","width":420,"height":420,"caption":"Yon-Ka SOS Spot Roll-on blemish treatment product"},{"@type":"BreadcrumbList","@id":"https:\/\/beauty-4-you.se\/en\/product\/yon-ka-sos-spot-roll-on\/#breadcrumb","itemListElement":[{"@type":"ListItem","position":1,"name":"Home","item":"https:\/\/beauty-4-you.se\/"},{"@type":"ListItem","position":2,"name":"Products","item":"https:\/\/beauty-4-you.se\/en\/shop\/"},{"@type":"ListItem","position":3,"name":"Yon-Ka SOS Spot Roll-On"}]},{"@type":"WebSite","@id":"https:\/\/beauty-4-you.se\/en\/#website","url":"https:\/\/beauty-4-you.se\/en\/","name":"Beauty 4 You","description":"F\u00f6r att du f\u00f6rtj\u00e4nar det!","publisher":{"@id":"https:\/\/beauty-4-you.se\/en\/#organization"},"potentialAction":[{"@type":"SearchAction","target":{"@type":"EntryPoint","urlTemplate":"https:\/\/beauty-4-you.se\/en\/?s={search_term_string}"},"query-input":{"@type":"PropertyValueSpecification","valueRequired":true,"valueName":"search_term_string"}}],"inLanguage":"sv-SE"},{"@type":"Organization","@id":"https:\/\/beauty-4-you.se\/en\/#organization","name":"Beauty 4 You","alternateName":"Beauty 4 You Lule\u00e5","url":"https:\/\/beauty-4-you.se\/en\/","logo":{"@type":"ImageObject","inLanguage":"sv-SE","@id":"https:\/\/beauty-4-you.se\/en\/#\/schema\/logo\/image\/","url":"https:\/\/beauty-4-you.se\/wp-content\/uploads\/2021\/11\/Logo-400x750-Elips-Burgundy-e1730722027193.png","contentUrl":"https:\/\/beauty-4-you.se\/wp-content\/uploads\/2021\/11\/Logo-400x750-Elips-Burgundy-e1730722027193.png","width":281,"height":150,"caption":"Beauty 4 You"},"image":{"@id":"https:\/\/beauty-4-you.se\/en\/#\/schema\/logo\/image\/"},"sameAs":["https:\/\/www.facebook.com\/Alina.Beauty4You","https:\/\/x.com\/Beauty4youLule"]}]}},"_links":{"self":[{"href":"https:\/\/beauty-4-you.se\/sv\/wp-json\/wp\/v2\/product\/123779","targetHints":{"allow":["GET"]}}],"collection":[{"href":"https:\/\/beauty-4-you.se\/sv\/wp-json\/wp\/v2\/product"}],"about":[{"href":"https:\/\/beauty-4-you.se\/sv\/wp-json\/wp\/v2\/types\/product"}],"replies":[{"embeddable":true,"href":"https:\/\/beauty-4-you.se\/sv\/wp-json\/wp\/v2\/comments?post=123779"}],"wp:featuredmedia":[{"embeddable":true,"href":"https:\/\/beauty-4-you.se\/sv\/wp-json\/wp\/v2\/media\/123767"}],"wp:attachment":[{"href":"https:\/\/beauty-4-you.se\/sv\/wp-json\/wp\/v2\/media?parent=123779"}],"wp:term":[{"taxonomy":"product_brand","embeddable":true,"href":"https:\/\/beauty-4-you.se\/sv\/wp-json\/wp\/v2\/product_brand?post=123779"},{"taxonomy":"product_cat","embeddable":true,"href":"https:\/\/beauty-4-you.se\/sv\/wp-json\/wp\/v2\/product_cat?post=123779"},{"taxonomy":"product_tag","embeddable":true,"href":"https:\/\/beauty-4-you.se\/sv\/wp-json\/wp\/v2\/product_tag?post=123779"}],"curies":[{"name":"wp","href":"https:\/\/api.w.org\/{rel}","templated":true}]}}