{"id":123777,"date":"2023-03-29T10:08:58","date_gmt":"2023-03-29T08:08:58","guid":{"rendered":"https:\/\/beauty-4-you.se\/?post_type=product&#038;p=123777"},"modified":"2025-08-17T23:36:23","modified_gmt":"2025-08-17T21:36:23","slug":"yon-ka-dry-skin-lotion-200ml","status":"publish","type":"product","link":"https:\/\/beauty-4-you.se\/sv\/produkt\/yon-ka-dry-skin-lotion-200ml\/","title":{"rendered":"Yon-Ka Dry Skin Lotion \u2013 200ml"},"content":{"rendered":"","protected":false},"excerpt":{"rendered":"<p>Mer \u00e4n bara ett vanligt ansiktsvatten, denna fytoaromatiska lotion balanserar din hud och l\u00e4gger grunden f\u00f6r dess dagliga v\u00e5rd. Utan hj\u00e4lp av alkohol blir huden fr\u00e4sch, fast och ren och hela kroppen k\u00e4nner de energigivande effekterna av dess eteriska oljor.<\/p>\n<p><strong>Till vem? Detta \u00e4r ett perfekt ansiktsvatten f\u00f6r alla hudtyper, men mer anpassat f\u00f6r normal till torr hud.<\/strong><\/p>\n<p>&nbsp;<\/p>\n<p class=\"p1\"><strong>Vad g\u00f6r produkten?<br \/>\n<\/strong>Lotion Yon-ka \u00e5terfuktar, lugnar och fr\u00e4schar upp huden med bara 2-3 sprayer i hela ansiktet. Kan anv\u00e4ndas f\u00f6re dagkr\u00e4m men \u00e4ven under dagen, ovanp\u00e5 smink, vid behov fukt under dagen.<\/p>\n<p><strong>Aktiva ingredienser:<\/strong>\u00a0Yon-ka kvintessens*, Eteriska oljor av lavendel, geranium, rosmarin, cypress, timjan.<\/p>","protected":false},"featured_media":123768,"comment_status":"open","ping_status":"closed","template":"","meta":[],"product_brand":[],"product_cat":[59,54],"product_tag":[],"class_list":{"0":"post-123777","1":"product","2":"type-product","3":"status-publish","4":"has-post-thumbnail","6":"product_cat-face-cream","7":"product_cat-products","8":"description-off","10":"first","11":"outofstock","12":"taxable","13":"shipping-taxable","14":"purchasable","15":"product-type-simple"},"yoast_head":"<!-- This site is optimized with the Yoast SEO plugin v27.5 - https:\/\/yoast.com\/product\/yoast-seo-wordpress\/ -->\n<title>Yon-Ka Dry Skin Lotion - 200ml - Beauty 4 You<\/title>\n<meta name=\"robots\" content=\"index, follow, max-snippet:-1, max-image-preview:large, max-video-preview:-1\" \/>\n<link rel=\"canonical\" href=\"https:\/\/beauty-4-you.se\/sv\/produkt\/yon-ka-dry-skin-lotion-200ml\/\" \/>\n<meta property=\"og:locale\" content=\"sv_SE\" \/>\n<meta property=\"og:type\" content=\"article\" \/>\n<meta property=\"og:title\" content=\"Yon-Ka Dry Skin Lotion - 200ml - Beauty 4 You\" \/>\n<meta property=\"og:description\" content=\"More than just a regular facial water, this phytoaromatic lotion balances your skin and lays the foundation for its daily care. Without the help of alcohol, the skin makes fresh, solid and clean and the whole body feels the energizing effects of its essential oils.  For who? This is a perfect toner for all skin types, but more adapted for normal to dry skin.  &nbsp; What does the product do? Lotion Yon-ka moisturizes, soothes and freshens the skin with just 2-3 sprays throughout the face. Can be used before day cream but also during the day, on top of makeup, if needed moisture during the day. Active ingredients:\u00a0Yon-ka quintessence *, Essential oils of lavender, geranium, rosemary, cypress, thyme.\" \/>\n<meta property=\"og:url\" content=\"https:\/\/beauty-4-you.se\/sv\/produkt\/yon-ka-dry-skin-lotion-200ml\/\" \/>\n<meta property=\"og:site_name\" content=\"Beauty 4 You\" \/>\n<meta property=\"article:publisher\" content=\"https:\/\/www.facebook.com\/Alina.Beauty4You\" \/>\n<meta property=\"article:modified_time\" content=\"2025-08-17T21:36:23+00:00\" \/>\n<meta property=\"og:image\" content=\"https:\/\/beauty-4-you.se\/wp-content\/uploads\/2023\/03\/Yon-Ka-Lotion-200ml-DOS-1500x1500-1.webp\" \/>\n\t<meta property=\"og:image:width\" content=\"1280\" \/>\n\t<meta property=\"og:image:height\" content=\"1280\" \/>\n\t<meta property=\"og:image:type\" content=\"image\/webp\" \/>\n<meta name=\"twitter:card\" content=\"summary_large_image\" \/>\n<meta name=\"twitter:site\" content=\"@Beauty4youLule\" \/>\n<script type=\"application\/ld+json\" class=\"yoast-schema-graph\">{\"@context\":\"https:\\\/\\\/schema.org\",\"@graph\":[{\"@type\":\"WebPage\",\"@id\":\"https:\\\/\\\/beauty-4-you.se\\\/en\\\/product\\\/yon-ka-dry-skin-lotion-200ml\\\/\",\"url\":\"https:\\\/\\\/beauty-4-you.se\\\/en\\\/product\\\/yon-ka-dry-skin-lotion-200ml\\\/\",\"name\":\"Yon-Ka Dry Skin Lotion - 200ml - Beauty 4 You\",\"isPartOf\":{\"@id\":\"https:\\\/\\\/beauty-4-you.se\\\/en\\\/#website\"},\"primaryImageOfPage\":{\"@id\":\"https:\\\/\\\/beauty-4-you.se\\\/en\\\/product\\\/yon-ka-dry-skin-lotion-200ml\\\/#primaryimage\"},\"image\":{\"@id\":\"https:\\\/\\\/beauty-4-you.se\\\/en\\\/product\\\/yon-ka-dry-skin-lotion-200ml\\\/#primaryimage\"},\"thumbnailUrl\":\"https:\\\/\\\/beauty-4-you.se\\\/wp-content\\\/uploads\\\/2023\\\/03\\\/Yon-Ka-Lotion-200ml-DOS-1500x1500-1.webp\",\"datePublished\":\"2023-03-29T08:08:58+00:00\",\"dateModified\":\"2025-08-17T21:36:23+00:00\",\"breadcrumb\":{\"@id\":\"https:\\\/\\\/beauty-4-you.se\\\/en\\\/product\\\/yon-ka-dry-skin-lotion-200ml\\\/#breadcrumb\"},\"inLanguage\":\"sv-SE\",\"potentialAction\":[{\"@type\":\"ReadAction\",\"target\":[\"https:\\\/\\\/beauty-4-you.se\\\/en\\\/product\\\/yon-ka-dry-skin-lotion-200ml\\\/\"]}]},{\"@type\":\"ImageObject\",\"inLanguage\":\"sv-SE\",\"@id\":\"https:\\\/\\\/beauty-4-you.se\\\/en\\\/product\\\/yon-ka-dry-skin-lotion-200ml\\\/#primaryimage\",\"url\":\"https:\\\/\\\/beauty-4-you.se\\\/wp-content\\\/uploads\\\/2023\\\/03\\\/Yon-Ka-Lotion-200ml-DOS-1500x1500-1.webp\",\"contentUrl\":\"https:\\\/\\\/beauty-4-you.se\\\/wp-content\\\/uploads\\\/2023\\\/03\\\/Yon-Ka-Lotion-200ml-DOS-1500x1500-1.webp\",\"width\":1280,\"height\":1280,\"caption\":\"Yon-Ka lotion 200ml DOS toning mist dry skin\"},{\"@type\":\"BreadcrumbList\",\"@id\":\"https:\\\/\\\/beauty-4-you.se\\\/en\\\/product\\\/yon-ka-dry-skin-lotion-200ml\\\/#breadcrumb\",\"itemListElement\":[{\"@type\":\"ListItem\",\"position\":1,\"name\":\"Home\",\"item\":\"https:\\\/\\\/beauty-4-you.se\\\/\"},{\"@type\":\"ListItem\",\"position\":2,\"name\":\"Products\",\"item\":\"https:\\\/\\\/beauty-4-you.se\\\/en\\\/shop\\\/\"},{\"@type\":\"ListItem\",\"position\":3,\"name\":\"Yon-Ka Dry Skin Lotion &#8211; 200ml\"}]},{\"@type\":\"WebSite\",\"@id\":\"https:\\\/\\\/beauty-4-you.se\\\/en\\\/#website\",\"url\":\"https:\\\/\\\/beauty-4-you.se\\\/en\\\/\",\"name\":\"Beauty 4 You\",\"description\":\"Because you deserve it!\",\"publisher\":{\"@id\":\"https:\\\/\\\/beauty-4-you.se\\\/en\\\/#organization\"},\"potentialAction\":[{\"@type\":\"SearchAction\",\"target\":{\"@type\":\"EntryPoint\",\"urlTemplate\":\"https:\\\/\\\/beauty-4-you.se\\\/en\\\/?s={search_term_string}\"},\"query-input\":{\"@type\":\"PropertyValueSpecification\",\"valueRequired\":true,\"valueName\":\"search_term_string\"}}],\"inLanguage\":\"sv-SE\"},{\"@type\":\"Organization\",\"@id\":\"https:\\\/\\\/beauty-4-you.se\\\/en\\\/#organization\",\"name\":\"Beauty 4 You\",\"alternateName\":\"Beauty 4 You Lule\u00e5\",\"url\":\"https:\\\/\\\/beauty-4-you.se\\\/en\\\/\",\"logo\":{\"@type\":\"ImageObject\",\"inLanguage\":\"sv-SE\",\"@id\":\"https:\\\/\\\/beauty-4-you.se\\\/en\\\/#\\\/schema\\\/logo\\\/image\\\/\",\"url\":\"https:\\\/\\\/beauty-4-you.se\\\/wp-content\\\/uploads\\\/2021\\\/11\\\/Logo-400x750-Elips-Burgundy-e1730722027193.png\",\"contentUrl\":\"https:\\\/\\\/beauty-4-you.se\\\/wp-content\\\/uploads\\\/2021\\\/11\\\/Logo-400x750-Elips-Burgundy-e1730722027193.png\",\"width\":281,\"height\":150,\"caption\":\"Beauty 4 You\"},\"image\":{\"@id\":\"https:\\\/\\\/beauty-4-you.se\\\/en\\\/#\\\/schema\\\/logo\\\/image\\\/\"},\"sameAs\":[\"https:\\\/\\\/www.facebook.com\\\/Alina.Beauty4You\",\"https:\\\/\\\/x.com\\\/Beauty4youLule\"]}]}<\/script>\n<!-- \/ Yoast SEO plugin. -->","yoast_head_json":{"title":"Yon-Ka Dry Skin Lotion - 200ml - Beauty 4 You","robots":{"index":"index","follow":"follow","max-snippet":"max-snippet:-1","max-image-preview":"max-image-preview:large","max-video-preview":"max-video-preview:-1"},"canonical":"https:\/\/beauty-4-you.se\/sv\/produkt\/yon-ka-dry-skin-lotion-200ml\/","og_locale":"sv_SE","og_type":"article","og_title":"Yon-Ka Dry Skin Lotion - 200ml - Beauty 4 You","og_description":"More than just a regular facial water, this phytoaromatic lotion balances your skin and lays the foundation for its daily care. Without the help of alcohol, the skin makes fresh, solid and clean and the whole body feels the energizing effects of its essential oils.  For who? This is a perfect toner for all skin types, but more adapted for normal to dry skin.  &nbsp; What does the product do? Lotion Yon-ka moisturizes, soothes and freshens the skin with just 2-3 sprays throughout the face. Can be used before day cream but also during the day, on top of makeup, if needed moisture during the day. Active ingredients:\u00a0Yon-ka quintessence *, Essential oils of lavender, geranium, rosemary, cypress, thyme.","og_url":"https:\/\/beauty-4-you.se\/sv\/produkt\/yon-ka-dry-skin-lotion-200ml\/","og_site_name":"Beauty 4 You","article_publisher":"https:\/\/www.facebook.com\/Alina.Beauty4You","article_modified_time":"2025-08-17T21:36:23+00:00","og_image":[{"width":1280,"height":1280,"url":"https:\/\/beauty-4-you.se\/wp-content\/uploads\/2023\/03\/Yon-Ka-Lotion-200ml-DOS-1500x1500-1.webp","type":"image\/webp"}],"twitter_card":"summary_large_image","twitter_site":"@Beauty4youLule","schema":{"@context":"https:\/\/schema.org","@graph":[{"@type":"WebPage","@id":"https:\/\/beauty-4-you.se\/en\/product\/yon-ka-dry-skin-lotion-200ml\/","url":"https:\/\/beauty-4-you.se\/en\/product\/yon-ka-dry-skin-lotion-200ml\/","name":"Yon-Ka Dry Skin Lotion - 200ml - Beauty 4 You","isPartOf":{"@id":"https:\/\/beauty-4-you.se\/en\/#website"},"primaryImageOfPage":{"@id":"https:\/\/beauty-4-you.se\/en\/product\/yon-ka-dry-skin-lotion-200ml\/#primaryimage"},"image":{"@id":"https:\/\/beauty-4-you.se\/en\/product\/yon-ka-dry-skin-lotion-200ml\/#primaryimage"},"thumbnailUrl":"https:\/\/beauty-4-you.se\/wp-content\/uploads\/2023\/03\/Yon-Ka-Lotion-200ml-DOS-1500x1500-1.webp","datePublished":"2023-03-29T08:08:58+00:00","dateModified":"2025-08-17T21:36:23+00:00","breadcrumb":{"@id":"https:\/\/beauty-4-you.se\/en\/product\/yon-ka-dry-skin-lotion-200ml\/#breadcrumb"},"inLanguage":"sv-SE","potentialAction":[{"@type":"ReadAction","target":["https:\/\/beauty-4-you.se\/en\/product\/yon-ka-dry-skin-lotion-200ml\/"]}]},{"@type":"ImageObject","inLanguage":"sv-SE","@id":"https:\/\/beauty-4-you.se\/en\/product\/yon-ka-dry-skin-lotion-200ml\/#primaryimage","url":"https:\/\/beauty-4-you.se\/wp-content\/uploads\/2023\/03\/Yon-Ka-Lotion-200ml-DOS-1500x1500-1.webp","contentUrl":"https:\/\/beauty-4-you.se\/wp-content\/uploads\/2023\/03\/Yon-Ka-Lotion-200ml-DOS-1500x1500-1.webp","width":1280,"height":1280,"caption":"Yon-Ka lotion 200ml DOS toning mist dry skin"},{"@type":"BreadcrumbList","@id":"https:\/\/beauty-4-you.se\/en\/product\/yon-ka-dry-skin-lotion-200ml\/#breadcrumb","itemListElement":[{"@type":"ListItem","position":1,"name":"Home","item":"https:\/\/beauty-4-you.se\/"},{"@type":"ListItem","position":2,"name":"Products","item":"https:\/\/beauty-4-you.se\/en\/shop\/"},{"@type":"ListItem","position":3,"name":"Yon-Ka Dry Skin Lotion &#8211; 200ml"}]},{"@type":"WebSite","@id":"https:\/\/beauty-4-you.se\/en\/#website","url":"https:\/\/beauty-4-you.se\/en\/","name":"Beauty 4 You","description":"F\u00f6r att du f\u00f6rtj\u00e4nar det!","publisher":{"@id":"https:\/\/beauty-4-you.se\/en\/#organization"},"potentialAction":[{"@type":"SearchAction","target":{"@type":"EntryPoint","urlTemplate":"https:\/\/beauty-4-you.se\/en\/?s={search_term_string}"},"query-input":{"@type":"PropertyValueSpecification","valueRequired":true,"valueName":"search_term_string"}}],"inLanguage":"sv-SE"},{"@type":"Organization","@id":"https:\/\/beauty-4-you.se\/en\/#organization","name":"Beauty 4 You","alternateName":"Beauty 4 You Lule\u00e5","url":"https:\/\/beauty-4-you.se\/en\/","logo":{"@type":"ImageObject","inLanguage":"sv-SE","@id":"https:\/\/beauty-4-you.se\/en\/#\/schema\/logo\/image\/","url":"https:\/\/beauty-4-you.se\/wp-content\/uploads\/2021\/11\/Logo-400x750-Elips-Burgundy-e1730722027193.png","contentUrl":"https:\/\/beauty-4-you.se\/wp-content\/uploads\/2021\/11\/Logo-400x750-Elips-Burgundy-e1730722027193.png","width":281,"height":150,"caption":"Beauty 4 You"},"image":{"@id":"https:\/\/beauty-4-you.se\/en\/#\/schema\/logo\/image\/"},"sameAs":["https:\/\/www.facebook.com\/Alina.Beauty4You","https:\/\/x.com\/Beauty4youLule"]}]}},"_links":{"self":[{"href":"https:\/\/beauty-4-you.se\/sv\/wp-json\/wp\/v2\/product\/123777","targetHints":{"allow":["GET"]}}],"collection":[{"href":"https:\/\/beauty-4-you.se\/sv\/wp-json\/wp\/v2\/product"}],"about":[{"href":"https:\/\/beauty-4-you.se\/sv\/wp-json\/wp\/v2\/types\/product"}],"replies":[{"embeddable":true,"href":"https:\/\/beauty-4-you.se\/sv\/wp-json\/wp\/v2\/comments?post=123777"}],"wp:featuredmedia":[{"embeddable":true,"href":"https:\/\/beauty-4-you.se\/sv\/wp-json\/wp\/v2\/media\/123768"}],"wp:attachment":[{"href":"https:\/\/beauty-4-you.se\/sv\/wp-json\/wp\/v2\/media?parent=123777"}],"wp:term":[{"taxonomy":"product_brand","embeddable":true,"href":"https:\/\/beauty-4-you.se\/sv\/wp-json\/wp\/v2\/product_brand?post=123777"},{"taxonomy":"product_cat","embeddable":true,"href":"https:\/\/beauty-4-you.se\/sv\/wp-json\/wp\/v2\/product_cat?post=123777"},{"taxonomy":"product_tag","embeddable":true,"href":"https:\/\/beauty-4-you.se\/sv\/wp-json\/wp\/v2\/product_tag?post=123777"}],"curies":[{"name":"wp","href":"https:\/\/api.w.org\/{rel}","templated":true}]}}