{"id":123772,"date":"2023-03-29T09:57:40","date_gmt":"2023-03-29T07:57:40","guid":{"rendered":"https:\/\/beauty-4-you.se\/?post_type=product&#038;p=123772"},"modified":"2023-04-29T11:44:55","modified_gmt":"2023-04-29T09:44:55","slug":"yon-ka-lait-nettoyant-cleansing-milk-75ml","status":"publish","type":"product","link":"https:\/\/beauty-4-you.se\/sv\/produkt\/yon-ka-lait-nettoyant-cleansing-milk-75ml\/","title":{"rendered":"Yon-Ka Lait Nettoyant Cleansing Milk 75ml"},"content":{"rendered":"","protected":false},"excerpt":{"rendered":"<p>Denna sammetslena och diskreta doftande reng\u00f6ring passar alla hudtyper. Den reng\u00f6r och tar bort smink fr\u00e5n ansikte, \u00f6gonlock och \u00f6gonfransar med en enkel r\u00f6relse och sk\u00f6ljs bort med ljummet eller varmt vatten.<br \/>\nLait Nettoyant \u00e4r skonsam mot hudens egna hydrolipidskyddande membran och g\u00f6r huden ren, mjuk och behaglig.<\/p>\n<p><a title=\"Yon-ka\" href=\"https:\/\/www.yonka.com\/\" target=\"_blank\" rel=\"noopener noreferrer\">Yon-ka<\/a>\u00a0Lait Nettoyant \u00e4r en mild ansiktstv\u00e4tt i form av ansiktsmj\u00f6lk, anpassad f\u00f6r b\u00e5de torr och fet hud som anv\u00e4nds b\u00e5de morgon och kv\u00e4ll. P\u00e5 morgonen \u00e4r den perfekt att anv\u00e4nda f\u00f6r att hj\u00e4lpa Hyn att vakna till liv men ocks\u00e5 f\u00f6r att f\u00f6rbereda den f\u00f6r att ta in alla vitaminer och oljor som dina yon-ka toner och ansiktskr\u00e4m kommer att bidra med.<\/p>\n<p>P\u00e5 kv\u00e4llen, tv\u00e4tta ansiktet med Lait Nettoyant f\u00f6r att reng\u00f6ra, ta bort rester av smink och orenheter p\u00e5 ett skonsamt s\u00e4tt, utan att torka ut.<br \/>\nG\u00e5 ur (b\u00e5de dag och kv\u00e4ll) f\u00f6r att spraya ansiktsvattenlotionen yon-ka och sedan en passande dag\/nattkr\u00e4m f\u00f6r din hudtyp.<\/p>\n<p><strong>Vem ska anv\u00e4nda produkten?<\/strong><br \/>\nAlla hudtyper och alla \u00e5ldrar, Lait Nettoyant \u00e4r en perfekt reng\u00f6ring att anv\u00e4nda b\u00e5de morgon och kv\u00e4ll.<\/p>\n<p><strong>Vad g\u00f6r produkten?<\/strong><br \/>\nLait Nettoyant reng\u00f6r och tar bort smink fr\u00e5n ansikte, \u00f6gonlock och \u00f6gonfransar med en enkel r\u00f6relse och sk\u00f6ljs bort med ljummet eller varmt vatten. Samtidigt som den reng\u00f6rs mjukar och \u00e5terfuktar den ocks\u00e5 huden, d\u00e5 \u00e4r den skonsam mot hudens egna hydrolipidatskyddande membran och g\u00f6r huden ren, mjuk och behaglig.<\/p>\n<p><strong>Aktiva ingredienser:<\/strong>\u00a0Borneol, milda reng\u00f6ringsmedel av vegetabiliskt ursprung, brunalgextrakt, vegetabilisk glycerin.<\/p>","protected":false},"featured_media":123771,"comment_status":"open","ping_status":"closed","template":"","meta":[],"product_brand":[],"product_cat":[59,54],"product_tag":[],"class_list":{"0":"post-123772","1":"product","2":"type-product","3":"status-publish","4":"has-post-thumbnail","6":"product_cat-face-cream","7":"product_cat-products","8":"description-off","10":"first","11":"instock","12":"taxable","13":"shipping-taxable","14":"purchasable","15":"product-type-simple"},"yoast_head":"<!-- This site is optimized with the Yoast SEO plugin v27.5 - https:\/\/yoast.com\/product\/yoast-seo-wordpress\/ -->\n<title>Yon-Ka Lait Nettoyant Cleansing Milk 75ml - Beauty 4 You<\/title>\n<meta name=\"robots\" content=\"index, follow, max-snippet:-1, max-image-preview:large, max-video-preview:-1\" \/>\n<link rel=\"canonical\" href=\"https:\/\/beauty-4-you.se\/sv\/produkt\/yon-ka-lait-nettoyant-cleansing-milk-75ml\/\" \/>\n<meta property=\"og:locale\" content=\"sv_SE\" \/>\n<meta property=\"og:type\" content=\"article\" \/>\n<meta property=\"og:title\" content=\"Yon-Ka Lait Nettoyant Cleansing Milk 75ml - Beauty 4 You\" \/>\n<meta property=\"og:description\" content=\"This velvety and discrete scented cleaning fit all skin types. It cleans and removes makeup from face, eyelids and eyelashes with a simple motion and rinsed away with lukewarm or hot water. Lait Nettoyant is gentle to the skin&#039;s own hydrolipid protective membranes and makes the skin clean, soft and comfortable.  Yon-ka\u00a0Lait Nettoyant is a mild facial wash in the form of facial milk, adapted for both dry and greasy skin used both morning and evening. In the morning, it is perfect to use to help Hyn wake to life but also to prepare it to take in all vitamins and oils that your yon-ka tones and face cream will contribute.  In the evening, wash the face with Lait Nettoyant to clean, remove the remains of makeup and impurities in a gentle way, without wiping out. Exit (both day and evening) to spray the facial water lotion yon-ka and then a suitable day \/ night cream for your skin type.  Who should use the product? All skin types and all ages, Lait Nettoyant is a perfect cleaning to use both morning and evening.  What does the product do? Lait Nettoyant cleans and removes makeup from face, eyelids and eyelashes with a simple movement and rinsed away with lukewarm or hot water. While cleaning it also softens and moisturizes the skin, then itIs gentle to the skin&#039;s own hydrolipidate protective membranes and makes the skin clean, soft and comfortable.  Active ingredients:\u00a0Borneol, mild cleaning substances of vegetable origin, brown algae extract, vegetable glycerin.\" \/>\n<meta property=\"og:url\" content=\"https:\/\/beauty-4-you.se\/sv\/produkt\/yon-ka-lait-nettoyant-cleansing-milk-75ml\/\" \/>\n<meta property=\"og:site_name\" content=\"Beauty 4 You\" \/>\n<meta property=\"article:publisher\" content=\"https:\/\/www.facebook.com\/Alina.Beauty4You\" \/>\n<meta property=\"article:modified_time\" content=\"2023-04-29T09:44:55+00:00\" \/>\n<meta property=\"og:image\" content=\"https:\/\/beauty-4-you.se\/wp-content\/uploads\/2023\/03\/Yon-Ka-Cleansing-milk-1500x1500-1.webp\" \/>\n\t<meta property=\"og:image:width\" content=\"1500\" \/>\n\t<meta property=\"og:image:height\" content=\"1500\" \/>\n\t<meta property=\"og:image:type\" content=\"image\/webp\" \/>\n<meta name=\"twitter:card\" content=\"summary_large_image\" \/>\n<meta name=\"twitter:site\" content=\"@Beauty4youLule\" \/>\n<script type=\"application\/ld+json\" class=\"yoast-schema-graph\">{\"@context\":\"https:\\\/\\\/schema.org\",\"@graph\":[{\"@type\":\"WebPage\",\"@id\":\"https:\\\/\\\/beauty-4-you.se\\\/en\\\/product\\\/yon-ka-lait-nettoyant-cleansing-milk-75ml\\\/\",\"url\":\"https:\\\/\\\/beauty-4-you.se\\\/en\\\/product\\\/yon-ka-lait-nettoyant-cleansing-milk-75ml\\\/\",\"name\":\"Yon-Ka Lait Nettoyant Cleansing Milk 75ml - Beauty 4 You\",\"isPartOf\":{\"@id\":\"https:\\\/\\\/beauty-4-you.se\\\/en\\\/#website\"},\"primaryImageOfPage\":{\"@id\":\"https:\\\/\\\/beauty-4-you.se\\\/en\\\/product\\\/yon-ka-lait-nettoyant-cleansing-milk-75ml\\\/#primaryimage\"},\"image\":{\"@id\":\"https:\\\/\\\/beauty-4-you.se\\\/en\\\/product\\\/yon-ka-lait-nettoyant-cleansing-milk-75ml\\\/#primaryimage\"},\"thumbnailUrl\":\"https:\\\/\\\/beauty-4-you.se\\\/wp-content\\\/uploads\\\/2023\\\/03\\\/Yon-Ka-Cleansing-milk-1500x1500-1.webp\",\"datePublished\":\"2023-03-29T07:57:40+00:00\",\"dateModified\":\"2023-04-29T09:44:55+00:00\",\"breadcrumb\":{\"@id\":\"https:\\\/\\\/beauty-4-you.se\\\/en\\\/product\\\/yon-ka-lait-nettoyant-cleansing-milk-75ml\\\/#breadcrumb\"},\"inLanguage\":\"sv-SE\",\"potentialAction\":[{\"@type\":\"ReadAction\",\"target\":[\"https:\\\/\\\/beauty-4-you.se\\\/en\\\/product\\\/yon-ka-lait-nettoyant-cleansing-milk-75ml\\\/\"]}]},{\"@type\":\"ImageObject\",\"inLanguage\":\"sv-SE\",\"@id\":\"https:\\\/\\\/beauty-4-you.se\\\/en\\\/product\\\/yon-ka-lait-nettoyant-cleansing-milk-75ml\\\/#primaryimage\",\"url\":\"https:\\\/\\\/beauty-4-you.se\\\/wp-content\\\/uploads\\\/2023\\\/03\\\/Yon-Ka-Cleansing-milk-1500x1500-1.webp\",\"contentUrl\":\"https:\\\/\\\/beauty-4-you.se\\\/wp-content\\\/uploads\\\/2023\\\/03\\\/Yon-Ka-Cleansing-milk-1500x1500-1.webp\",\"width\":1500,\"height\":1500,\"caption\":\"Yon-Ka Paris cleansing milk 200ml skincare product\"},{\"@type\":\"BreadcrumbList\",\"@id\":\"https:\\\/\\\/beauty-4-you.se\\\/en\\\/product\\\/yon-ka-lait-nettoyant-cleansing-milk-75ml\\\/#breadcrumb\",\"itemListElement\":[{\"@type\":\"ListItem\",\"position\":1,\"name\":\"Home\",\"item\":\"https:\\\/\\\/beauty-4-you.se\\\/\"},{\"@type\":\"ListItem\",\"position\":2,\"name\":\"Products\",\"item\":\"https:\\\/\\\/beauty-4-you.se\\\/en\\\/shop\\\/\"},{\"@type\":\"ListItem\",\"position\":3,\"name\":\"Yon-Ka Lait Nettoyant Cleansing Milk 75ml\"}]},{\"@type\":\"WebSite\",\"@id\":\"https:\\\/\\\/beauty-4-you.se\\\/en\\\/#website\",\"url\":\"https:\\\/\\\/beauty-4-you.se\\\/en\\\/\",\"name\":\"Beauty 4 You\",\"description\":\"Because you deserve it!\",\"publisher\":{\"@id\":\"https:\\\/\\\/beauty-4-you.se\\\/en\\\/#organization\"},\"potentialAction\":[{\"@type\":\"SearchAction\",\"target\":{\"@type\":\"EntryPoint\",\"urlTemplate\":\"https:\\\/\\\/beauty-4-you.se\\\/en\\\/?s={search_term_string}\"},\"query-input\":{\"@type\":\"PropertyValueSpecification\",\"valueRequired\":true,\"valueName\":\"search_term_string\"}}],\"inLanguage\":\"sv-SE\"},{\"@type\":\"Organization\",\"@id\":\"https:\\\/\\\/beauty-4-you.se\\\/en\\\/#organization\",\"name\":\"Beauty 4 You\",\"alternateName\":\"Beauty 4 You Lule\u00e5\",\"url\":\"https:\\\/\\\/beauty-4-you.se\\\/en\\\/\",\"logo\":{\"@type\":\"ImageObject\",\"inLanguage\":\"sv-SE\",\"@id\":\"https:\\\/\\\/beauty-4-you.se\\\/en\\\/#\\\/schema\\\/logo\\\/image\\\/\",\"url\":\"https:\\\/\\\/beauty-4-you.se\\\/wp-content\\\/uploads\\\/2021\\\/11\\\/Logo-400x750-Elips-Burgundy-e1730722027193.png\",\"contentUrl\":\"https:\\\/\\\/beauty-4-you.se\\\/wp-content\\\/uploads\\\/2021\\\/11\\\/Logo-400x750-Elips-Burgundy-e1730722027193.png\",\"width\":281,\"height\":150,\"caption\":\"Beauty 4 You\"},\"image\":{\"@id\":\"https:\\\/\\\/beauty-4-you.se\\\/en\\\/#\\\/schema\\\/logo\\\/image\\\/\"},\"sameAs\":[\"https:\\\/\\\/www.facebook.com\\\/Alina.Beauty4You\",\"https:\\\/\\\/x.com\\\/Beauty4youLule\"]}]}<\/script>\n<!-- \/ Yoast SEO plugin. -->","yoast_head_json":{"title":"Yon-Ka Lait Nettoyant Cleansing Milk 75ml - Beauty 4 You","robots":{"index":"index","follow":"follow","max-snippet":"max-snippet:-1","max-image-preview":"max-image-preview:large","max-video-preview":"max-video-preview:-1"},"canonical":"https:\/\/beauty-4-you.se\/sv\/produkt\/yon-ka-lait-nettoyant-cleansing-milk-75ml\/","og_locale":"sv_SE","og_type":"article","og_title":"Yon-Ka Lait Nettoyant Cleansing Milk 75ml - Beauty 4 You","og_description":"This velvety and discrete scented cleaning fit all skin types. It cleans and removes makeup from face, eyelids and eyelashes with a simple motion and rinsed away with lukewarm or hot water. Lait Nettoyant is gentle to the skin's own hydrolipid protective membranes and makes the skin clean, soft and comfortable.  Yon-ka\u00a0Lait Nettoyant is a mild facial wash in the form of facial milk, adapted for both dry and greasy skin used both morning and evening. In the morning, it is perfect to use to help Hyn wake to life but also to prepare it to take in all vitamins and oils that your yon-ka tones and face cream will contribute.  In the evening, wash the face with Lait Nettoyant to clean, remove the remains of makeup and impurities in a gentle way, without wiping out. Exit (both day and evening) to spray the facial water lotion yon-ka and then a suitable day \/ night cream for your skin type.  Who should use the product? All skin types and all ages, Lait Nettoyant is a perfect cleaning to use both morning and evening.  What does the product do? Lait Nettoyant cleans and removes makeup from face, eyelids and eyelashes with a simple movement and rinsed away with lukewarm or hot water. While cleaning it also softens and moisturizes the skin, then itIs gentle to the skin's own hydrolipidate protective membranes and makes the skin clean, soft and comfortable.  Active ingredients:\u00a0Borneol, mild cleaning substances of vegetable origin, brown algae extract, vegetable glycerin.","og_url":"https:\/\/beauty-4-you.se\/sv\/produkt\/yon-ka-lait-nettoyant-cleansing-milk-75ml\/","og_site_name":"Beauty 4 You","article_publisher":"https:\/\/www.facebook.com\/Alina.Beauty4You","article_modified_time":"2023-04-29T09:44:55+00:00","og_image":[{"width":1500,"height":1500,"url":"https:\/\/beauty-4-you.se\/wp-content\/uploads\/2023\/03\/Yon-Ka-Cleansing-milk-1500x1500-1.webp","type":"image\/webp"}],"twitter_card":"summary_large_image","twitter_site":"@Beauty4youLule","schema":{"@context":"https:\/\/schema.org","@graph":[{"@type":"WebPage","@id":"https:\/\/beauty-4-you.se\/en\/product\/yon-ka-lait-nettoyant-cleansing-milk-75ml\/","url":"https:\/\/beauty-4-you.se\/en\/product\/yon-ka-lait-nettoyant-cleansing-milk-75ml\/","name":"Yon-Ka Lait Nettoyant Cleansing Milk 75ml - Beauty 4 You","isPartOf":{"@id":"https:\/\/beauty-4-you.se\/en\/#website"},"primaryImageOfPage":{"@id":"https:\/\/beauty-4-you.se\/en\/product\/yon-ka-lait-nettoyant-cleansing-milk-75ml\/#primaryimage"},"image":{"@id":"https:\/\/beauty-4-you.se\/en\/product\/yon-ka-lait-nettoyant-cleansing-milk-75ml\/#primaryimage"},"thumbnailUrl":"https:\/\/beauty-4-you.se\/wp-content\/uploads\/2023\/03\/Yon-Ka-Cleansing-milk-1500x1500-1.webp","datePublished":"2023-03-29T07:57:40+00:00","dateModified":"2023-04-29T09:44:55+00:00","breadcrumb":{"@id":"https:\/\/beauty-4-you.se\/en\/product\/yon-ka-lait-nettoyant-cleansing-milk-75ml\/#breadcrumb"},"inLanguage":"sv-SE","potentialAction":[{"@type":"ReadAction","target":["https:\/\/beauty-4-you.se\/en\/product\/yon-ka-lait-nettoyant-cleansing-milk-75ml\/"]}]},{"@type":"ImageObject","inLanguage":"sv-SE","@id":"https:\/\/beauty-4-you.se\/en\/product\/yon-ka-lait-nettoyant-cleansing-milk-75ml\/#primaryimage","url":"https:\/\/beauty-4-you.se\/wp-content\/uploads\/2023\/03\/Yon-Ka-Cleansing-milk-1500x1500-1.webp","contentUrl":"https:\/\/beauty-4-you.se\/wp-content\/uploads\/2023\/03\/Yon-Ka-Cleansing-milk-1500x1500-1.webp","width":1500,"height":1500,"caption":"Yon-Ka Paris cleansing milk 200ml skincare product"},{"@type":"BreadcrumbList","@id":"https:\/\/beauty-4-you.se\/en\/product\/yon-ka-lait-nettoyant-cleansing-milk-75ml\/#breadcrumb","itemListElement":[{"@type":"ListItem","position":1,"name":"Home","item":"https:\/\/beauty-4-you.se\/"},{"@type":"ListItem","position":2,"name":"Products","item":"https:\/\/beauty-4-you.se\/en\/shop\/"},{"@type":"ListItem","position":3,"name":"Yon-Ka Lait Nettoyant Cleansing Milk 75ml"}]},{"@type":"WebSite","@id":"https:\/\/beauty-4-you.se\/en\/#website","url":"https:\/\/beauty-4-you.se\/en\/","name":"Beauty 4 You","description":"F\u00f6r att du f\u00f6rtj\u00e4nar det!","publisher":{"@id":"https:\/\/beauty-4-you.se\/en\/#organization"},"potentialAction":[{"@type":"SearchAction","target":{"@type":"EntryPoint","urlTemplate":"https:\/\/beauty-4-you.se\/en\/?s={search_term_string}"},"query-input":{"@type":"PropertyValueSpecification","valueRequired":true,"valueName":"search_term_string"}}],"inLanguage":"sv-SE"},{"@type":"Organization","@id":"https:\/\/beauty-4-you.se\/en\/#organization","name":"Beauty 4 You","alternateName":"Beauty 4 You Lule\u00e5","url":"https:\/\/beauty-4-you.se\/en\/","logo":{"@type":"ImageObject","inLanguage":"sv-SE","@id":"https:\/\/beauty-4-you.se\/en\/#\/schema\/logo\/image\/","url":"https:\/\/beauty-4-you.se\/wp-content\/uploads\/2021\/11\/Logo-400x750-Elips-Burgundy-e1730722027193.png","contentUrl":"https:\/\/beauty-4-you.se\/wp-content\/uploads\/2021\/11\/Logo-400x750-Elips-Burgundy-e1730722027193.png","width":281,"height":150,"caption":"Beauty 4 You"},"image":{"@id":"https:\/\/beauty-4-you.se\/en\/#\/schema\/logo\/image\/"},"sameAs":["https:\/\/www.facebook.com\/Alina.Beauty4You","https:\/\/x.com\/Beauty4youLule"]}]}},"_links":{"self":[{"href":"https:\/\/beauty-4-you.se\/sv\/wp-json\/wp\/v2\/product\/123772","targetHints":{"allow":["GET"]}}],"collection":[{"href":"https:\/\/beauty-4-you.se\/sv\/wp-json\/wp\/v2\/product"}],"about":[{"href":"https:\/\/beauty-4-you.se\/sv\/wp-json\/wp\/v2\/types\/product"}],"replies":[{"embeddable":true,"href":"https:\/\/beauty-4-you.se\/sv\/wp-json\/wp\/v2\/comments?post=123772"}],"wp:featuredmedia":[{"embeddable":true,"href":"https:\/\/beauty-4-you.se\/sv\/wp-json\/wp\/v2\/media\/123771"}],"wp:attachment":[{"href":"https:\/\/beauty-4-you.se\/sv\/wp-json\/wp\/v2\/media?parent=123772"}],"wp:term":[{"taxonomy":"product_brand","embeddable":true,"href":"https:\/\/beauty-4-you.se\/sv\/wp-json\/wp\/v2\/product_brand?post=123772"},{"taxonomy":"product_cat","embeddable":true,"href":"https:\/\/beauty-4-you.se\/sv\/wp-json\/wp\/v2\/product_cat?post=123772"},{"taxonomy":"product_tag","embeddable":true,"href":"https:\/\/beauty-4-you.se\/sv\/wp-json\/wp\/v2\/product_tag?post=123772"}],"curies":[{"name":"wp","href":"https:\/\/api.w.org\/{rel}","templated":true}]}}