{"id":123746,"date":"2023-03-28T12:22:13","date_gmt":"2023-03-28T10:22:13","guid":{"rendered":"https:\/\/beauty-4-you.se\/?post_type=product&#038;p=123746"},"modified":"2023-03-29T06:39:19","modified_gmt":"2023-03-29T04:39:19","slug":"yon-ka-cleansing-gel-75ml","status":"publish","type":"product","link":"https:\/\/beauty-4-you.se\/sv\/produkt\/yon-ka-cleansing-gel-75ml\/","title":{"rendered":"Yon-Ka Cleansing Gel 75ml"},"content":{"rendered":"","protected":false},"excerpt":{"rendered":"<section class=\"productFullDetail-description-1uD productFullDetail-section-3en\">\n<div class=\"productFullDetail-descriptionFull-vp0\">\n<div class=\"richContent-root-3wP\">Denna reng\u00f6ringsgel \u00e4r designad f\u00f6r alla hudtyper. Det \u00e4r den perfekta l\u00f6sningen f\u00f6r personer med kombinerad till fet hud som \u00e4r ben\u00e4gen att f\u00e5 ton\u00e5rsakne. Den reng\u00f6r skonsamt och tar bort smink fr\u00e5n ditt ansikte, \u00f6gon och l\u00e4ppar. Det sk\u00f6ljs av med vatten. Dess tunna, silkeslena skum och dess fr\u00e4scha och 100% naturliga lavendel, geranium och litsea cubeba-doft kommer att g\u00f6ra den till en av dina dagliga favoritprodukter.<br \/>\nDen l\u00e4mnar huden klar, bekv\u00e4m och renad med reng\u00f6rande och lugnande extrakt av iris och r\u00f6da alger.<br \/>\nDess reseformat g\u00f6r att du kan ta den med dig vart du \u00e4n g\u00e5r!<\/div>\n<\/div>\n<\/section>\n<div class=\"productFullDetail-productKeyPoints-2_K\">\n<div class=\"richContent-root-3wP\">\n<ul>\n<li>Inneh\u00e5ller iris och r\u00f6da alger<\/li>\n<li>Renar och fr\u00e4schar upp<\/li>\n<li>L\u00e4mnar huden \u00e5terfuktad och lugnad<\/li>\n<li>M\u00e5ste produkt f\u00f6r hud med fl\u00e4ckar<\/li>\n<\/ul>\n<\/div>\n<\/div>","protected":false},"featured_media":123756,"comment_status":"open","ping_status":"closed","template":"","meta":[],"product_brand":[],"product_cat":[59,54],"product_tag":[],"class_list":{"0":"post-123746","1":"product","2":"type-product","3":"status-publish","4":"has-post-thumbnail","6":"product_cat-face-cream","7":"product_cat-products","8":"description-off","10":"first","11":"instock","12":"taxable","13":"shipping-taxable","14":"purchasable","15":"product-type-simple"},"yoast_head":"<!-- This site is optimized with the Yoast SEO plugin v27.5 - https:\/\/yoast.com\/product\/yoast-seo-wordpress\/ -->\n<title>Yon-Ka Cleansing Gel 75ml - Beauty 4 You<\/title>\n<meta name=\"robots\" content=\"index, follow, max-snippet:-1, max-image-preview:large, max-video-preview:-1\" \/>\n<link rel=\"canonical\" href=\"https:\/\/beauty-4-you.se\/sv\/produkt\/yon-ka-cleansing-gel-75ml\/\" \/>\n<meta property=\"og:locale\" content=\"sv_SE\" \/>\n<meta property=\"og:type\" content=\"article\" \/>\n<meta property=\"og:title\" content=\"Yon-Ka Cleansing Gel 75ml - Beauty 4 You\" \/>\n<meta property=\"og:description\" content=\"This cleansing gel is designed for all skin types. It\u2019s the perfect solution for people with combination to oily skin that\u2019s prone to teen acne. It gently cleanses and removes makeup from your face, eyes and lips. It rinses off with water. Its thin, silky foam and its fresh and 100% natural lavender, geranium and litsea cubeba fragrance will make it one of your favourite daily products. It leaves skin clear, comfortable and purified with cleansing and soothing iris and red algae extracts. Its Travel Format allows you to take it with you wherever you go!       Contains iris and red algae  Purifies and refreshes  Leaves skin hydrated and soothed  Must-have product for skin with blemishes\" \/>\n<meta property=\"og:url\" content=\"https:\/\/beauty-4-you.se\/sv\/produkt\/yon-ka-cleansing-gel-75ml\/\" \/>\n<meta property=\"og:site_name\" content=\"Beauty 4 You\" \/>\n<meta property=\"article:publisher\" content=\"https:\/\/www.facebook.com\/Alina.Beauty4You\" \/>\n<meta property=\"article:modified_time\" content=\"2023-03-29T04:39:19+00:00\" \/>\n<meta property=\"og:image\" content=\"https:\/\/beauty-4-you.se\/wp-content\/uploads\/2023\/03\/Yonka-cleansing-gel-75-1500x1500-1.webp\" \/>\n\t<meta property=\"og:image:width\" content=\"1500\" \/>\n\t<meta property=\"og:image:height\" content=\"1500\" \/>\n\t<meta property=\"og:image:type\" content=\"image\/webp\" \/>\n<meta name=\"twitter:card\" content=\"summary_large_image\" \/>\n<meta name=\"twitter:site\" content=\"@Beauty4youLule\" \/>\n<script type=\"application\/ld+json\" class=\"yoast-schema-graph\">{\"@context\":\"https:\\\/\\\/schema.org\",\"@graph\":[{\"@type\":\"WebPage\",\"@id\":\"https:\\\/\\\/beauty-4-you.se\\\/en\\\/product\\\/yon-ka-cleansing-gel-75ml\\\/\",\"url\":\"https:\\\/\\\/beauty-4-you.se\\\/en\\\/product\\\/yon-ka-cleansing-gel-75ml\\\/\",\"name\":\"Yon-Ka Cleansing Gel 75ml - Beauty 4 You\",\"isPartOf\":{\"@id\":\"https:\\\/\\\/beauty-4-you.se\\\/en\\\/#website\"},\"primaryImageOfPage\":{\"@id\":\"https:\\\/\\\/beauty-4-you.se\\\/en\\\/product\\\/yon-ka-cleansing-gel-75ml\\\/#primaryimage\"},\"image\":{\"@id\":\"https:\\\/\\\/beauty-4-you.se\\\/en\\\/product\\\/yon-ka-cleansing-gel-75ml\\\/#primaryimage\"},\"thumbnailUrl\":\"https:\\\/\\\/beauty-4-you.se\\\/wp-content\\\/uploads\\\/2023\\\/03\\\/Yonka-cleansing-gel-75-1500x1500-1.webp\",\"datePublished\":\"2023-03-28T10:22:13+00:00\",\"dateModified\":\"2023-03-29T04:39:19+00:00\",\"breadcrumb\":{\"@id\":\"https:\\\/\\\/beauty-4-you.se\\\/en\\\/product\\\/yon-ka-cleansing-gel-75ml\\\/#breadcrumb\"},\"inLanguage\":\"sv-SE\",\"potentialAction\":[{\"@type\":\"ReadAction\",\"target\":[\"https:\\\/\\\/beauty-4-you.se\\\/en\\\/product\\\/yon-ka-cleansing-gel-75ml\\\/\"]}]},{\"@type\":\"ImageObject\",\"inLanguage\":\"sv-SE\",\"@id\":\"https:\\\/\\\/beauty-4-you.se\\\/en\\\/product\\\/yon-ka-cleansing-gel-75ml\\\/#primaryimage\",\"url\":\"https:\\\/\\\/beauty-4-you.se\\\/wp-content\\\/uploads\\\/2023\\\/03\\\/Yonka-cleansing-gel-75-1500x1500-1.webp\",\"contentUrl\":\"https:\\\/\\\/beauty-4-you.se\\\/wp-content\\\/uploads\\\/2023\\\/03\\\/Yonka-cleansing-gel-75-1500x1500-1.webp\",\"width\":1500,\"height\":1500,\"caption\":\"Yon-Ka cleansing gel 75ml purifying face wash\"},{\"@type\":\"BreadcrumbList\",\"@id\":\"https:\\\/\\\/beauty-4-you.se\\\/en\\\/product\\\/yon-ka-cleansing-gel-75ml\\\/#breadcrumb\",\"itemListElement\":[{\"@type\":\"ListItem\",\"position\":1,\"name\":\"Home\",\"item\":\"https:\\\/\\\/beauty-4-you.se\\\/\"},{\"@type\":\"ListItem\",\"position\":2,\"name\":\"Products\",\"item\":\"https:\\\/\\\/beauty-4-you.se\\\/en\\\/shop\\\/\"},{\"@type\":\"ListItem\",\"position\":3,\"name\":\"Yon-Ka Cleansing Gel 75ml\"}]},{\"@type\":\"WebSite\",\"@id\":\"https:\\\/\\\/beauty-4-you.se\\\/en\\\/#website\",\"url\":\"https:\\\/\\\/beauty-4-you.se\\\/en\\\/\",\"name\":\"Beauty 4 You\",\"description\":\"Because you deserve it!\",\"publisher\":{\"@id\":\"https:\\\/\\\/beauty-4-you.se\\\/en\\\/#organization\"},\"potentialAction\":[{\"@type\":\"SearchAction\",\"target\":{\"@type\":\"EntryPoint\",\"urlTemplate\":\"https:\\\/\\\/beauty-4-you.se\\\/en\\\/?s={search_term_string}\"},\"query-input\":{\"@type\":\"PropertyValueSpecification\",\"valueRequired\":true,\"valueName\":\"search_term_string\"}}],\"inLanguage\":\"sv-SE\"},{\"@type\":\"Organization\",\"@id\":\"https:\\\/\\\/beauty-4-you.se\\\/en\\\/#organization\",\"name\":\"Beauty 4 You\",\"alternateName\":\"Beauty 4 You Lule\u00e5\",\"url\":\"https:\\\/\\\/beauty-4-you.se\\\/en\\\/\",\"logo\":{\"@type\":\"ImageObject\",\"inLanguage\":\"sv-SE\",\"@id\":\"https:\\\/\\\/beauty-4-you.se\\\/en\\\/#\\\/schema\\\/logo\\\/image\\\/\",\"url\":\"https:\\\/\\\/beauty-4-you.se\\\/wp-content\\\/uploads\\\/2021\\\/11\\\/Logo-400x750-Elips-Burgundy-e1730722027193.png\",\"contentUrl\":\"https:\\\/\\\/beauty-4-you.se\\\/wp-content\\\/uploads\\\/2021\\\/11\\\/Logo-400x750-Elips-Burgundy-e1730722027193.png\",\"width\":281,\"height\":150,\"caption\":\"Beauty 4 You\"},\"image\":{\"@id\":\"https:\\\/\\\/beauty-4-you.se\\\/en\\\/#\\\/schema\\\/logo\\\/image\\\/\"},\"sameAs\":[\"https:\\\/\\\/www.facebook.com\\\/Alina.Beauty4You\",\"https:\\\/\\\/x.com\\\/Beauty4youLule\"]}]}<\/script>\n<!-- \/ Yoast SEO plugin. -->","yoast_head_json":{"title":"Yon-Ka Cleansing Gel 75ml - Beauty 4 You","robots":{"index":"index","follow":"follow","max-snippet":"max-snippet:-1","max-image-preview":"max-image-preview:large","max-video-preview":"max-video-preview:-1"},"canonical":"https:\/\/beauty-4-you.se\/sv\/produkt\/yon-ka-cleansing-gel-75ml\/","og_locale":"sv_SE","og_type":"article","og_title":"Yon-Ka Cleansing Gel 75ml - Beauty 4 You","og_description":"This cleansing gel is designed for all skin types. It\u2019s the perfect solution for people with combination to oily skin that\u2019s prone to teen acne. It gently cleanses and removes makeup from your face, eyes and lips. It rinses off with water. Its thin, silky foam and its fresh and 100% natural lavender, geranium and litsea cubeba fragrance will make it one of your favourite daily products. It leaves skin clear, comfortable and purified with cleansing and soothing iris and red algae extracts. Its Travel Format allows you to take it with you wherever you go!       Contains iris and red algae  Purifies and refreshes  Leaves skin hydrated and soothed  Must-have product for skin with blemishes","og_url":"https:\/\/beauty-4-you.se\/sv\/produkt\/yon-ka-cleansing-gel-75ml\/","og_site_name":"Beauty 4 You","article_publisher":"https:\/\/www.facebook.com\/Alina.Beauty4You","article_modified_time":"2023-03-29T04:39:19+00:00","og_image":[{"width":1500,"height":1500,"url":"https:\/\/beauty-4-you.se\/wp-content\/uploads\/2023\/03\/Yonka-cleansing-gel-75-1500x1500-1.webp","type":"image\/webp"}],"twitter_card":"summary_large_image","twitter_site":"@Beauty4youLule","schema":{"@context":"https:\/\/schema.org","@graph":[{"@type":"WebPage","@id":"https:\/\/beauty-4-you.se\/en\/product\/yon-ka-cleansing-gel-75ml\/","url":"https:\/\/beauty-4-you.se\/en\/product\/yon-ka-cleansing-gel-75ml\/","name":"Yon-Ka Cleansing Gel 75ml - Beauty 4 You","isPartOf":{"@id":"https:\/\/beauty-4-you.se\/en\/#website"},"primaryImageOfPage":{"@id":"https:\/\/beauty-4-you.se\/en\/product\/yon-ka-cleansing-gel-75ml\/#primaryimage"},"image":{"@id":"https:\/\/beauty-4-you.se\/en\/product\/yon-ka-cleansing-gel-75ml\/#primaryimage"},"thumbnailUrl":"https:\/\/beauty-4-you.se\/wp-content\/uploads\/2023\/03\/Yonka-cleansing-gel-75-1500x1500-1.webp","datePublished":"2023-03-28T10:22:13+00:00","dateModified":"2023-03-29T04:39:19+00:00","breadcrumb":{"@id":"https:\/\/beauty-4-you.se\/en\/product\/yon-ka-cleansing-gel-75ml\/#breadcrumb"},"inLanguage":"sv-SE","potentialAction":[{"@type":"ReadAction","target":["https:\/\/beauty-4-you.se\/en\/product\/yon-ka-cleansing-gel-75ml\/"]}]},{"@type":"ImageObject","inLanguage":"sv-SE","@id":"https:\/\/beauty-4-you.se\/en\/product\/yon-ka-cleansing-gel-75ml\/#primaryimage","url":"https:\/\/beauty-4-you.se\/wp-content\/uploads\/2023\/03\/Yonka-cleansing-gel-75-1500x1500-1.webp","contentUrl":"https:\/\/beauty-4-you.se\/wp-content\/uploads\/2023\/03\/Yonka-cleansing-gel-75-1500x1500-1.webp","width":1500,"height":1500,"caption":"Yon-Ka cleansing gel 75ml purifying face wash"},{"@type":"BreadcrumbList","@id":"https:\/\/beauty-4-you.se\/en\/product\/yon-ka-cleansing-gel-75ml\/#breadcrumb","itemListElement":[{"@type":"ListItem","position":1,"name":"Home","item":"https:\/\/beauty-4-you.se\/"},{"@type":"ListItem","position":2,"name":"Products","item":"https:\/\/beauty-4-you.se\/en\/shop\/"},{"@type":"ListItem","position":3,"name":"Yon-Ka Cleansing Gel 75ml"}]},{"@type":"WebSite","@id":"https:\/\/beauty-4-you.se\/en\/#website","url":"https:\/\/beauty-4-you.se\/en\/","name":"Beauty 4 You","description":"F\u00f6r att du f\u00f6rtj\u00e4nar det!","publisher":{"@id":"https:\/\/beauty-4-you.se\/en\/#organization"},"potentialAction":[{"@type":"SearchAction","target":{"@type":"EntryPoint","urlTemplate":"https:\/\/beauty-4-you.se\/en\/?s={search_term_string}"},"query-input":{"@type":"PropertyValueSpecification","valueRequired":true,"valueName":"search_term_string"}}],"inLanguage":"sv-SE"},{"@type":"Organization","@id":"https:\/\/beauty-4-you.se\/en\/#organization","name":"Beauty 4 You","alternateName":"Beauty 4 You Lule\u00e5","url":"https:\/\/beauty-4-you.se\/en\/","logo":{"@type":"ImageObject","inLanguage":"sv-SE","@id":"https:\/\/beauty-4-you.se\/en\/#\/schema\/logo\/image\/","url":"https:\/\/beauty-4-you.se\/wp-content\/uploads\/2021\/11\/Logo-400x750-Elips-Burgundy-e1730722027193.png","contentUrl":"https:\/\/beauty-4-you.se\/wp-content\/uploads\/2021\/11\/Logo-400x750-Elips-Burgundy-e1730722027193.png","width":281,"height":150,"caption":"Beauty 4 You"},"image":{"@id":"https:\/\/beauty-4-you.se\/en\/#\/schema\/logo\/image\/"},"sameAs":["https:\/\/www.facebook.com\/Alina.Beauty4You","https:\/\/x.com\/Beauty4youLule"]}]}},"_links":{"self":[{"href":"https:\/\/beauty-4-you.se\/sv\/wp-json\/wp\/v2\/product\/123746","targetHints":{"allow":["GET"]}}],"collection":[{"href":"https:\/\/beauty-4-you.se\/sv\/wp-json\/wp\/v2\/product"}],"about":[{"href":"https:\/\/beauty-4-you.se\/sv\/wp-json\/wp\/v2\/types\/product"}],"replies":[{"embeddable":true,"href":"https:\/\/beauty-4-you.se\/sv\/wp-json\/wp\/v2\/comments?post=123746"}],"wp:featuredmedia":[{"embeddable":true,"href":"https:\/\/beauty-4-you.se\/sv\/wp-json\/wp\/v2\/media\/123756"}],"wp:attachment":[{"href":"https:\/\/beauty-4-you.se\/sv\/wp-json\/wp\/v2\/media?parent=123746"}],"wp:term":[{"taxonomy":"product_brand","embeddable":true,"href":"https:\/\/beauty-4-you.se\/sv\/wp-json\/wp\/v2\/product_brand?post=123746"},{"taxonomy":"product_cat","embeddable":true,"href":"https:\/\/beauty-4-you.se\/sv\/wp-json\/wp\/v2\/product_cat?post=123746"},{"taxonomy":"product_tag","embeddable":true,"href":"https:\/\/beauty-4-you.se\/sv\/wp-json\/wp\/v2\/product_tag?post=123746"}],"curies":[{"name":"wp","href":"https:\/\/api.w.org\/{rel}","templated":true}]}}