{"id":123738,"date":"2023-03-28T11:50:37","date_gmt":"2023-03-28T09:50:37","guid":{"rendered":"https:\/\/beauty-4-you.se\/?post_type=product&#038;p=123738"},"modified":"2023-03-28T12:07:14","modified_gmt":"2023-03-28T10:07:14","slug":"yon-ka-cleansing-gel-200ml","status":"publish","type":"product","link":"https:\/\/beauty-4-you.se\/sv\/produkt\/yon-ka-cleansing-gel-200ml\/","title":{"rendered":"Yon-Ka Cleansing Gel 200ml"},"content":{"rendered":"","protected":false},"excerpt":{"rendered":"<p><strong>Reng\u00f6ring \u2013 Sminkborttagning.<\/strong><\/p>\n<p>Denna havsbl\u00e5 gel med sin milda och l\u00e4tta mousse passar alla hudtyper. Den tar bort mjuk makeup fr\u00e5n ansikte, \u00f6gonlock och \u00f6gonfransar, reng\u00f6r och vitaliserar huden. Den \u00e4r skonsam mot hudens egna hydrolipidala skyddsmembran och g\u00f6r huden len, fr\u00e4sch och behaglig.<\/p>\n<p class=\"p1\"><strong>Vem ska anv\u00e4nda produkten?<br \/>\n<\/strong>Kan anv\u00e4ndas av alla hudtyper. Fet hud, akne rann, mogen, k\u00e4nslig, torr.<br \/>\nKan anv\u00e4ndas b\u00e5de morgon och kv\u00e4ll. Forma ett l\u00f6dder med fingertopparna och massera f\u00f6rsiktigt ansiktet. Sk\u00f6lj med varmt vatten.<\/p>\n<p class=\"p1\"><strong>Vad g\u00f6r produkten?<\/strong><br \/>\nGeln\u00e4t yantic ren hud fr\u00e5n smuts, oljor och smink. R\u00f6da alger och lavendel skyddar och lugnar huden genom att minska rodnad och inflammation. Vitamin A \u00f6kar cellf\u00f6rnyelsen och huden exfolieras s\u00e5 att den inte l\u00e4ngre ser sorgsen ut utan f\u00e5r tillbaka sin lyster.<\/p>\n<p class=\"p1\"><strong>Aktiva ingredienser:<\/strong>Iris, skonsamma reng\u00f6rings\u00e4mnen av vegetabiliskt ursprung, r\u00f6da alger, eteriska oljor av lavendel, geranium, cubeba.<\/p>","protected":false},"featured_media":123742,"comment_status":"open","ping_status":"closed","template":"","meta":[],"product_brand":[],"product_cat":[59],"product_tag":[],"class_list":{"0":"post-123738","1":"product","2":"type-product","3":"status-publish","4":"has-post-thumbnail","6":"product_cat-face-cream","7":"description-off","9":"first","10":"instock","11":"taxable","12":"shipping-taxable","13":"purchasable","14":"product-type-simple"},"yoast_head":"<!-- This site is optimized with the Yoast SEO plugin v27.5 - https:\/\/yoast.com\/product\/yoast-seo-wordpress\/ -->\n<title>Yon-Ka Cleansing Gel 200ml - Beauty 4 You<\/title>\n<meta name=\"robots\" content=\"index, follow, max-snippet:-1, max-image-preview:large, max-video-preview:-1\" \/>\n<link rel=\"canonical\" href=\"https:\/\/beauty-4-you.se\/sv\/produkt\/yon-ka-cleansing-gel-200ml\/\" \/>\n<meta property=\"og:locale\" content=\"sv_SE\" \/>\n<meta property=\"og:type\" content=\"article\" \/>\n<meta property=\"og:title\" content=\"Yon-Ka Cleansing Gel 200ml - Beauty 4 You\" \/>\n<meta property=\"og:description\" content=\"Cleaning - Makeup Removal.  This sea blue gel with its mild and light mousse is suitable for all skin types. It removes soft makeup from face, eyelids and eyelashes, clean and revitalize the skin. It is gentle to the skin&#039;s own hydrolipidal protective membranes and makes the skin smooth, fresh and comfortable. Who should use the product? Can be used by all skin types. Oily skin, acne ran, mature, sensitive, dry. Can be used both morning and evening. Form a lather with the fingertips and gently massage the face. Rinse with hot water. What does the product do? Gel net yantic clean skin from dirt, oils and makeup. Red algae and Lavender protects and soothes the skin by reducing redness and inflammation. Vitamin A increases cell renewal and the skin is exfoliated so it no longer looks grievely but get back its luster. Active ingredients:Iris, gentle cleaning substances of vegetable origin, red algae, essential oils of lavender, geranium, cubeba.\" \/>\n<meta property=\"og:url\" content=\"https:\/\/beauty-4-you.se\/sv\/produkt\/yon-ka-cleansing-gel-200ml\/\" \/>\n<meta property=\"og:site_name\" content=\"Beauty 4 You\" \/>\n<meta property=\"article:publisher\" content=\"https:\/\/www.facebook.com\/Alina.Beauty4You\" \/>\n<meta property=\"article:modified_time\" content=\"2023-03-28T10:07:14+00:00\" \/>\n<meta property=\"og:image\" content=\"https:\/\/beauty-4-you.se\/wp-content\/uploads\/2023\/03\/yon-ka-cleansing-gel-200.webp\" \/>\n\t<meta property=\"og:image:width\" content=\"1500\" \/>\n\t<meta property=\"og:image:height\" content=\"1500\" \/>\n\t<meta property=\"og:image:type\" content=\"image\/webp\" \/>\n<meta name=\"twitter:card\" content=\"summary_large_image\" \/>\n<meta name=\"twitter:site\" content=\"@Beauty4youLule\" \/>\n<script type=\"application\/ld+json\" class=\"yoast-schema-graph\">{\"@context\":\"https:\\\/\\\/schema.org\",\"@graph\":[{\"@type\":\"WebPage\",\"@id\":\"https:\\\/\\\/beauty-4-you.se\\\/product\\\/yon-ka-cleansing-gel-200ml\\\/\",\"url\":\"https:\\\/\\\/beauty-4-you.se\\\/product\\\/yon-ka-cleansing-gel-200ml\\\/\",\"name\":\"Yon-Ka Cleansing Gel 200ml - Beauty 4 You\",\"isPartOf\":{\"@id\":\"https:\\\/\\\/beauty-4-you.se\\\/en\\\/#website\"},\"primaryImageOfPage\":{\"@id\":\"https:\\\/\\\/beauty-4-you.se\\\/product\\\/yon-ka-cleansing-gel-200ml\\\/#primaryimage\"},\"image\":{\"@id\":\"https:\\\/\\\/beauty-4-you.se\\\/product\\\/yon-ka-cleansing-gel-200ml\\\/#primaryimage\"},\"thumbnailUrl\":\"https:\\\/\\\/beauty-4-you.se\\\/wp-content\\\/uploads\\\/2023\\\/03\\\/yon-ka-cleansing-gel-200.webp\",\"datePublished\":\"2023-03-28T09:50:37+00:00\",\"dateModified\":\"2023-03-28T10:07:14+00:00\",\"breadcrumb\":{\"@id\":\"https:\\\/\\\/beauty-4-you.se\\\/product\\\/yon-ka-cleansing-gel-200ml\\\/#breadcrumb\"},\"inLanguage\":\"sv-SE\",\"potentialAction\":[{\"@type\":\"ReadAction\",\"target\":[\"https:\\\/\\\/beauty-4-you.se\\\/product\\\/yon-ka-cleansing-gel-200ml\\\/\"]}]},{\"@type\":\"ImageObject\",\"inLanguage\":\"sv-SE\",\"@id\":\"https:\\\/\\\/beauty-4-you.se\\\/product\\\/yon-ka-cleansing-gel-200ml\\\/#primaryimage\",\"url\":\"https:\\\/\\\/beauty-4-you.se\\\/wp-content\\\/uploads\\\/2023\\\/03\\\/yon-ka-cleansing-gel-200.webp\",\"contentUrl\":\"https:\\\/\\\/beauty-4-you.se\\\/wp-content\\\/uploads\\\/2023\\\/03\\\/yon-ka-cleansing-gel-200.webp\",\"width\":1500,\"height\":1500,\"caption\":\"Yon-Ka Gel Nettoyant 200ml cleansing gel product\"},{\"@type\":\"BreadcrumbList\",\"@id\":\"https:\\\/\\\/beauty-4-you.se\\\/product\\\/yon-ka-cleansing-gel-200ml\\\/#breadcrumb\",\"itemListElement\":[{\"@type\":\"ListItem\",\"position\":1,\"name\":\"Home\",\"item\":\"https:\\\/\\\/beauty-4-you.se\\\/\"},{\"@type\":\"ListItem\",\"position\":2,\"name\":\"Products\",\"item\":\"https:\\\/\\\/beauty-4-you.se\\\/en\\\/shop\\\/\"},{\"@type\":\"ListItem\",\"position\":3,\"name\":\"Yon-Ka Cleansing Gel 200ml\"}]},{\"@type\":\"WebSite\",\"@id\":\"https:\\\/\\\/beauty-4-you.se\\\/en\\\/#website\",\"url\":\"https:\\\/\\\/beauty-4-you.se\\\/en\\\/\",\"name\":\"Beauty 4 You\",\"description\":\"Because you deserve it!\",\"publisher\":{\"@id\":\"https:\\\/\\\/beauty-4-you.se\\\/en\\\/#organization\"},\"potentialAction\":[{\"@type\":\"SearchAction\",\"target\":{\"@type\":\"EntryPoint\",\"urlTemplate\":\"https:\\\/\\\/beauty-4-you.se\\\/en\\\/?s={search_term_string}\"},\"query-input\":{\"@type\":\"PropertyValueSpecification\",\"valueRequired\":true,\"valueName\":\"search_term_string\"}}],\"inLanguage\":\"sv-SE\"},{\"@type\":\"Organization\",\"@id\":\"https:\\\/\\\/beauty-4-you.se\\\/en\\\/#organization\",\"name\":\"Beauty 4 You\",\"alternateName\":\"Beauty 4 You Lule\u00e5\",\"url\":\"https:\\\/\\\/beauty-4-you.se\\\/en\\\/\",\"logo\":{\"@type\":\"ImageObject\",\"inLanguage\":\"sv-SE\",\"@id\":\"https:\\\/\\\/beauty-4-you.se\\\/en\\\/#\\\/schema\\\/logo\\\/image\\\/\",\"url\":\"https:\\\/\\\/beauty-4-you.se\\\/wp-content\\\/uploads\\\/2021\\\/11\\\/Logo-400x750-Elips-Burgundy-e1730722027193.png\",\"contentUrl\":\"https:\\\/\\\/beauty-4-you.se\\\/wp-content\\\/uploads\\\/2021\\\/11\\\/Logo-400x750-Elips-Burgundy-e1730722027193.png\",\"width\":281,\"height\":150,\"caption\":\"Beauty 4 You\"},\"image\":{\"@id\":\"https:\\\/\\\/beauty-4-you.se\\\/en\\\/#\\\/schema\\\/logo\\\/image\\\/\"},\"sameAs\":[\"https:\\\/\\\/www.facebook.com\\\/Alina.Beauty4You\",\"https:\\\/\\\/x.com\\\/Beauty4youLule\"]}]}<\/script>\n<!-- \/ Yoast SEO plugin. -->","yoast_head_json":{"title":"Yon-Ka Cleansing Gel 200ml - Beauty 4 You","robots":{"index":"index","follow":"follow","max-snippet":"max-snippet:-1","max-image-preview":"max-image-preview:large","max-video-preview":"max-video-preview:-1"},"canonical":"https:\/\/beauty-4-you.se\/sv\/produkt\/yon-ka-cleansing-gel-200ml\/","og_locale":"sv_SE","og_type":"article","og_title":"Yon-Ka Cleansing Gel 200ml - Beauty 4 You","og_description":"Cleaning - Makeup Removal.  This sea blue gel with its mild and light mousse is suitable for all skin types. It removes soft makeup from face, eyelids and eyelashes, clean and revitalize the skin. It is gentle to the skin's own hydrolipidal protective membranes and makes the skin smooth, fresh and comfortable. Who should use the product? Can be used by all skin types. Oily skin, acne ran, mature, sensitive, dry. Can be used both morning and evening. Form a lather with the fingertips and gently massage the face. Rinse with hot water. What does the product do? Gel net yantic clean skin from dirt, oils and makeup. Red algae and Lavender protects and soothes the skin by reducing redness and inflammation. Vitamin A increases cell renewal and the skin is exfoliated so it no longer looks grievely but get back its luster. Active ingredients:Iris, gentle cleaning substances of vegetable origin, red algae, essential oils of lavender, geranium, cubeba.","og_url":"https:\/\/beauty-4-you.se\/sv\/produkt\/yon-ka-cleansing-gel-200ml\/","og_site_name":"Beauty 4 You","article_publisher":"https:\/\/www.facebook.com\/Alina.Beauty4You","article_modified_time":"2023-03-28T10:07:14+00:00","og_image":[{"width":1500,"height":1500,"url":"https:\/\/beauty-4-you.se\/wp-content\/uploads\/2023\/03\/yon-ka-cleansing-gel-200.webp","type":"image\/webp"}],"twitter_card":"summary_large_image","twitter_site":"@Beauty4youLule","schema":{"@context":"https:\/\/schema.org","@graph":[{"@type":"WebPage","@id":"https:\/\/beauty-4-you.se\/product\/yon-ka-cleansing-gel-200ml\/","url":"https:\/\/beauty-4-you.se\/product\/yon-ka-cleansing-gel-200ml\/","name":"Yon-Ka Cleansing Gel 200ml - Beauty 4 You","isPartOf":{"@id":"https:\/\/beauty-4-you.se\/en\/#website"},"primaryImageOfPage":{"@id":"https:\/\/beauty-4-you.se\/product\/yon-ka-cleansing-gel-200ml\/#primaryimage"},"image":{"@id":"https:\/\/beauty-4-you.se\/product\/yon-ka-cleansing-gel-200ml\/#primaryimage"},"thumbnailUrl":"https:\/\/beauty-4-you.se\/wp-content\/uploads\/2023\/03\/yon-ka-cleansing-gel-200.webp","datePublished":"2023-03-28T09:50:37+00:00","dateModified":"2023-03-28T10:07:14+00:00","breadcrumb":{"@id":"https:\/\/beauty-4-you.se\/product\/yon-ka-cleansing-gel-200ml\/#breadcrumb"},"inLanguage":"sv-SE","potentialAction":[{"@type":"ReadAction","target":["https:\/\/beauty-4-you.se\/product\/yon-ka-cleansing-gel-200ml\/"]}]},{"@type":"ImageObject","inLanguage":"sv-SE","@id":"https:\/\/beauty-4-you.se\/product\/yon-ka-cleansing-gel-200ml\/#primaryimage","url":"https:\/\/beauty-4-you.se\/wp-content\/uploads\/2023\/03\/yon-ka-cleansing-gel-200.webp","contentUrl":"https:\/\/beauty-4-you.se\/wp-content\/uploads\/2023\/03\/yon-ka-cleansing-gel-200.webp","width":1500,"height":1500,"caption":"Yon-Ka Gel Nettoyant 200ml cleansing gel product"},{"@type":"BreadcrumbList","@id":"https:\/\/beauty-4-you.se\/product\/yon-ka-cleansing-gel-200ml\/#breadcrumb","itemListElement":[{"@type":"ListItem","position":1,"name":"Home","item":"https:\/\/beauty-4-you.se\/"},{"@type":"ListItem","position":2,"name":"Products","item":"https:\/\/beauty-4-you.se\/en\/shop\/"},{"@type":"ListItem","position":3,"name":"Yon-Ka Cleansing Gel 200ml"}]},{"@type":"WebSite","@id":"https:\/\/beauty-4-you.se\/en\/#website","url":"https:\/\/beauty-4-you.se\/en\/","name":"Beauty 4 You","description":"F\u00f6r att du f\u00f6rtj\u00e4nar det!","publisher":{"@id":"https:\/\/beauty-4-you.se\/en\/#organization"},"potentialAction":[{"@type":"SearchAction","target":{"@type":"EntryPoint","urlTemplate":"https:\/\/beauty-4-you.se\/en\/?s={search_term_string}"},"query-input":{"@type":"PropertyValueSpecification","valueRequired":true,"valueName":"search_term_string"}}],"inLanguage":"sv-SE"},{"@type":"Organization","@id":"https:\/\/beauty-4-you.se\/en\/#organization","name":"Beauty 4 You","alternateName":"Beauty 4 You Lule\u00e5","url":"https:\/\/beauty-4-you.se\/en\/","logo":{"@type":"ImageObject","inLanguage":"sv-SE","@id":"https:\/\/beauty-4-you.se\/en\/#\/schema\/logo\/image\/","url":"https:\/\/beauty-4-you.se\/wp-content\/uploads\/2021\/11\/Logo-400x750-Elips-Burgundy-e1730722027193.png","contentUrl":"https:\/\/beauty-4-you.se\/wp-content\/uploads\/2021\/11\/Logo-400x750-Elips-Burgundy-e1730722027193.png","width":281,"height":150,"caption":"Beauty 4 You"},"image":{"@id":"https:\/\/beauty-4-you.se\/en\/#\/schema\/logo\/image\/"},"sameAs":["https:\/\/www.facebook.com\/Alina.Beauty4You","https:\/\/x.com\/Beauty4youLule"]}]}},"_links":{"self":[{"href":"https:\/\/beauty-4-you.se\/sv\/wp-json\/wp\/v2\/product\/123738","targetHints":{"allow":["GET"]}}],"collection":[{"href":"https:\/\/beauty-4-you.se\/sv\/wp-json\/wp\/v2\/product"}],"about":[{"href":"https:\/\/beauty-4-you.se\/sv\/wp-json\/wp\/v2\/types\/product"}],"replies":[{"embeddable":true,"href":"https:\/\/beauty-4-you.se\/sv\/wp-json\/wp\/v2\/comments?post=123738"}],"wp:featuredmedia":[{"embeddable":true,"href":"https:\/\/beauty-4-you.se\/sv\/wp-json\/wp\/v2\/media\/123742"}],"wp:attachment":[{"href":"https:\/\/beauty-4-you.se\/sv\/wp-json\/wp\/v2\/media?parent=123738"}],"wp:term":[{"taxonomy":"product_brand","embeddable":true,"href":"https:\/\/beauty-4-you.se\/sv\/wp-json\/wp\/v2\/product_brand?post=123738"},{"taxonomy":"product_cat","embeddable":true,"href":"https:\/\/beauty-4-you.se\/sv\/wp-json\/wp\/v2\/product_cat?post=123738"},{"taxonomy":"product_tag","embeddable":true,"href":"https:\/\/beauty-4-you.se\/sv\/wp-json\/wp\/v2\/product_tag?post=123738"}],"curies":[{"name":"wp","href":"https:\/\/api.w.org\/{rel}","templated":true}]}}