{"id":114327,"date":"2022-11-05T09:13:29","date_gmt":"2022-11-05T08:13:29","guid":{"rendered":"https:\/\/beauty-4-you.se\/?post_type=product&#038;p=114327"},"modified":"2023-10-24T10:23:13","modified_gmt":"2023-10-24T08:23:13","slug":"gift-voucher-friskvard","status":"publish","type":"product","link":"https:\/\/beauty-4-you.se\/sv\/produkt\/gift-voucher-friskvard\/","title":{"rendered":"Friskv\u00e5rdskort"},"content":{"rendered":"<div data-elementor-type=\"wp-post\" data-elementor-id=\"114327\" class=\"elementor elementor-114327\" data-elementor-settings=\"{&quot;ha_cmc_init_switcher&quot;:&quot;no&quot;,&quot;element_pack_global_tooltip_width&quot;:{&quot;unit&quot;:&quot;px&quot;,&quot;size&quot;:&quot;&quot;,&quot;sizes&quot;:[]},&quot;element_pack_global_tooltip_width_tablet&quot;:{&quot;unit&quot;:&quot;px&quot;,&quot;size&quot;:&quot;&quot;,&quot;sizes&quot;:[]},&quot;element_pack_global_tooltip_width_mobile&quot;:{&quot;unit&quot;:&quot;px&quot;,&quot;size&quot;:&quot;&quot;,&quot;sizes&quot;:[]},&quot;element_pack_global_tooltip_padding&quot;:{&quot;unit&quot;:&quot;px&quot;,&quot;top&quot;:&quot;&quot;,&quot;right&quot;:&quot;&quot;,&quot;bottom&quot;:&quot;&quot;,&quot;left&quot;:&quot;&quot;,&quot;isLinked&quot;:true},&quot;element_pack_global_tooltip_padding_tablet&quot;:{&quot;unit&quot;:&quot;px&quot;,&quot;top&quot;:&quot;&quot;,&quot;right&quot;:&quot;&quot;,&quot;bottom&quot;:&quot;&quot;,&quot;left&quot;:&quot;&quot;,&quot;isLinked&quot;:true},&quot;element_pack_global_tooltip_padding_mobile&quot;:{&quot;unit&quot;:&quot;px&quot;,&quot;top&quot;:&quot;&quot;,&quot;right&quot;:&quot;&quot;,&quot;bottom&quot;:&quot;&quot;,&quot;left&quot;:&quot;&quot;,&quot;isLinked&quot;:true},&quot;element_pack_global_tooltip_border_radius&quot;:{&quot;unit&quot;:&quot;px&quot;,&quot;top&quot;:&quot;&quot;,&quot;right&quot;:&quot;&quot;,&quot;bottom&quot;:&quot;&quot;,&quot;left&quot;:&quot;&quot;,&quot;isLinked&quot;:true},&quot;element_pack_global_tooltip_border_radius_tablet&quot;:{&quot;unit&quot;:&quot;px&quot;,&quot;top&quot;:&quot;&quot;,&quot;right&quot;:&quot;&quot;,&quot;bottom&quot;:&quot;&quot;,&quot;left&quot;:&quot;&quot;,&quot;isLinked&quot;:true},&quot;element_pack_global_tooltip_border_radius_mobile&quot;:{&quot;unit&quot;:&quot;px&quot;,&quot;top&quot;:&quot;&quot;,&quot;right&quot;:&quot;&quot;,&quot;bottom&quot;:&quot;&quot;,&quot;left&quot;:&quot;&quot;,&quot;isLinked&quot;:true}}\">\n\t\t\t\t\t\t<section class=\"elementor-section elementor-top-section elementor-element elementor-element-201a0e92 elementor-section-boxed elementor-section-height-default elementor-section-height-default\" data-id=\"201a0e92\" data-element_type=\"section\" data-e-type=\"section\" data-settings=\"{&quot;_ob_glider_is_slider&quot;:&quot;no&quot;,&quot;_ha_eqh_enable&quot;:false}\">\n\t\t\t\t\t\t<div class=\"elementor-container elementor-column-gap-default\">\n\t\t\t\t\t<div class=\"elementor-column elementor-col-100 elementor-top-column elementor-element elementor-element-21fa2a57\" data-id=\"21fa2a57\" data-element_type=\"column\" data-e-type=\"column\" data-settings=\"{&quot;_ob_column_hoveranimator&quot;:&quot;no&quot;,&quot;_ob_column_has_pseudo&quot;:&quot;no&quot;}\">\n\t\t\t<div class=\"elementor-widget-wrap elementor-element-populated\">\n\t\t\t\t\t\t<div class=\"elementor-element elementor-element-3b2f6504 ob-harakiri-inherit ob-has-background-overlay elementor-widget elementor-widget-text-editor\" data-id=\"3b2f6504\" data-element_type=\"widget\" data-e-type=\"widget\" data-settings=\"{&quot;_ob_use_harakiri&quot;:&quot;yes&quot;,&quot;_ob_harakiri_writing_mode&quot;:&quot;inherit&quot;,&quot;_ob_postman_use&quot;:&quot;no&quot;,&quot;_ob_widget_stalker_use&quot;:&quot;no&quot;,&quot;_ob_poopart_use&quot;:&quot;yes&quot;,&quot;_ob_shadough_use&quot;:&quot;no&quot;,&quot;_ob_allow_hoveranimator&quot;:&quot;no&quot;}\" data-widget_type=\"text-editor.default\">\n\t\t\t\t<div class=\"elementor-widget-container\">\n\t\t\t\t\t\t\t\t\t<p>Steg f\u00f6r att best\u00e4lla:<\/p><ol><li>V\u00e4lj det kupongbelopp du \u00f6nskar<\/li><li>Efter val kommer tre nya f\u00e4lt att vara tillg\u00e4ngliga f\u00f6r produktion av presentkortet<ul><li>Mottagarens namn: Namnet p\u00e5 den som ska f\u00e5 kortet<\/li><li>Mottagarens e-post: E-postadressen till vem du ska skicka kupongkortet<\/li><li>Mottagarmeddelande: Ett f\u00e4lt f\u00f6r att definiera om det finns n\u00e5gon obligatorisk information som kr\u00e4vs av arbetsgivaren f\u00f6r just ditt f\u00f6retag. Uppgifter som svenskt personnummer eller till exempel anst\u00e4lldsnummer<\/li><\/ul><\/li><li>Efter att ha fyllt i ovanst\u00e5ende f\u00e4lt v\u00e4nligen l\u00e4gg den valda produkten i ink\u00f6pskorgen och forts\u00e4tt med kreditkortsbetalning.<\/li><li>Vid lyckad betalning kommer presentkortet att skickas till mottagarens e-post och fakturan kommer att skickas till anv\u00e4ndaren (om det skulle vara en annorlunda email adress)<\/li><li>Ditt presentkortsv\u00e4rde kommer att lagras i v\u00e5rt bokningssystem och kan d\u00e4refter anv\u00e4ndas som betalningsmedel f\u00f6r bokade tj\u00e4nster.<\/li><\/ol><p>Reglerna f\u00f6r avdragsgilla h\u00e4lsov\u00e5rdsf\u00f6rm\u00e5ner finns p\u00e5 Skatteverkets sida <a href=\"https:\/\/skatteverket.se\/privat\/skatter\/arbeteochinkomst\/formaner\/personalvardmotionochfriskvard.4.7459477810df5bccdd4800014540.html\"><span style=\"text-decoration: underline;\"><strong>h\u00e4r.<\/strong><\/span><\/a><\/p>\t\t\t\t\t\t\t\t<\/div>\n\t\t\t\t<\/div>\n\t\t\t\t\t<\/div>\n\t\t<\/div>\n\t\t\t\t\t<\/div>\n\t\t<\/section>\n\t\t\t\t<\/div>","protected":false},"excerpt":{"rendered":"<p>H\u00e4r kan du best\u00e4lla ett presentkort f\u00f6r avdragsgill friskv\u00e5rd som du senare kan anv\u00e4nda f\u00f6r massagetj\u00e4nster.<\/p>\n<p>Du kan v\u00e4lja ett v\u00e4rde fr\u00e5n 500 till 5000 SEK och betala med ditt kreditkort.<\/p>\n<p>Presentkortet kan sedan anv\u00e4ndas n\u00e4r du betalar f\u00f6r bokade tj\u00e4nster. Efter betalning mailar vi dig presentkortet och en faktura s\u00e5 att du kan kr\u00e4va ers\u00e4ttning fr\u00e5n din arbetsgivare.<\/p>\n<p>Viktigt:<br \/>\nDu m\u00e5ste sj\u00e4lv kontrollera reglerna med just din arbetsgivare och meddela oss i f\u00e4ltet nedan \"Mottagares Meddelande\" om vi beh\u00f6ver l\u00e4gga till n\u00e5gra s\u00e4rskilda uppgifter p\u00e5 presentkortet som tex ditt personnummer, anst\u00e4llningsnummer etc.<\/p>\n<p>Kom ih\u00e5g att ange ditt namn och din e-postadress i respektive f\u00e4lt f\u00f6r presentkortet.<\/p>","protected":false},"featured_media":114345,"comment_status":"open","ping_status":"closed","template":"","meta":[],"product_brand":[],"product_cat":[149],"product_tag":[150,151,131],"class_list":{"0":"post-114327","1":"product","2":"type-product","3":"status-publish","4":"has-post-thumbnail","6":"product_cat-friskvard","7":"product_tag-friskvardskort","8":"product_tag-massage","9":"product_tag-presentkort","11":"first","12":"instock","13":"sold-individually","14":"taxable","15":"shipping-taxable","16":"purchasable","17":"product-type-variable"},"yoast_head":"<!-- This site is optimized with the Yoast SEO plugin v27.3 - https:\/\/yoast.com\/product\/yoast-seo-wordpress\/ -->\n<title>Friskv\u00e5rdskort - Beauty 4 You<\/title>\n<meta name=\"robots\" content=\"index, follow, max-snippet:-1, max-image-preview:large, max-video-preview:-1\" \/>\n<link rel=\"canonical\" href=\"https:\/\/beauty-4-you.se\/sv\/produkt\/gift-voucher-friskvard\/\" \/>\n<meta property=\"og:locale\" content=\"sv_SE\" \/>\n<meta property=\"og:type\" content=\"article\" \/>\n<meta property=\"og:title\" content=\"Friskv\u00e5rdskort - Beauty 4 You\" \/>\n<meta property=\"og:description\" content=\"Here you can order your Swedish Health Care benefit voucher to be used for massage services.  You can chose a value ranging from 500 to 5000 SEK and pay with your credit card.  The voucher can then be used when you pay for booked services. Upon payment we will email you the gift voucher and an invoice so you can claim compensation from your employer.  Important: You must yourself check the rules with your respective employer and let us know in the message field if we need to add some special information on the invoice such as your personal identity number, employee number etc.  Remember to put you name and your email on the respective field for the voucher..\" \/>\n<meta property=\"og:url\" content=\"https:\/\/beauty-4-you.se\/sv\/produkt\/gift-voucher-friskvard\/\" \/>\n<meta property=\"og:site_name\" content=\"Beauty 4 You\" \/>\n<meta property=\"article:publisher\" content=\"https:\/\/www.facebook.com\/Alina.Beauty4You\" \/>\n<meta property=\"article:modified_time\" content=\"2023-10-24T08:23:13+00:00\" \/>\n<meta property=\"og:image\" content=\"https:\/\/beauty-4-you.se\/wp-content\/uploads\/2022\/11\/Friskvardsbidrag.jpeg\" \/>\n\t<meta property=\"og:image:width\" content=\"1200\" \/>\n\t<meta property=\"og:image:height\" content=\"800\" \/>\n\t<meta property=\"og:image:type\" content=\"image\/jpeg\" \/>\n<meta name=\"twitter:card\" content=\"summary_large_image\" \/>\n<meta name=\"twitter:site\" content=\"@Beauty4youLule\" \/>\n<meta name=\"twitter:label1\" content=\"Ber\u00e4knad l\u00e4stid\" \/>\n\t<meta name=\"twitter:data1\" content=\"1 minut\" \/>\n<script type=\"application\/ld+json\" class=\"yoast-schema-graph\">{\"@context\":\"https:\\\/\\\/schema.org\",\"@graph\":[{\"@type\":\"WebPage\",\"@id\":\"https:\\\/\\\/beauty-4-you.se\\\/product\\\/gift-voucher-friskvard\\\/\",\"url\":\"https:\\\/\\\/beauty-4-you.se\\\/product\\\/gift-voucher-friskvard\\\/\",\"name\":\"Friskv\u00e5rdskort - Beauty 4 You\",\"isPartOf\":{\"@id\":\"https:\\\/\\\/beauty-4-you.se\\\/en\\\/#website\"},\"primaryImageOfPage\":{\"@id\":\"https:\\\/\\\/beauty-4-you.se\\\/product\\\/gift-voucher-friskvard\\\/#primaryimage\"},\"image\":{\"@id\":\"https:\\\/\\\/beauty-4-you.se\\\/product\\\/gift-voucher-friskvard\\\/#primaryimage\"},\"thumbnailUrl\":\"https:\\\/\\\/beauty-4-you.se\\\/wp-content\\\/uploads\\\/2022\\\/11\\\/Friskvardsbidrag.jpeg\",\"datePublished\":\"2022-11-05T08:13:29+00:00\",\"dateModified\":\"2023-10-24T08:23:13+00:00\",\"breadcrumb\":{\"@id\":\"https:\\\/\\\/beauty-4-you.se\\\/product\\\/gift-voucher-friskvard\\\/#breadcrumb\"},\"inLanguage\":\"sv-SE\",\"potentialAction\":[{\"@type\":\"ReadAction\",\"target\":[\"https:\\\/\\\/beauty-4-you.se\\\/product\\\/gift-voucher-friskvard\\\/\"]}]},{\"@type\":\"ImageObject\",\"inLanguage\":\"sv-SE\",\"@id\":\"https:\\\/\\\/beauty-4-you.se\\\/product\\\/gift-voucher-friskvard\\\/#primaryimage\",\"url\":\"https:\\\/\\\/beauty-4-you.se\\\/wp-content\\\/uploads\\\/2022\\\/11\\\/Friskvardsbidrag.jpeg\",\"contentUrl\":\"https:\\\/\\\/beauty-4-you.se\\\/wp-content\\\/uploads\\\/2022\\\/11\\\/Friskvardsbidrag.jpeg\",\"width\":1200,\"height\":800},{\"@type\":\"BreadcrumbList\",\"@id\":\"https:\\\/\\\/beauty-4-you.se\\\/product\\\/gift-voucher-friskvard\\\/#breadcrumb\",\"itemListElement\":[{\"@type\":\"ListItem\",\"position\":1,\"name\":\"Home\",\"item\":\"https:\\\/\\\/beauty-4-you.se\\\/\"},{\"@type\":\"ListItem\",\"position\":2,\"name\":\"Products\",\"item\":\"https:\\\/\\\/beauty-4-you.se\\\/en\\\/shop\\\/\"},{\"@type\":\"ListItem\",\"position\":3,\"name\":\"Friskv\u00e5rdskort\"}]},{\"@type\":\"WebSite\",\"@id\":\"https:\\\/\\\/beauty-4-you.se\\\/en\\\/#website\",\"url\":\"https:\\\/\\\/beauty-4-you.se\\\/en\\\/\",\"name\":\"Beauty 4 You\",\"description\":\"Because you deserve it!\",\"publisher\":{\"@id\":\"https:\\\/\\\/beauty-4-you.se\\\/en\\\/#organization\"},\"potentialAction\":[{\"@type\":\"SearchAction\",\"target\":{\"@type\":\"EntryPoint\",\"urlTemplate\":\"https:\\\/\\\/beauty-4-you.se\\\/en\\\/?s={search_term_string}\"},\"query-input\":{\"@type\":\"PropertyValueSpecification\",\"valueRequired\":true,\"valueName\":\"search_term_string\"}}],\"inLanguage\":\"sv-SE\"},{\"@type\":\"Organization\",\"@id\":\"https:\\\/\\\/beauty-4-you.se\\\/en\\\/#organization\",\"name\":\"Beauty 4 You\",\"alternateName\":\"Beauty 4 You Lule\u00e5\",\"url\":\"https:\\\/\\\/beauty-4-you.se\\\/en\\\/\",\"logo\":{\"@type\":\"ImageObject\",\"inLanguage\":\"sv-SE\",\"@id\":\"https:\\\/\\\/beauty-4-you.se\\\/en\\\/#\\\/schema\\\/logo\\\/image\\\/\",\"url\":\"https:\\\/\\\/beauty-4-you.se\\\/wp-content\\\/uploads\\\/2021\\\/11\\\/Logo-400x750-Elips-Burgundy-e1730722027193.png\",\"contentUrl\":\"https:\\\/\\\/beauty-4-you.se\\\/wp-content\\\/uploads\\\/2021\\\/11\\\/Logo-400x750-Elips-Burgundy-e1730722027193.png\",\"width\":281,\"height\":150,\"caption\":\"Beauty 4 You\"},\"image\":{\"@id\":\"https:\\\/\\\/beauty-4-you.se\\\/en\\\/#\\\/schema\\\/logo\\\/image\\\/\"},\"sameAs\":[\"https:\\\/\\\/www.facebook.com\\\/Alina.Beauty4You\",\"https:\\\/\\\/x.com\\\/Beauty4youLule\"]}]}<\/script>\n<!-- \/ Yoast SEO plugin. -->","yoast_head_json":{"title":"Friskv\u00e5rdskort - Beauty 4 You","robots":{"index":"index","follow":"follow","max-snippet":"max-snippet:-1","max-image-preview":"max-image-preview:large","max-video-preview":"max-video-preview:-1"},"canonical":"https:\/\/beauty-4-you.se\/sv\/produkt\/gift-voucher-friskvard\/","og_locale":"sv_SE","og_type":"article","og_title":"Friskv\u00e5rdskort - Beauty 4 You","og_description":"Here you can order your Swedish Health Care benefit voucher to be used for massage services.  You can chose a value ranging from 500 to 5000 SEK and pay with your credit card.  The voucher can then be used when you pay for booked services. Upon payment we will email you the gift voucher and an invoice so you can claim compensation from your employer.  Important: You must yourself check the rules with your respective employer and let us know in the message field if we need to add some special information on the invoice such as your personal identity number, employee number etc.  Remember to put you name and your email on the respective field for the voucher..","og_url":"https:\/\/beauty-4-you.se\/sv\/produkt\/gift-voucher-friskvard\/","og_site_name":"Beauty 4 You","article_publisher":"https:\/\/www.facebook.com\/Alina.Beauty4You","article_modified_time":"2023-10-24T08:23:13+00:00","og_image":[{"width":1200,"height":800,"url":"https:\/\/beauty-4-you.se\/wp-content\/uploads\/2022\/11\/Friskvardsbidrag.jpeg","type":"image\/jpeg"}],"twitter_card":"summary_large_image","twitter_site":"@Beauty4youLule","twitter_misc":{"Ber\u00e4knad l\u00e4stid":"1 minut"},"schema":{"@context":"https:\/\/schema.org","@graph":[{"@type":"WebPage","@id":"https:\/\/beauty-4-you.se\/product\/gift-voucher-friskvard\/","url":"https:\/\/beauty-4-you.se\/product\/gift-voucher-friskvard\/","name":"Friskv\u00e5rdskort - Beauty 4 You","isPartOf":{"@id":"https:\/\/beauty-4-you.se\/en\/#website"},"primaryImageOfPage":{"@id":"https:\/\/beauty-4-you.se\/product\/gift-voucher-friskvard\/#primaryimage"},"image":{"@id":"https:\/\/beauty-4-you.se\/product\/gift-voucher-friskvard\/#primaryimage"},"thumbnailUrl":"https:\/\/beauty-4-you.se\/wp-content\/uploads\/2022\/11\/Friskvardsbidrag.jpeg","datePublished":"2022-11-05T08:13:29+00:00","dateModified":"2023-10-24T08:23:13+00:00","breadcrumb":{"@id":"https:\/\/beauty-4-you.se\/product\/gift-voucher-friskvard\/#breadcrumb"},"inLanguage":"sv-SE","potentialAction":[{"@type":"ReadAction","target":["https:\/\/beauty-4-you.se\/product\/gift-voucher-friskvard\/"]}]},{"@type":"ImageObject","inLanguage":"sv-SE","@id":"https:\/\/beauty-4-you.se\/product\/gift-voucher-friskvard\/#primaryimage","url":"https:\/\/beauty-4-you.se\/wp-content\/uploads\/2022\/11\/Friskvardsbidrag.jpeg","contentUrl":"https:\/\/beauty-4-you.se\/wp-content\/uploads\/2022\/11\/Friskvardsbidrag.jpeg","width":1200,"height":800},{"@type":"BreadcrumbList","@id":"https:\/\/beauty-4-you.se\/product\/gift-voucher-friskvard\/#breadcrumb","itemListElement":[{"@type":"ListItem","position":1,"name":"Home","item":"https:\/\/beauty-4-you.se\/"},{"@type":"ListItem","position":2,"name":"Products","item":"https:\/\/beauty-4-you.se\/en\/shop\/"},{"@type":"ListItem","position":3,"name":"Friskv\u00e5rdskort"}]},{"@type":"WebSite","@id":"https:\/\/beauty-4-you.se\/en\/#website","url":"https:\/\/beauty-4-you.se\/en\/","name":"Beauty 4 You","description":"F\u00f6r att du f\u00f6rtj\u00e4nar det!","publisher":{"@id":"https:\/\/beauty-4-you.se\/en\/#organization"},"potentialAction":[{"@type":"SearchAction","target":{"@type":"EntryPoint","urlTemplate":"https:\/\/beauty-4-you.se\/en\/?s={search_term_string}"},"query-input":{"@type":"PropertyValueSpecification","valueRequired":true,"valueName":"search_term_string"}}],"inLanguage":"sv-SE"},{"@type":"Organization","@id":"https:\/\/beauty-4-you.se\/en\/#organization","name":"Beauty 4 You","alternateName":"Beauty 4 You Lule\u00e5","url":"https:\/\/beauty-4-you.se\/en\/","logo":{"@type":"ImageObject","inLanguage":"sv-SE","@id":"https:\/\/beauty-4-you.se\/en\/#\/schema\/logo\/image\/","url":"https:\/\/beauty-4-you.se\/wp-content\/uploads\/2021\/11\/Logo-400x750-Elips-Burgundy-e1730722027193.png","contentUrl":"https:\/\/beauty-4-you.se\/wp-content\/uploads\/2021\/11\/Logo-400x750-Elips-Burgundy-e1730722027193.png","width":281,"height":150,"caption":"Beauty 4 You"},"image":{"@id":"https:\/\/beauty-4-you.se\/en\/#\/schema\/logo\/image\/"},"sameAs":["https:\/\/www.facebook.com\/Alina.Beauty4You","https:\/\/x.com\/Beauty4youLule"]}]}},"_links":{"self":[{"href":"https:\/\/beauty-4-you.se\/sv\/wp-json\/wp\/v2\/product\/114327","targetHints":{"allow":["GET"]}}],"collection":[{"href":"https:\/\/beauty-4-you.se\/sv\/wp-json\/wp\/v2\/product"}],"about":[{"href":"https:\/\/beauty-4-you.se\/sv\/wp-json\/wp\/v2\/types\/product"}],"replies":[{"embeddable":true,"href":"https:\/\/beauty-4-you.se\/sv\/wp-json\/wp\/v2\/comments?post=114327"}],"wp:featuredmedia":[{"embeddable":true,"href":"https:\/\/beauty-4-you.se\/sv\/wp-json\/wp\/v2\/media\/114345"}],"wp:attachment":[{"href":"https:\/\/beauty-4-you.se\/sv\/wp-json\/wp\/v2\/media?parent=114327"}],"wp:term":[{"taxonomy":"product_brand","embeddable":true,"href":"https:\/\/beauty-4-you.se\/sv\/wp-json\/wp\/v2\/product_brand?post=114327"},{"taxonomy":"product_cat","embeddable":true,"href":"https:\/\/beauty-4-you.se\/sv\/wp-json\/wp\/v2\/product_cat?post=114327"},{"taxonomy":"product_tag","embeddable":true,"href":"https:\/\/beauty-4-you.se\/sv\/wp-json\/wp\/v2\/product_tag?post=114327"}],"curies":[{"name":"wp","href":"https:\/\/api.w.org\/{rel}","templated":true}]}}