{"id":30874,"date":"2021-12-13T12:00:52","date_gmt":"2021-12-13T11:00:52","guid":{"rendered":"https:\/\/beauty-4-you.se\/?page_id=30874"},"modified":"2021-12-30T09:22:43","modified_gmt":"2021-12-30T08:22:43","slug":"commenting-policy","status":"publish","type":"page","link":"https:\/\/beauty-4-you.se\/sv\/commenting-policy\/","title":{"rendered":"Inl\u00e4ggspolicy"},"content":{"rendered":"<div data-elementor-type=\"wp-page\" data-elementor-id=\"30874\" class=\"elementor elementor-30874\">\n\t\t\t\t\t\t<section class=\"elementor-section elementor-top-section elementor-element elementor-element-4a395af1 elementor-section-boxed elementor-section-height-default elementor-section-height-default\" data-id=\"4a395af1\" data-element_type=\"section\" data-e-type=\"section\" data-settings=\"{&quot;_ob_glider_is_slider&quot;:&quot;no&quot;}\">\n\t\t\t\t\t\t<div class=\"elementor-container elementor-column-gap-default\">\n\t\t\t\t\t<div class=\"elementor-column elementor-col-100 elementor-top-column elementor-element elementor-element-52c3d021\" data-id=\"52c3d021\" data-element_type=\"column\" data-e-type=\"column\" data-settings=\"{&quot;_ob_column_hoveranimator&quot;:&quot;no&quot;,&quot;_ob_column_has_pseudo&quot;:&quot;no&quot;}\">\n\t\t\t<div class=\"elementor-widget-wrap elementor-element-populated\">\n\t\t\t\t\t\t<div class=\"elementor-element elementor-element-9dc347f ob-harakiri-inherit ob-has-background-overlay elementor-widget elementor-widget-text-editor\" data-id=\"9dc347f\" data-element_type=\"widget\" data-e-type=\"widget\" data-settings=\"{&quot;_ob_use_harakiri&quot;:&quot;yes&quot;,&quot;_ob_harakiri_writing_mode&quot;:&quot;inherit&quot;,&quot;_ob_postman_use&quot;:&quot;no&quot;,&quot;_ob_widget_stalker_use&quot;:&quot;no&quot;,&quot;_ob_poopart_use&quot;:&quot;yes&quot;,&quot;_ob_shadough_use&quot;:&quot;no&quot;,&quot;_ob_allow_hoveranimator&quot;:&quot;no&quot;}\" data-widget_type=\"text-editor.default\">\n\t\t\t\t<div class=\"elementor-widget-container\">\n\t\t\t\t\t\t\t\t\t<p>V\u00e5r kommentarspolicy v\u00e4gleder oss n\u00e4r det g\u00e4ller v\u00e5ra regler med h\u00e4nvisning till publicerade kommentarer och publicerade recensioner.<\/p>\t\t\t\t\t\t\t\t<\/div>\n\t\t\t\t<\/div>\n\t\t\t\t<div class=\"elementor-element elementor-element-9345205 ob-harakiri-inherit ob-has-background-overlay elementor-widget elementor-widget-heading\" data-id=\"9345205\" data-element_type=\"widget\" data-e-type=\"widget\" data-settings=\"{&quot;_ob_use_harakiri&quot;:&quot;yes&quot;,&quot;_ob_harakiri_writing_mode&quot;:&quot;inherit&quot;,&quot;_ob_harakiri_text_clip&quot;:&quot;none&quot;,&quot;_ob_widget_stalker_use&quot;:&quot;no&quot;,&quot;_ob_poopart_use&quot;:&quot;yes&quot;,&quot;_ob_shadough_use&quot;:&quot;no&quot;,&quot;_ob_allow_hoveranimator&quot;:&quot;no&quot;}\" data-widget_type=\"heading.default\">\n\t\t\t\t<div class=\"elementor-widget-container\">\n\t\t\t\t\t<h3 class=\"elementor-heading-title elementor-size-default\">Allm\u00e4nna riktlinjer f\u00f6r kommentarer<\/h3>\t\t\t\t<\/div>\n\t\t\t\t<\/div>\n\t\t\t\t<div class=\"elementor-element elementor-element-c9768eb ob-harakiri-inherit ob-has-background-overlay elementor-widget elementor-widget-text-editor\" data-id=\"c9768eb\" data-element_type=\"widget\" data-e-type=\"widget\" data-settings=\"{&quot;_ob_use_harakiri&quot;:&quot;yes&quot;,&quot;_ob_harakiri_writing_mode&quot;:&quot;inherit&quot;,&quot;_ob_postman_use&quot;:&quot;no&quot;,&quot;_ob_widget_stalker_use&quot;:&quot;no&quot;,&quot;_ob_poopart_use&quot;:&quot;yes&quot;,&quot;_ob_shadough_use&quot;:&quot;no&quot;,&quot;_ob_allow_hoveranimator&quot;:&quot;no&quot;}\" data-widget_type=\"text-editor.default\">\n\t\t\t\t<div class=\"elementor-widget-container\">\n\t\t\t\t\t\t\t\t\t<p class=\"western\">Vi \u00e4lskar kommentarer om v\u00e5ra tj\u00e4nster, produkter eller artiklar, och vi vill h\u00f6ra vad du respektfullt har att s\u00e4ga. Kom ih\u00e5g att:<\/p><ul><li><p class=\"western\">Var trevlig, artig och h\u00e5ll dig till \u00e4mnet;<\/p><\/li><li><p class=\"western\">Inga svordomar, sk\u00e4mt\/personliga attacker eller ol\u00e4mpligt inneh\u00e5ll;<\/p><\/li><li><p class=\"western\">Om du trakasserar andra eller sk\u00e4mtar om tragedier kommer du att blockeras;<\/p><\/li><li><p class=\"western\">Inga spam-inl\u00e4gg eller inl\u00e4gg som f\u00f6rs\u00f6ker s\u00e4lja n\u00e5got.<\/p><\/li><\/ul><p class=\"western\">Den prim\u00e4ra regeln h\u00e4r \u00e4r ganska enkel: Behandla andra med samma respekt som du vill ha f\u00f6r dig sj\u00e4lv. Trolling och postning av ol\u00e4mpligt inneh\u00e5ll kommer att leda till att du blir f\u00f6rbjuden, och det vill vi inte. Spela fint.<\/p><p class=\"western\">V\u00e5ra moderatorer g\u00f6r sitt b\u00e4sta f\u00f6r att inte radera kommentarer, vi upplever att communityn har individuella, ofta starka \u00e5sikter och synpunkter. Vi f\u00f6rbeh\u00e5ller oss dock r\u00e4tten att ta bort kommentarer av de sk\u00e4l som n\u00e4mns ovan, samt:<\/p><ul><li><p class=\"western\">allt som bryter mot v\u00e5r integritetspolicy;<\/p><\/li><li><p class=\"western\">allt neds\u00e4ttande baserat p\u00e5 ras, religion, hudf\u00e4rg, nationellt ursprung, funktionshinder, sexuell l\u00e4ggning och\/eller p\u00e5 annat s\u00e4tt neds\u00e4ttande p\u00e5 n\u00e5got uppfattat s\u00e4tt;<\/p><\/li><li><p class=\"western\">andra kommentarer som \u00e4r skadliga f\u00f6r samh\u00e4llet.<\/p><\/li><\/ul><p class=\"western\">V\u00e5ra moderatorer f\u00f6rs\u00f6ker f\u00e5nga ol\u00e4mpligt inneh\u00e5ll, men vi hoppas ocks\u00e5 att v\u00e5rt community kommer att hj\u00e4lpa oss att polisera det ocks\u00e5. Om du ser en kommentar som \u00e4r ol\u00e4mplig kan du klicka p\u00e5 den lilla flaggan f\u00f6r att markera den \u00e5t oss. Vi kommer att granska kommentaren och avg\u00f6ra om den ska stanna eller f\u00f6rsvinna.<\/p><p class=\"western\">Dessa riktlinjer \u00e4r inte avsedda och f\u00e5r inte \u00e5beropas f\u00f6r att (och skapar inte) n\u00e5gon r\u00e4ttighet som kan verkst\u00e4llas av n\u00e5gon annan part \u00e4n v\u00e5r verksamhet. Det kr\u00e4ver inte att v\u00e5r verksamhet vidtar (eller ens inte vidtar) n\u00e5gra \u00e5tg\u00e4rder.<\/p><p class=\"western\">V\u00e5r verksamhet kommer ibland att f\u00f6r\u00e4ndra den teknik som driver v\u00e5ra webbplatser. Dessa inkluderar olika mjukvara, h\u00e5rdvara och till och med webbhotell. Vissa kommentarer, s\u00e4rskilt \u00e4ldre, kanske inte \u00e4r tillg\u00e4ngliga i framtida versioner av v\u00e5ra webbplatser.<\/p>\t\t\t\t\t\t\t\t<\/div>\n\t\t\t\t<\/div>\n\t\t\t\t<div class=\"elementor-element elementor-element-bfbc7e4 ob-harakiri-inherit ob-has-background-overlay elementor-widget elementor-widget-heading\" data-id=\"bfbc7e4\" data-element_type=\"widget\" data-e-type=\"widget\" data-settings=\"{&quot;_ob_use_harakiri&quot;:&quot;yes&quot;,&quot;_ob_harakiri_writing_mode&quot;:&quot;inherit&quot;,&quot;_ob_harakiri_text_clip&quot;:&quot;none&quot;,&quot;_ob_widget_stalker_use&quot;:&quot;no&quot;,&quot;_ob_poopart_use&quot;:&quot;yes&quot;,&quot;_ob_shadough_use&quot;:&quot;no&quot;,&quot;_ob_allow_hoveranimator&quot;:&quot;no&quot;}\" data-widget_type=\"heading.default\">\n\t\t\t\t<div class=\"elementor-widget-container\">\n\t\t\t\t\t<h3 class=\"elementor-heading-title elementor-size-default\">Hittar du inte din kommentar p\u00e5 sidan?<\/h3>\t\t\t\t<\/div>\n\t\t\t\t<\/div>\n\t\t\t\t<div class=\"elementor-element elementor-element-64a51d5 ob-harakiri-inherit ob-has-background-overlay elementor-widget elementor-widget-text-editor\" data-id=\"64a51d5\" data-element_type=\"widget\" data-e-type=\"widget\" data-settings=\"{&quot;_ob_use_harakiri&quot;:&quot;yes&quot;,&quot;_ob_harakiri_writing_mode&quot;:&quot;inherit&quot;,&quot;_ob_postman_use&quot;:&quot;no&quot;,&quot;_ob_widget_stalker_use&quot;:&quot;no&quot;,&quot;_ob_poopart_use&quot;:&quot;yes&quot;,&quot;_ob_shadough_use&quot;:&quot;no&quot;,&quot;_ob_allow_hoveranimator&quot;:&quot;no&quot;}\" data-widget_type=\"text-editor.default\">\n\t\t\t\t<div class=\"elementor-widget-container\">\n\t\t\t\t\t\t\t\t\t<ul><li><p class=\"western\">Vi st\u00f6ter ibland p\u00e5 tekniska problem och din kommentar kanske inte har hamnat p\u00e5 v\u00e5r sida.<\/p><\/li><li><p class=\"western\">Vi kanske inte har godk\u00e4nt det eftersom det br\u00f6t mot en av reglerna ovan.<\/p><\/li><li><p class=\"western\">Vi kan ha tagit bort det eftersom det br\u00f6t mot riktlinjerna f\u00f6r kommentarer.<\/p><\/li><\/ul>\t\t\t\t\t\t\t\t<\/div>\n\t\t\t\t<\/div>\n\t\t\t\t<div class=\"elementor-element elementor-element-d9331f9 ob-harakiri-inherit ob-has-background-overlay elementor-widget elementor-widget-heading\" data-id=\"d9331f9\" data-element_type=\"widget\" data-e-type=\"widget\" data-settings=\"{&quot;_ob_use_harakiri&quot;:&quot;yes&quot;,&quot;_ob_harakiri_writing_mode&quot;:&quot;inherit&quot;,&quot;_ob_harakiri_text_clip&quot;:&quot;none&quot;,&quot;_ob_widget_stalker_use&quot;:&quot;no&quot;,&quot;_ob_poopart_use&quot;:&quot;yes&quot;,&quot;_ob_shadough_use&quot;:&quot;no&quot;,&quot;_ob_allow_hoveranimator&quot;:&quot;no&quot;}\" data-widget_type=\"heading.default\">\n\t\t\t\t<div class=\"elementor-widget-container\">\n\t\t\t\t\t<h3 class=\"elementor-heading-title elementor-size-default\">Varf\u00f6r \u00e4r jag blockerad fr\u00e5n att kommentera?<\/h3>\t\t\t\t<\/div>\n\t\t\t\t<\/div>\n\t\t\t\t<div class=\"elementor-element elementor-element-d2205fb ob-harakiri-inherit ob-has-background-overlay elementor-widget elementor-widget-text-editor\" data-id=\"d2205fb\" data-element_type=\"widget\" data-e-type=\"widget\" data-settings=\"{&quot;_ob_use_harakiri&quot;:&quot;yes&quot;,&quot;_ob_harakiri_writing_mode&quot;:&quot;inherit&quot;,&quot;_ob_postman_use&quot;:&quot;no&quot;,&quot;_ob_widget_stalker_use&quot;:&quot;no&quot;,&quot;_ob_poopart_use&quot;:&quot;yes&quot;,&quot;_ob_shadough_use&quot;:&quot;no&quot;,&quot;_ob_allow_hoveranimator&quot;:&quot;no&quot;}\" data-widget_type=\"text-editor.default\">\n\t\t\t\t<div class=\"elementor-widget-container\">\n\t\t\t\t\t\t\t\t\t<p class=\"western\">\u00c4ven om vi g\u00f6r v\u00e5rt b\u00e4sta f\u00f6r att l\u00e5ta alla ha en r\u00f6st i v\u00e5ra onlinecommunities, g\u00e5r ibland kommentatorer \u00f6ver linjen. Vi blockerar och f\u00f6rbjuder ibland kommentatorer som bryter mot reglerna. F\u00f6rbudsprocedurer anv\u00e4nder olika tekniker och information f\u00f6r att uppr\u00e4tth\u00e5lla blockeringen, inklusive e-post, IP-adresser och all annan tillg\u00e4nglig information.<\/p><p class=\"western\">Detta hindrar den kr\u00e4nkande kommentatorn fr\u00e5n att kommentera sidan i framtiden, \u00e4ven om senare eller andra kommentarer inte \u00e4r kr\u00e4nkande. Beroende p\u00e5 vilken programvara vi anv\u00e4nder f\u00f6r tillf\u00e4llet, kan f\u00f6rbud leda till att andra tidigare kommentarer fr\u00e5n missbrukaren ocks\u00e5 f\u00f6rsvinner.<\/p>\t\t\t\t\t\t\t\t<\/div>\n\t\t\t\t<\/div>\n\t\t\t\t\t<\/div>\n\t\t<\/div>\n\t\t\t\t\t<\/div>\n\t\t<\/section>\n\t\t\t\t<\/div>","protected":false},"excerpt":{"rendered":"<p>V\u00e5r kommentarspolicy v\u00e4gleder oss n\u00e4r det g\u00e4ller v\u00e5ra regler med h\u00e4nvisning till publicerade kommentarer och publicerade recensioner. Allm\u00e4nna riktlinjer f\u00f6r kommentarer Vi \u00e4lskar kommentarer om v\u00e5ra tj\u00e4nster, produkter eller artiklar, och vi vill h\u00f6ra vad du respektfullt har att s\u00e4ga. Kom ih\u00e5g att: Var trevlig, artig och h\u00e5ll dig till \u00e4mnet; Inga svordomar, sk\u00e4mt\/personliga attacker,...<\/p>","protected":false},"author":1,"featured_media":0,"parent":0,"menu_order":0,"comment_status":"closed","ping_status":"closed","template":"","meta":{"footnotes":""},"class_list":["post-30874","page","type-page","status-publish","hentry"],"yoast_head":"<!-- This site is optimized with the Yoast SEO plugin v27.5 - https:\/\/yoast.com\/product\/yoast-seo-wordpress\/ -->\n<title>Commenting Policy - Beauty 4 You<\/title>\n<meta name=\"robots\" content=\"index, follow, max-snippet:-1, max-image-preview:large, max-video-preview:-1\" \/>\n<link rel=\"canonical\" href=\"https:\/\/beauty-4-you.se\/sv\/commenting-policy\/\" \/>\n<meta property=\"og:locale\" content=\"sv_SE\" \/>\n<meta property=\"og:type\" content=\"article\" \/>\n<meta property=\"og:title\" content=\"Commenting Policy - Beauty 4 You\" \/>\n<meta property=\"og:description\" content=\"Our commenting policy guides us in regards to our rules with reference to published comments and published reviews. General guidlines regarding comments We love comments about our service, products or articles, and we want to hear what you respectfully have to say. Remember to: Be nice, courteous, and stay on topic; No profanity, name-calling\/personal attacks,&hellip;\" \/>\n<meta property=\"og:url\" content=\"https:\/\/beauty-4-you.se\/sv\/commenting-policy\/\" \/>\n<meta property=\"og:site_name\" content=\"Beauty 4 You\" \/>\n<meta property=\"article:publisher\" content=\"https:\/\/www.facebook.com\/Alina.Beauty4You\" \/>\n<meta property=\"article:modified_time\" content=\"2021-12-30T08:22:43+00:00\" \/>\n<meta property=\"og:image\" content=\"https:\/\/beauty-4-you.se\/wp-content\/uploads\/2026\/04\/Beauty-4-You-Luxury-Treatment-Room.jpg\" \/>\n\t<meta property=\"og:image:width\" content=\"1080\" \/>\n\t<meta property=\"og:image:height\" content=\"720\" \/>\n\t<meta property=\"og:image:type\" content=\"image\/jpeg\" \/>\n<meta name=\"twitter:card\" content=\"summary_large_image\" \/>\n<meta name=\"twitter:site\" content=\"@Beauty4youLule\" \/>\n<meta name=\"twitter:label1\" content=\"Ber\u00e4knad l\u00e4stid\" \/>\n\t<meta name=\"twitter:data1\" content=\"2 minuter\" \/>\n<script type=\"application\/ld+json\" class=\"yoast-schema-graph\">{\"@context\":\"https:\\\/\\\/schema.org\",\"@graph\":[{\"@type\":\"WebPage\",\"@id\":\"https:\\\/\\\/beauty-4-you.se\\\/commenting-policy\\\/\",\"url\":\"https:\\\/\\\/beauty-4-you.se\\\/commenting-policy\\\/\",\"name\":\"Commenting Policy - Beauty 4 You\",\"isPartOf\":{\"@id\":\"https:\\\/\\\/beauty-4-you.se\\\/en\\\/#website\"},\"datePublished\":\"2021-12-13T11:00:52+00:00\",\"dateModified\":\"2021-12-30T08:22:43+00:00\",\"breadcrumb\":{\"@id\":\"https:\\\/\\\/beauty-4-you.se\\\/commenting-policy\\\/#breadcrumb\"},\"inLanguage\":\"sv-SE\",\"potentialAction\":[{\"@type\":\"ReadAction\",\"target\":[\"https:\\\/\\\/beauty-4-you.se\\\/commenting-policy\\\/\"]}]},{\"@type\":\"BreadcrumbList\",\"@id\":\"https:\\\/\\\/beauty-4-you.se\\\/commenting-policy\\\/#breadcrumb\",\"itemListElement\":[{\"@type\":\"ListItem\",\"position\":1,\"name\":\"Home\",\"item\":\"https:\\\/\\\/beauty-4-you.se\\\/en\\\/\"},{\"@type\":\"ListItem\",\"position\":2,\"name\":\"Commenting Policy\"}]},{\"@type\":\"WebSite\",\"@id\":\"https:\\\/\\\/beauty-4-you.se\\\/en\\\/#website\",\"url\":\"https:\\\/\\\/beauty-4-you.se\\\/en\\\/\",\"name\":\"Beauty 4 You\",\"description\":\"Because you deserve it!\",\"publisher\":{\"@id\":\"https:\\\/\\\/beauty-4-you.se\\\/en\\\/#organization\"},\"potentialAction\":[{\"@type\":\"SearchAction\",\"target\":{\"@type\":\"EntryPoint\",\"urlTemplate\":\"https:\\\/\\\/beauty-4-you.se\\\/en\\\/?s={search_term_string}\"},\"query-input\":{\"@type\":\"PropertyValueSpecification\",\"valueRequired\":true,\"valueName\":\"search_term_string\"}}],\"inLanguage\":\"sv-SE\"},{\"@type\":\"Organization\",\"@id\":\"https:\\\/\\\/beauty-4-you.se\\\/en\\\/#organization\",\"name\":\"Beauty 4 You\",\"alternateName\":\"Beauty 4 You Lule\u00e5\",\"url\":\"https:\\\/\\\/beauty-4-you.se\\\/en\\\/\",\"logo\":{\"@type\":\"ImageObject\",\"inLanguage\":\"sv-SE\",\"@id\":\"https:\\\/\\\/beauty-4-you.se\\\/en\\\/#\\\/schema\\\/logo\\\/image\\\/\",\"url\":\"https:\\\/\\\/beauty-4-you.se\\\/wp-content\\\/uploads\\\/2021\\\/11\\\/Logo-400x750-Elips-Burgundy-e1730722027193.png\",\"contentUrl\":\"https:\\\/\\\/beauty-4-you.se\\\/wp-content\\\/uploads\\\/2021\\\/11\\\/Logo-400x750-Elips-Burgundy-e1730722027193.png\",\"width\":281,\"height\":150,\"caption\":\"Beauty 4 You\"},\"image\":{\"@id\":\"https:\\\/\\\/beauty-4-you.se\\\/en\\\/#\\\/schema\\\/logo\\\/image\\\/\"},\"sameAs\":[\"https:\\\/\\\/www.facebook.com\\\/Alina.Beauty4You\",\"https:\\\/\\\/x.com\\\/Beauty4youLule\"]}]}<\/script>\n<!-- \/ Yoast SEO plugin. -->","yoast_head_json":{"title":"Kommentarpolicy - Beauty 4 You","robots":{"index":"index","follow":"follow","max-snippet":"max-snippet:-1","max-image-preview":"max-image-preview:large","max-video-preview":"max-video-preview:-1"},"canonical":"https:\/\/beauty-4-you.se\/sv\/commenting-policy\/","og_locale":"sv_SE","og_type":"article","og_title":"Commenting Policy - Beauty 4 You","og_description":"Our commenting policy guides us in regards to our rules with reference to published comments and published reviews. General guidlines regarding comments We love comments about our service, products or articles, and we want to hear what you respectfully have to say. Remember to: Be nice, courteous, and stay on topic; No profanity, name-calling\/personal attacks,&hellip;","og_url":"https:\/\/beauty-4-you.se\/sv\/commenting-policy\/","og_site_name":"Beauty 4 You","article_publisher":"https:\/\/www.facebook.com\/Alina.Beauty4You","article_modified_time":"2021-12-30T08:22:43+00:00","og_image":[{"width":1080,"height":720,"url":"https:\/\/beauty-4-you.se\/wp-content\/uploads\/2026\/04\/Beauty-4-You-Luxury-Treatment-Room.jpg","type":"image\/jpeg"}],"twitter_card":"summary_large_image","twitter_site":"@Beauty4youLule","twitter_misc":{"Ber\u00e4knad l\u00e4stid":"2 minuter"},"schema":{"@context":"https:\/\/schema.org","@graph":[{"@type":"WebPage","@id":"https:\/\/beauty-4-you.se\/commenting-policy\/","url":"https:\/\/beauty-4-you.se\/commenting-policy\/","name":"Kommentarpolicy - Beauty 4 You","isPartOf":{"@id":"https:\/\/beauty-4-you.se\/en\/#website"},"datePublished":"2021-12-13T11:00:52+00:00","dateModified":"2021-12-30T08:22:43+00:00","breadcrumb":{"@id":"https:\/\/beauty-4-you.se\/commenting-policy\/#breadcrumb"},"inLanguage":"sv-SE","potentialAction":[{"@type":"ReadAction","target":["https:\/\/beauty-4-you.se\/commenting-policy\/"]}]},{"@type":"BreadcrumbList","@id":"https:\/\/beauty-4-you.se\/commenting-policy\/#breadcrumb","itemListElement":[{"@type":"ListItem","position":1,"name":"Home","item":"https:\/\/beauty-4-you.se\/en\/"},{"@type":"ListItem","position":2,"name":"Commenting Policy"}]},{"@type":"WebSite","@id":"https:\/\/beauty-4-you.se\/en\/#website","url":"https:\/\/beauty-4-you.se\/en\/","name":"Beauty 4 You","description":"F\u00f6r att du f\u00f6rtj\u00e4nar det!","publisher":{"@id":"https:\/\/beauty-4-you.se\/en\/#organization"},"potentialAction":[{"@type":"SearchAction","target":{"@type":"EntryPoint","urlTemplate":"https:\/\/beauty-4-you.se\/en\/?s={search_term_string}"},"query-input":{"@type":"PropertyValueSpecification","valueRequired":true,"valueName":"search_term_string"}}],"inLanguage":"sv-SE"},{"@type":"Organization","@id":"https:\/\/beauty-4-you.se\/en\/#organization","name":"Beauty 4 You","alternateName":"Beauty 4 You Lule\u00e5","url":"https:\/\/beauty-4-you.se\/en\/","logo":{"@type":"ImageObject","inLanguage":"sv-SE","@id":"https:\/\/beauty-4-you.se\/en\/#\/schema\/logo\/image\/","url":"https:\/\/beauty-4-you.se\/wp-content\/uploads\/2021\/11\/Logo-400x750-Elips-Burgundy-e1730722027193.png","contentUrl":"https:\/\/beauty-4-you.se\/wp-content\/uploads\/2021\/11\/Logo-400x750-Elips-Burgundy-e1730722027193.png","width":281,"height":150,"caption":"Beauty 4 You"},"image":{"@id":"https:\/\/beauty-4-you.se\/en\/#\/schema\/logo\/image\/"},"sameAs":["https:\/\/www.facebook.com\/Alina.Beauty4You","https:\/\/x.com\/Beauty4youLule"]}]}},"_links":{"self":[{"href":"https:\/\/beauty-4-you.se\/sv\/wp-json\/wp\/v2\/pages\/30874","targetHints":{"allow":["GET"]}}],"collection":[{"href":"https:\/\/beauty-4-you.se\/sv\/wp-json\/wp\/v2\/pages"}],"about":[{"href":"https:\/\/beauty-4-you.se\/sv\/wp-json\/wp\/v2\/types\/page"}],"author":[{"embeddable":true,"href":"https:\/\/beauty-4-you.se\/sv\/wp-json\/wp\/v2\/users\/1"}],"replies":[{"embeddable":true,"href":"https:\/\/beauty-4-you.se\/sv\/wp-json\/wp\/v2\/comments?post=30874"}],"version-history":[{"count":0,"href":"https:\/\/beauty-4-you.se\/sv\/wp-json\/wp\/v2\/pages\/30874\/revisions"}],"wp:attachment":[{"href":"https:\/\/beauty-4-you.se\/sv\/wp-json\/wp\/v2\/media?parent=30874"}],"curies":[{"name":"wp","href":"https:\/\/api.w.org\/{rel}","templated":true}]}}