{"id":128936,"date":"2025-01-02T07:39:47","date_gmt":"2025-01-02T06:39:47","guid":{"rendered":"https:\/\/beauty-4-you.se\/?page_id=128936"},"modified":"2026-04-28T04:36:33","modified_gmt":"2026-04-28T02:36:33","slug":"glow-face-mask","status":"publish","type":"page","link":"https:\/\/beauty-4-you.se\/sv\/services\/facials\/glow-face-mask\/","title":{"rendered":"Glow Face Mask"},"content":{"rendered":"<div data-elementor-type=\"wp-page\" data-elementor-id=\"128936\" class=\"elementor elementor-128936\">\n\t\t\t\t\t\t<section class=\"elementor-section elementor-top-section elementor-element elementor-element-450f38a elementor-section-boxed elementor-section-height-default elementor-section-height-default\" data-id=\"450f38a\" data-element_type=\"section\" data-e-type=\"section\" data-settings=\"{&quot;_ob_glider_is_slider&quot;:&quot;no&quot;}\">\n\t\t\t\t\t\t<div class=\"elementor-container elementor-column-gap-default\">\n\t\t\t\t\t<div class=\"elementor-column elementor-col-100 elementor-top-column elementor-element elementor-element-4f9a0df\" data-id=\"4f9a0df\" data-element_type=\"column\" data-e-type=\"column\" data-settings=\"{&quot;_ob_column_hoveranimator&quot;:&quot;no&quot;,&quot;_ob_column_has_pseudo&quot;:&quot;no&quot;}\">\n\t\t\t<div class=\"elementor-widget-wrap elementor-element-populated\">\n\t\t\t\t\t\t<div class=\"elementor-element elementor-element-0cb156e ob-harakiri-inherit ob-has-background-overlay elementor-widget elementor-widget-heading\" data-id=\"0cb156e\" data-element_type=\"widget\" data-e-type=\"widget\" data-settings=\"{&quot;_ob_use_harakiri&quot;:&quot;yes&quot;,&quot;_ob_harakiri_writing_mode&quot;:&quot;inherit&quot;,&quot;_ob_harakiri_text_clip&quot;:&quot;none&quot;,&quot;_ob_widget_stalker_use&quot;:&quot;no&quot;,&quot;_ob_poopart_use&quot;:&quot;yes&quot;,&quot;_ob_shadough_use&quot;:&quot;no&quot;,&quot;_ob_allow_hoveranimator&quot;:&quot;no&quot;}\" data-widget_type=\"heading.default\">\n\t\t\t\t<div class=\"elementor-widget-container\">\n\t\t\t\t\t<h4 class=\"elementor-heading-title elementor-size-default\">Glow Face Mask - ett brett utbud av ansiktsmasker f\u00f6r i princip alla dina hudbehov. R\u00e4tt mask best\u00e4mmer vi tillsammans utifr\u00e5n dina \u00f6nskem\u00e5l och dina hudf\u00f6ruts\u00e4ttningar.<\/h4>\t\t\t\t<\/div>\n\t\t\t\t<\/div>\n\t\t\t\t\t<\/div>\n\t\t<\/div>\n\t\t\t\t\t<\/div>\n\t\t<\/section>\n\t\t\t\t<section class=\"elementor-section elementor-top-section elementor-element elementor-element-905378d elementor-section-boxed elementor-section-height-default elementor-section-height-default\" data-id=\"905378d\" data-element_type=\"section\" data-e-type=\"section\" data-settings=\"{&quot;_ob_glider_is_slider&quot;:&quot;no&quot;}\">\n\t\t\t\t\t\t<div class=\"elementor-container elementor-column-gap-default\">\n\t\t\t\t\t<div class=\"elementor-column elementor-col-66 elementor-top-column elementor-element elementor-element-35aa84a\" data-id=\"35aa84a\" data-element_type=\"column\" data-e-type=\"column\" data-settings=\"{&quot;_ob_column_hoveranimator&quot;:&quot;no&quot;,&quot;_ob_column_has_pseudo&quot;:&quot;no&quot;}\">\n\t\t\t<div class=\"elementor-widget-wrap elementor-element-populated\">\n\t\t\t\t\t\t<div class=\"elementor-element elementor-element-ce2c82d ob-has-background-overlay elementor-widget elementor-widget-image\" data-id=\"ce2c82d\" data-element_type=\"widget\" data-e-type=\"widget\" data-settings=\"{&quot;_ob_photomorph_use&quot;:&quot;no&quot;,&quot;_ob_widget_stalker_use&quot;:&quot;no&quot;,&quot;_ob_poopart_use&quot;:&quot;yes&quot;,&quot;_ob_shadough_use&quot;:&quot;no&quot;,&quot;_ob_allow_hoveranimator&quot;:&quot;no&quot;}\" data-widget_type=\"image.default\">\n\t\t\t\t<div class=\"elementor-widget-container\">\n\t\t\t\t\t\t\t\t\t\t\t\t\t\t\t<img fetchpriority=\"high\" decoding=\"async\" width=\"768\" height=\"960\" src=\"https:\/\/beauty-4-you.se\/wp-content\/uploads\/2025\/01\/Face-mask1-768x960.jpg\" class=\"attachment-medium_large size-medium_large wp-image-128940\" alt=\"Luxury face mask beauty treatment at Beauty 4 You Lule\u00e5\" srcset=\"https:\/\/beauty-4-you.se\/wp-content\/uploads\/2025\/01\/Face-mask1-768x960.jpg 768w, https:\/\/beauty-4-you.se\/wp-content\/uploads\/2025\/01\/Face-mask1-240x300.jpg 240w, https:\/\/beauty-4-you.se\/wp-content\/uploads\/2025\/01\/Face-mask1-819x1024.jpg 819w, https:\/\/beauty-4-you.se\/wp-content\/uploads\/2025\/01\/Face-mask1-10x12.jpg 10w, https:\/\/beauty-4-you.se\/wp-content\/uploads\/2025\/01\/Face-mask1-600x750.jpg 600w, https:\/\/beauty-4-you.se\/wp-content\/uploads\/2025\/01\/Face-mask1-e1752064146539.jpg 120w\" sizes=\"(max-width: 768px) 100vw, 768px\" \/>\t\t\t\t\t\t\t\t\t\t\t\t\t\t\t<\/div>\n\t\t\t\t<\/div>\n\t\t\t\t<div class=\"elementor-element elementor-element-1b850b7 ob-harakiri-inherit ob-has-background-overlay elementor-widget elementor-widget-text-editor\" data-id=\"1b850b7\" data-element_type=\"widget\" data-e-type=\"widget\" data-settings=\"{&quot;_ob_use_harakiri&quot;:&quot;yes&quot;,&quot;_ob_harakiri_writing_mode&quot;:&quot;inherit&quot;,&quot;_ob_postman_use&quot;:&quot;no&quot;,&quot;_ob_widget_stalker_use&quot;:&quot;no&quot;,&quot;_ob_poopart_use&quot;:&quot;yes&quot;,&quot;_ob_shadough_use&quot;:&quot;no&quot;,&quot;_ob_allow_hoveranimator&quot;:&quot;no&quot;}\" data-widget_type=\"text-editor.default\">\n\t\t\t\t<div class=\"elementor-widget-container\">\n\t\t\t\t\t\t\t\t\t<p>Maskerna vi f\u00f6r n\u00e4rvarande arbetar med \u00e4r:<\/p><ul><li>Cannabismask (lugnande)<\/li><li>Enjoy Gold Mask (anti rynkor)<\/li><li>Botox line mask (Anti rynkor)<\/li><li>Fresh complexion (irriterad hud)<\/li><li>Oxigen mask (akne)<\/li><li>Aloe Vera (fuktande)<\/li><li>Hyaluronic acid mask (fuktande och anti-rynk)<\/li><li>Enzymatisk peeling (djupreng\u00f6ring)<\/li><\/ul>\t\t\t\t\t\t\t\t<\/div>\n\t\t\t\t<\/div>\n\t\t\t\t\t<\/div>\n\t\t<\/div>\n\t\t\t\t<div class=\"elementor-column elementor-col-33 elementor-top-column elementor-element elementor-element-f921380\" data-id=\"f921380\" data-element_type=\"column\" data-e-type=\"column\" data-settings=\"{&quot;_ob_column_hoveranimator&quot;:&quot;no&quot;,&quot;_ob_column_has_pseudo&quot;:&quot;no&quot;}\">\n\t\t\t<div class=\"elementor-widget-wrap elementor-element-populated\">\n\t\t\t\t\t\t<div class=\"elementor-element elementor-element-a6f2f32 ob-harakiri-inherit ob-has-background-overlay elementor-widget elementor-widget-heading\" data-id=\"a6f2f32\" data-element_type=\"widget\" data-e-type=\"widget\" data-settings=\"{&quot;_ob_use_harakiri&quot;:&quot;yes&quot;,&quot;_ob_harakiri_writing_mode&quot;:&quot;inherit&quot;,&quot;_ob_harakiri_text_clip&quot;:&quot;none&quot;,&quot;_ob_widget_stalker_use&quot;:&quot;no&quot;,&quot;_ob_poopart_use&quot;:&quot;yes&quot;,&quot;_ob_shadough_use&quot;:&quot;no&quot;,&quot;_ob_allow_hoveranimator&quot;:&quot;no&quot;}\" data-widget_type=\"heading.default\">\n\t\t\t\t<div class=\"elementor-widget-container\">\n\t\t\t\t\t<h4 class=\"elementor-heading-title elementor-size-default\">Vi har olika masker med till exempel f\u00f6ljande egenskaper:<\/h4>\t\t\t\t<\/div>\n\t\t\t\t<\/div>\n\t\t\t\t<div class=\"elementor-element elementor-element-248ed2f ob-harakiri-inherit ob-has-background-overlay elementor-widget elementor-widget-text-editor\" data-id=\"248ed2f\" data-element_type=\"widget\" data-e-type=\"widget\" data-settings=\"{&quot;_ob_use_harakiri&quot;:&quot;yes&quot;,&quot;_ob_harakiri_writing_mode&quot;:&quot;inherit&quot;,&quot;_ob_postman_use&quot;:&quot;no&quot;,&quot;_ob_widget_stalker_use&quot;:&quot;no&quot;,&quot;_ob_poopart_use&quot;:&quot;yes&quot;,&quot;_ob_shadough_use&quot;:&quot;no&quot;,&quot;_ob_allow_hoveranimator&quot;:&quot;no&quot;}\" data-widget_type=\"text-editor.default\">\n\t\t\t\t<div class=\"elementor-widget-container\">\n\t\t\t\t\t\t\t\t\t<ul><li><p>\u00c5terfuktande<\/p><\/li><li><p>Antioxidant<\/p><\/li><li><p>Regenerering av hudlager<\/p><\/li><li><p>Lugnande av irriterad hud<\/p><\/li><li><p>Avgiftande<\/p><\/li><li><p>Stimulering av kollagenproduktion<\/p><\/li><li><p>F\u00f6ryngring<\/p><\/li><li><p>Antiseptisk<\/p><\/li><\/ul>\t\t\t\t\t\t\t\t<\/div>\n\t\t\t\t<\/div>\n\t\t\t\t<div class=\"elementor-element elementor-element-9d8648e ob-harakiri-inherit ob-has-background-overlay elementor-widget elementor-widget-text-editor\" data-id=\"9d8648e\" data-element_type=\"widget\" data-e-type=\"widget\" data-settings=\"{&quot;_ob_use_harakiri&quot;:&quot;yes&quot;,&quot;_ob_harakiri_writing_mode&quot;:&quot;inherit&quot;,&quot;_ob_postman_use&quot;:&quot;no&quot;,&quot;_ob_widget_stalker_use&quot;:&quot;no&quot;,&quot;_ob_poopart_use&quot;:&quot;yes&quot;,&quot;_ob_shadough_use&quot;:&quot;no&quot;,&quot;_ob_allow_hoveranimator&quot;:&quot;no&quot;}\" data-widget_type=\"text-editor.default\">\n\t\t\t\t<div class=\"elementor-widget-container\">\n\t\t\t\t\t\t\t\t\t<p>Vi erbjuder tj\u00e4nsterna som frist\u00e5ende tj\u00e4nster d\u00e4r tj\u00e4nsten tar cirka 40 min att utf\u00f6ra men ocks\u00e5 som en till\u00e4ggstj\u00e4nst till andra bokade tj\u00e4nster, vilket bara adderar 10 min extra till din bokningstid.<\/p><p><span style=\"color: var(--the7-base-color); letter-spacing: var(--the7-base-letter-spacing); text-transform: var(--the7-base-text-transform); word-spacing: normal;\">Om du vill boka den fantastiska ansiktsmasken Glow som en frist\u00e5ende tj\u00e4nst, anv\u00e4nd nedan bokningsknapp.<\/span><\/p><p><strong><span style=\"color: var(--the7-base-color); letter-spacing: var(--the7-base-letter-spacing); text-transform: var(--the7-base-text-transform); word-spacing: normal;\">Om du vill l\u00e4gga till \"The Glow Mask\" (10 min \u2013 395 kr) till din \"normala\" tj\u00e4nstbokning som ett till\u00e4gg, anv\u00e4nd d\u00e5 inte knappen nedan. L\u00e4gg bara till Glow Mask som till\u00e4ggstj\u00e4nst n\u00e4r du kommer till ytterligare tj\u00e4nster i ditt vanliga bokningsf\u00f6rfarande.<\/span><\/strong><\/p><p>Bokning som en frist\u00e5ende tj\u00e4nst:<\/p>\t\t\t\t\t\t\t\t<\/div>\n\t\t\t\t<\/div>\n\t\t\t\t<div class=\"elementor-element elementor-element-ab51d1c content-align-left icon-box-vertical-align-top icon-position-left icon-vertical-align-start ob-has-background-overlay elementor-widget elementor-widget-the7_icon_box_widget\" data-id=\"ab51d1c\" data-element_type=\"widget\" data-e-type=\"widget\" data-settings=\"{&quot;_ob_widget_stalker_use&quot;:&quot;no&quot;,&quot;_ob_poopart_use&quot;:&quot;yes&quot;,&quot;_ob_shadough_use&quot;:&quot;no&quot;,&quot;_ob_allow_hoveranimator&quot;:&quot;no&quot;}\" data-widget_type=\"the7_icon_box_widget.default\">\n\t\t\t\t<div class=\"elementor-widget-container\">\n\t\t\t\t\t\n\t\t<div class=\"the7-box-wrapper the7-elementor-widget the7_icon_box_widget-ab51d1c\">\t\t\t<div class=\"box-content-wrapper\">\n\t\t\t\t\t\t\t\t\t<a class=\"elementor-icon-div\" >\t\t\t\t\t\t<div class=\"elementor-icon\">\n\t\t\t\t\t\t\t<i aria-hidden=\"true\" class=\"far fa-clock\"><\/i>\t\t\t\t\t\t<\/div>\n\t\t\t\t\t<\/a>\t\t\t\t\t\t\t\t<div class=\"box-content\">\n\t\t\t\t\t\t\t\t\t\t\t\t\t\t\t\t<div class=\"box-description\"><p style=\"text-align: left;\">40 min<\/p><\/div>\n\t\t\t\t\t\n\t\t\t\t\t\n\t\t\t\t<\/div>\n\t\t\t<\/div>\n\t\t<\/div>\t\t\t\t\t<\/div>\n\t\t\t\t<\/div>\n\t\t\t\t<div class=\"elementor-element elementor-element-17aa2f3 icon-box-vertical-align-center icon-vertical-align-center content-align-left icon-position-left ob-has-background-overlay elementor-widget elementor-widget-the7_icon_box_widget\" data-id=\"17aa2f3\" data-element_type=\"widget\" data-e-type=\"widget\" data-settings=\"{&quot;_ob_widget_stalker_use&quot;:&quot;no&quot;,&quot;_ob_poopart_use&quot;:&quot;yes&quot;,&quot;_ob_shadough_use&quot;:&quot;no&quot;,&quot;_ob_allow_hoveranimator&quot;:&quot;no&quot;}\" data-widget_type=\"the7_icon_box_widget.default\">\n\t\t\t\t<div class=\"elementor-widget-container\">\n\t\t\t\t\t\n\t\t<div class=\"the7-box-wrapper the7-elementor-widget the7_icon_box_widget-17aa2f3\">\t\t\t<div class=\"box-content-wrapper\">\n\t\t\t\t\t\t\t\t\t<a class=\"elementor-icon-div\" >\t\t\t\t\t\t<div class=\"elementor-icon\">\n\t\t\t\t\t\t\t<i aria-hidden=\"true\" class=\"far fa-money-bill-alt\"><\/i>\t\t\t\t\t\t<\/div>\n\t\t\t\t\t<\/a>\t\t\t\t\t\t\t\t<div class=\"box-content\">\n\t\t\t\t\t\t\t\t\t\t\t\t\t\t\t\t<div class=\"box-description\"><p style=\"text-align: left;\">795 kr<span style=\"color: var(--the7-base-color); letter-spacing: var(--the7-base-letter-spacing); text-transform: var(--the7-base-text-transform); word-spacing: normal;\"><\/span><\/p><\/div>\n\t\t\t\t\t\n\t\t\t\t\t\n\t\t\t\t<\/div>\n\t\t\t<\/div>\n\t\t<\/div>\t\t\t\t\t<\/div>\n\t\t\t\t<\/div>\n\t\t\t\t<div class=\"elementor-element elementor-element-4e69eee elementor-align-center ob-has-background-overlay elementor-widget elementor-widget-the7_button_widget\" data-id=\"4e69eee\" data-element_type=\"widget\" data-e-type=\"widget\" data-settings=\"{&quot;_ob_widget_stalker_use&quot;:&quot;no&quot;,&quot;_ob_poopart_use&quot;:&quot;yes&quot;,&quot;_ob_shadough_use&quot;:&quot;no&quot;,&quot;_ob_allow_hoveranimator&quot;:&quot;no&quot;}\" data-widget_type=\"the7_button_widget.default\">\n\t\t\t\t<div class=\"elementor-widget-container\">\n\t\t\t\t\t<div class=\"elementor-button-wrapper\"><a href=\"https:\/\/www.bokadirekt.se\/boka-tjanst\/beauty-4-you-lulea-134471\/glow-face-mask-3387539\" target=\"_blank\" class=\"box-button elementor-button elementor-size-xl\">Boka via BokaDirekt.se<svg xmlns=\"http:\/\/www.w3.org\/2000\/svg\" id=\"Layer_1\" viewbox=\"0 0 24 24\"><defs><style>      .st0 {        fill: #fff;      }    <\/style><\/defs><path id=\"Path\" class=\"st0\" d=\"M20.25,11.21c-1.22-1.22-2.83-1.92-4.56-2h-3.48v5.4l2.21,2.24v-5.4h1.08c2.08.03,3.89,1.43,4.4,3.46.51,2-.38,4.13-2.19,5.16-1.81,1.03-4.08.73-5.54-.76l-7.29-7.29,7.29-7.29c1.38-1.35,3.43-1.73,5.18-.92,1.75.81,2.81,2.62,2.67,4.54v.03l1.94,1.57.03-.08c.86-3-.4-6.18-3.1-7.78-2.67-1.59-6.1-1.13-8.29,1.05L1.73,12l8.86,8.86c2.67,2.67,6.99,2.67,9.67,0,2.67-2.65,2.67-6.97,0-9.64h0Z\"><\/path><\/svg><\/a><\/div>\t\t\t\t<\/div>\n\t\t\t\t<\/div>\n\t\t\t\t\t<\/div>\n\t\t<\/div>\n\t\t\t\t\t<\/div>\n\t\t<\/section>\n\t\t\t\t<\/div>","protected":false},"excerpt":{"rendered":"<p>Glow Face Mask \u2013 ett brett utbud av ansiktsmasker f\u00f6r i princip alla dina hudbehov. R\u00e4tt mask best\u00e4mmer vi tillsammans utifr\u00e5n dina \u00f6nskem\u00e5l och dina hudf\u00f6ruts\u00e4ttningar. Maskerna vi f\u00f6r n\u00e4rvarande arbetar med \u00e4r: Cannabismask (Lugnande) Enjoy Gold Mask (Anti-rynk) Botox-linjemask (Anti-rynk) Fr\u00e4sch hy (Irriterad hud)...<\/p>","protected":false},"author":1,"featured_media":0,"parent":2800,"menu_order":600,"comment_status":"closed","ping_status":"closed","template":"","meta":{"footnotes":""},"class_list":["post-128936","page","type-page","status-publish","hentry"],"yoast_head":"<!-- This site is optimized with the Yoast SEO plugin v27.5 - https:\/\/yoast.com\/product\/yoast-seo-wordpress\/ -->\n<title>Glow Face Mask - Beauty 4 You<\/title>\n<meta name=\"robots\" content=\"index, follow, max-snippet:-1, max-image-preview:large, max-video-preview:-1\" \/>\n<link rel=\"canonical\" href=\"https:\/\/beauty-4-you.se\/sv\/services\/facials\/glow-face-mask\/\" \/>\n<meta property=\"og:locale\" content=\"sv_SE\" \/>\n<meta property=\"og:type\" content=\"article\" \/>\n<meta property=\"og:title\" content=\"Glow Face Mask - Beauty 4 You\" \/>\n<meta property=\"og:description\" content=\"Glow Face Mask &#8211; a wide range of face masks for basically your every skin need. The right mask we decide together based on your desires and your skin pre-conditions. The masks we currently are working with are: Cannabis mask (Calming) Enjoy Gold Mask (Anti wrinkle) Botox line mask (Anti wrinkle) Fresh complexion( Irritated skin)&hellip;\" \/>\n<meta property=\"og:url\" content=\"https:\/\/beauty-4-you.se\/sv\/services\/facials\/glow-face-mask\/\" \/>\n<meta property=\"og:site_name\" content=\"Beauty 4 You\" \/>\n<meta property=\"article:publisher\" content=\"https:\/\/www.facebook.com\/Alina.Beauty4You\" \/>\n<meta property=\"article:modified_time\" content=\"2026-04-28T02:36:33+00:00\" \/>\n<meta property=\"og:image\" content=\"https:\/\/beauty-4-you.se\/wp-content\/uploads\/2025\/01\/Face-mask1-e1752064146539.jpg\" \/>\n\t<meta property=\"og:image:width\" content=\"120\" \/>\n\t<meta property=\"og:image:height\" content=\"150\" \/>\n\t<meta property=\"og:image:type\" content=\"image\/jpeg\" \/>\n<meta name=\"twitter:card\" content=\"summary_large_image\" \/>\n<meta name=\"twitter:site\" content=\"@Beauty4youLule\" \/>\n<meta name=\"twitter:label1\" content=\"Ber\u00e4knad l\u00e4stid\" \/>\n\t<meta name=\"twitter:data1\" content=\"2 minuter\" \/>\n<script type=\"application\/ld+json\" class=\"yoast-schema-graph\">{\"@context\":\"https:\\\/\\\/schema.org\",\"@graph\":[{\"@type\":\"WebPage\",\"@id\":\"https:\\\/\\\/beauty-4-you.se\\\/en\\\/services\\\/facials\\\/glow-face-mask\\\/\",\"url\":\"https:\\\/\\\/beauty-4-you.se\\\/en\\\/services\\\/facials\\\/glow-face-mask\\\/\",\"name\":\"Glow Face Mask - Beauty 4 You\",\"isPartOf\":{\"@id\":\"https:\\\/\\\/beauty-4-you.se\\\/en\\\/#website\"},\"primaryImageOfPage\":{\"@id\":\"https:\\\/\\\/beauty-4-you.se\\\/en\\\/services\\\/facials\\\/glow-face-mask\\\/#primaryimage\"},\"image\":{\"@id\":\"https:\\\/\\\/beauty-4-you.se\\\/en\\\/services\\\/facials\\\/glow-face-mask\\\/#primaryimage\"},\"thumbnailUrl\":\"https:\\\/\\\/beauty-4-you.se\\\/wp-content\\\/uploads\\\/2025\\\/01\\\/Face-mask1-768x960.jpg\",\"datePublished\":\"2025-01-02T06:39:47+00:00\",\"dateModified\":\"2026-04-28T02:36:33+00:00\",\"breadcrumb\":{\"@id\":\"https:\\\/\\\/beauty-4-you.se\\\/en\\\/services\\\/facials\\\/glow-face-mask\\\/#breadcrumb\"},\"inLanguage\":\"sv-SE\",\"potentialAction\":[{\"@type\":\"ReadAction\",\"target\":[\"https:\\\/\\\/beauty-4-you.se\\\/en\\\/services\\\/facials\\\/glow-face-mask\\\/\"]}]},{\"@type\":\"ImageObject\",\"inLanguage\":\"sv-SE\",\"@id\":\"https:\\\/\\\/beauty-4-you.se\\\/en\\\/services\\\/facials\\\/glow-face-mask\\\/#primaryimage\",\"url\":\"https:\\\/\\\/beauty-4-you.se\\\/wp-content\\\/uploads\\\/2025\\\/01\\\/Face-mask1-768x960.jpg\",\"contentUrl\":\"https:\\\/\\\/beauty-4-you.se\\\/wp-content\\\/uploads\\\/2025\\\/01\\\/Face-mask1-768x960.jpg\"},{\"@type\":\"BreadcrumbList\",\"@id\":\"https:\\\/\\\/beauty-4-you.se\\\/en\\\/services\\\/facials\\\/glow-face-mask\\\/#breadcrumb\",\"itemListElement\":[{\"@type\":\"ListItem\",\"position\":1,\"name\":\"Home\",\"item\":\"https:\\\/\\\/beauty-4-you.se\\\/en\\\/\"},{\"@type\":\"ListItem\",\"position\":2,\"name\":\"Services\",\"item\":\"https:\\\/\\\/beauty-4-you.se\\\/en\\\/services\\\/\"},{\"@type\":\"ListItem\",\"position\":3,\"name\":\"Facials for Everyone\",\"item\":\"https:\\\/\\\/beauty-4-you.se\\\/en\\\/services\\\/facials\\\/\"},{\"@type\":\"ListItem\",\"position\":4,\"name\":\"Glow Face Mask\"}]},{\"@type\":\"WebSite\",\"@id\":\"https:\\\/\\\/beauty-4-you.se\\\/en\\\/#website\",\"url\":\"https:\\\/\\\/beauty-4-you.se\\\/en\\\/\",\"name\":\"Beauty 4 You\",\"description\":\"Because you deserve it!\",\"publisher\":{\"@id\":\"https:\\\/\\\/beauty-4-you.se\\\/en\\\/#organization\"},\"potentialAction\":[{\"@type\":\"SearchAction\",\"target\":{\"@type\":\"EntryPoint\",\"urlTemplate\":\"https:\\\/\\\/beauty-4-you.se\\\/en\\\/?s={search_term_string}\"},\"query-input\":{\"@type\":\"PropertyValueSpecification\",\"valueRequired\":true,\"valueName\":\"search_term_string\"}}],\"inLanguage\":\"sv-SE\"},{\"@type\":\"Organization\",\"@id\":\"https:\\\/\\\/beauty-4-you.se\\\/en\\\/#organization\",\"name\":\"Beauty 4 You\",\"alternateName\":\"Beauty 4 You Lule\u00e5\",\"url\":\"https:\\\/\\\/beauty-4-you.se\\\/en\\\/\",\"logo\":{\"@type\":\"ImageObject\",\"inLanguage\":\"sv-SE\",\"@id\":\"https:\\\/\\\/beauty-4-you.se\\\/en\\\/#\\\/schema\\\/logo\\\/image\\\/\",\"url\":\"https:\\\/\\\/beauty-4-you.se\\\/wp-content\\\/uploads\\\/2021\\\/11\\\/Logo-400x750-Elips-Burgundy-e1730722027193.png\",\"contentUrl\":\"https:\\\/\\\/beauty-4-you.se\\\/wp-content\\\/uploads\\\/2021\\\/11\\\/Logo-400x750-Elips-Burgundy-e1730722027193.png\",\"width\":281,\"height\":150,\"caption\":\"Beauty 4 You\"},\"image\":{\"@id\":\"https:\\\/\\\/beauty-4-you.se\\\/en\\\/#\\\/schema\\\/logo\\\/image\\\/\"},\"sameAs\":[\"https:\\\/\\\/www.facebook.com\\\/Alina.Beauty4You\",\"https:\\\/\\\/x.com\\\/Beauty4youLule\"]}]}<\/script>\n<!-- \/ Yoast SEO plugin. -->","yoast_head_json":{"title":"Gl\u00f6dande ansiktsmask - Beauty 4 You","robots":{"index":"index","follow":"follow","max-snippet":"max-snippet:-1","max-image-preview":"max-image-preview:large","max-video-preview":"max-video-preview:-1"},"canonical":"https:\/\/beauty-4-you.se\/sv\/services\/facials\/glow-face-mask\/","og_locale":"sv_SE","og_type":"article","og_title":"Glow Face Mask - Beauty 4 You","og_description":"Glow Face Mask &#8211; a wide range of face masks for basically your every skin need. The right mask we decide together based on your desires and your skin pre-conditions. The masks we currently are working with are: Cannabis mask (Calming) Enjoy Gold Mask (Anti wrinkle) Botox line mask (Anti wrinkle) Fresh complexion( Irritated skin)&hellip;","og_url":"https:\/\/beauty-4-you.se\/sv\/services\/facials\/glow-face-mask\/","og_site_name":"Beauty 4 You","article_publisher":"https:\/\/www.facebook.com\/Alina.Beauty4You","article_modified_time":"2026-04-28T02:36:33+00:00","og_image":[{"width":120,"height":150,"url":"https:\/\/beauty-4-you.se\/wp-content\/uploads\/2025\/01\/Face-mask1-e1752064146539.jpg","type":"image\/jpeg"}],"twitter_card":"summary_large_image","twitter_site":"@Beauty4youLule","twitter_misc":{"Ber\u00e4knad l\u00e4stid":"2 minuter"},"schema":{"@context":"https:\/\/schema.org","@graph":[{"@type":"WebPage","@id":"https:\/\/beauty-4-you.se\/en\/services\/facials\/glow-face-mask\/","url":"https:\/\/beauty-4-you.se\/en\/services\/facials\/glow-face-mask\/","name":"Gl\u00f6dande ansiktsmask - Beauty 4 You","isPartOf":{"@id":"https:\/\/beauty-4-you.se\/en\/#website"},"primaryImageOfPage":{"@id":"https:\/\/beauty-4-you.se\/en\/services\/facials\/glow-face-mask\/#primaryimage"},"image":{"@id":"https:\/\/beauty-4-you.se\/en\/services\/facials\/glow-face-mask\/#primaryimage"},"thumbnailUrl":"https:\/\/beauty-4-you.se\/wp-content\/uploads\/2025\/01\/Face-mask1-768x960.jpg","datePublished":"2025-01-02T06:39:47+00:00","dateModified":"2026-04-28T02:36:33+00:00","breadcrumb":{"@id":"https:\/\/beauty-4-you.se\/en\/services\/facials\/glow-face-mask\/#breadcrumb"},"inLanguage":"sv-SE","potentialAction":[{"@type":"ReadAction","target":["https:\/\/beauty-4-you.se\/en\/services\/facials\/glow-face-mask\/"]}]},{"@type":"ImageObject","inLanguage":"sv-SE","@id":"https:\/\/beauty-4-you.se\/en\/services\/facials\/glow-face-mask\/#primaryimage","url":"https:\/\/beauty-4-you.se\/wp-content\/uploads\/2025\/01\/Face-mask1-768x960.jpg","contentUrl":"https:\/\/beauty-4-you.se\/wp-content\/uploads\/2025\/01\/Face-mask1-768x960.jpg"},{"@type":"BreadcrumbList","@id":"https:\/\/beauty-4-you.se\/en\/services\/facials\/glow-face-mask\/#breadcrumb","itemListElement":[{"@type":"ListItem","position":1,"name":"Home","item":"https:\/\/beauty-4-you.se\/en\/"},{"@type":"ListItem","position":2,"name":"Services","item":"https:\/\/beauty-4-you.se\/en\/services\/"},{"@type":"ListItem","position":3,"name":"Facials for Everyone","item":"https:\/\/beauty-4-you.se\/en\/services\/facials\/"},{"@type":"ListItem","position":4,"name":"Glow Face Mask"}]},{"@type":"WebSite","@id":"https:\/\/beauty-4-you.se\/en\/#website","url":"https:\/\/beauty-4-you.se\/en\/","name":"Beauty 4 You","description":"F\u00f6r att du f\u00f6rtj\u00e4nar det!","publisher":{"@id":"https:\/\/beauty-4-you.se\/en\/#organization"},"potentialAction":[{"@type":"SearchAction","target":{"@type":"EntryPoint","urlTemplate":"https:\/\/beauty-4-you.se\/en\/?s={search_term_string}"},"query-input":{"@type":"PropertyValueSpecification","valueRequired":true,"valueName":"search_term_string"}}],"inLanguage":"sv-SE"},{"@type":"Organization","@id":"https:\/\/beauty-4-you.se\/en\/#organization","name":"Beauty 4 You","alternateName":"Beauty 4 You Lule\u00e5","url":"https:\/\/beauty-4-you.se\/en\/","logo":{"@type":"ImageObject","inLanguage":"sv-SE","@id":"https:\/\/beauty-4-you.se\/en\/#\/schema\/logo\/image\/","url":"https:\/\/beauty-4-you.se\/wp-content\/uploads\/2021\/11\/Logo-400x750-Elips-Burgundy-e1730722027193.png","contentUrl":"https:\/\/beauty-4-you.se\/wp-content\/uploads\/2021\/11\/Logo-400x750-Elips-Burgundy-e1730722027193.png","width":281,"height":150,"caption":"Beauty 4 You"},"image":{"@id":"https:\/\/beauty-4-you.se\/en\/#\/schema\/logo\/image\/"},"sameAs":["https:\/\/www.facebook.com\/Alina.Beauty4You","https:\/\/x.com\/Beauty4youLule"]}]}},"_links":{"self":[{"href":"https:\/\/beauty-4-you.se\/sv\/wp-json\/wp\/v2\/pages\/128936","targetHints":{"allow":["GET"]}}],"collection":[{"href":"https:\/\/beauty-4-you.se\/sv\/wp-json\/wp\/v2\/pages"}],"about":[{"href":"https:\/\/beauty-4-you.se\/sv\/wp-json\/wp\/v2\/types\/page"}],"author":[{"embeddable":true,"href":"https:\/\/beauty-4-you.se\/sv\/wp-json\/wp\/v2\/users\/1"}],"replies":[{"embeddable":true,"href":"https:\/\/beauty-4-you.se\/sv\/wp-json\/wp\/v2\/comments?post=128936"}],"version-history":[{"count":3,"href":"https:\/\/beauty-4-you.se\/sv\/wp-json\/wp\/v2\/pages\/128936\/revisions"}],"predecessor-version":[{"id":132920,"href":"https:\/\/beauty-4-you.se\/sv\/wp-json\/wp\/v2\/pages\/128936\/revisions\/132920"}],"up":[{"embeddable":true,"href":"https:\/\/beauty-4-you.se\/sv\/wp-json\/wp\/v2\/pages\/2800"}],"wp:attachment":[{"href":"https:\/\/beauty-4-you.se\/sv\/wp-json\/wp\/v2\/media?parent=128936"}],"curies":[{"name":"wp","href":"https:\/\/api.w.org\/{rel}","templated":true}]}}