{"id":124729,"date":"2023-08-01T07:04:55","date_gmt":"2023-08-01T05:04:55","guid":{"rendered":"https:\/\/beauty-4-you.se\/?page_id=124729"},"modified":"2023-08-01T07:11:45","modified_gmt":"2023-08-01T05:11:45","slug":"payments","status":"publish","type":"page","link":"https:\/\/beauty-4-you.se\/sv\/payments\/","title":{"rendered":"Betalningar"},"content":{"rendered":"<div data-elementor-type=\"wp-page\" data-elementor-id=\"124729\" class=\"elementor elementor-124729\" data-elementor-settings=\"{&quot;element_pack_global_tooltip_width&quot;:{&quot;unit&quot;:&quot;px&quot;,&quot;size&quot;:&quot;&quot;,&quot;sizes&quot;:[]},&quot;element_pack_global_tooltip_width_tablet&quot;:{&quot;unit&quot;:&quot;px&quot;,&quot;size&quot;:&quot;&quot;,&quot;sizes&quot;:[]},&quot;element_pack_global_tooltip_width_mobile&quot;:{&quot;unit&quot;:&quot;px&quot;,&quot;size&quot;:&quot;&quot;,&quot;sizes&quot;:[]},&quot;element_pack_global_tooltip_padding&quot;:{&quot;unit&quot;:&quot;px&quot;,&quot;top&quot;:&quot;&quot;,&quot;right&quot;:&quot;&quot;,&quot;bottom&quot;:&quot;&quot;,&quot;left&quot;:&quot;&quot;,&quot;isLinked&quot;:true},&quot;element_pack_global_tooltip_padding_tablet&quot;:{&quot;unit&quot;:&quot;px&quot;,&quot;top&quot;:&quot;&quot;,&quot;right&quot;:&quot;&quot;,&quot;bottom&quot;:&quot;&quot;,&quot;left&quot;:&quot;&quot;,&quot;isLinked&quot;:true},&quot;element_pack_global_tooltip_padding_mobile&quot;:{&quot;unit&quot;:&quot;px&quot;,&quot;top&quot;:&quot;&quot;,&quot;right&quot;:&quot;&quot;,&quot;bottom&quot;:&quot;&quot;,&quot;left&quot;:&quot;&quot;,&quot;isLinked&quot;:true},&quot;element_pack_global_tooltip_border_radius&quot;:{&quot;unit&quot;:&quot;px&quot;,&quot;top&quot;:&quot;&quot;,&quot;right&quot;:&quot;&quot;,&quot;bottom&quot;:&quot;&quot;,&quot;left&quot;:&quot;&quot;,&quot;isLinked&quot;:true},&quot;element_pack_global_tooltip_border_radius_tablet&quot;:{&quot;unit&quot;:&quot;px&quot;,&quot;top&quot;:&quot;&quot;,&quot;right&quot;:&quot;&quot;,&quot;bottom&quot;:&quot;&quot;,&quot;left&quot;:&quot;&quot;,&quot;isLinked&quot;:true},&quot;element_pack_global_tooltip_border_radius_mobile&quot;:{&quot;unit&quot;:&quot;px&quot;,&quot;top&quot;:&quot;&quot;,&quot;right&quot;:&quot;&quot;,&quot;bottom&quot;:&quot;&quot;,&quot;left&quot;:&quot;&quot;,&quot;isLinked&quot;:true}}\">\n\t\t\t\t\t\t<section class=\"elementor-section elementor-top-section elementor-element elementor-element-e0a2829 elementor-section-boxed elementor-section-height-default elementor-section-height-default\" data-id=\"e0a2829\" data-element_type=\"section\" data-e-type=\"section\" data-settings=\"{&quot;_ob_glider_is_slider&quot;:&quot;no&quot;}\">\n\t\t\t\t\t\t<div class=\"elementor-container elementor-column-gap-default\">\n\t\t\t\t\t<div class=\"elementor-column elementor-col-100 elementor-top-column elementor-element elementor-element-afc0522\" data-id=\"afc0522\" data-element_type=\"column\" data-e-type=\"column\" data-settings=\"{&quot;_ob_column_hoveranimator&quot;:&quot;no&quot;,&quot;_ob_column_has_pseudo&quot;:&quot;no&quot;}\">\n\t\t\t<div class=\"elementor-widget-wrap elementor-element-populated\">\n\t\t\t\t\t\t<div class=\"elementor-element elementor-element-af6ca78 ob-harakiri-inherit ob-has-background-overlay elementor-widget elementor-widget-text-editor\" data-id=\"af6ca78\" data-element_type=\"widget\" data-e-type=\"widget\" data-settings=\"{&quot;_ob_use_harakiri&quot;:&quot;yes&quot;,&quot;_ob_harakiri_writing_mode&quot;:&quot;inherit&quot;,&quot;_ob_postman_use&quot;:&quot;no&quot;,&quot;_ob_widget_stalker_use&quot;:&quot;no&quot;,&quot;_ob_poopart_use&quot;:&quot;yes&quot;,&quot;_ob_shadough_use&quot;:&quot;no&quot;,&quot;_ob_allow_hoveranimator&quot;:&quot;no&quot;}\" data-widget_type=\"text-editor.default\">\n\t\t\t\t<div class=\"elementor-widget-container\">\n\t\t\t\t\t\t\t\t\t<p style=\"text-align: center;\">Beauty 4 You anv\u00e4nder fr\u00e4mst Zettle som betalningsf\u00f6rmedlare f\u00f6r sina betalningar p\u00e5 plats. Zettle \u00e4r en v\u00e4lk\u00e4nd svensk betalningsf\u00f6rmedlare som nu \u00e4r ett dotterbolag till PayPal. N\u00e4r du betalar genom Zettle kan du anv\u00e4nda Swish eller kort som betalningsmetoder men sj\u00e4lvklart kan du \u00e4ven betala kontant.<\/p><p style=\"text-align: center;\">F\u00f6r onlinek\u00f6p i v\u00e5r webbshop anv\u00e4nder vi Stripe som betalningsleverant\u00f6r som underl\u00e4ttar betalningar via dina kreditkort.<\/p>\t\t\t\t\t\t\t\t<\/div>\n\t\t\t\t<\/div>\n\t\t\t\t\t<\/div>\n\t\t<\/div>\n\t\t\t\t\t<\/div>\n\t\t<\/section>\n\t\t\t\t<\/div>","protected":false},"excerpt":{"rendered":"<p>Beauty 4 You anv\u00e4nder fr\u00e4mst Zettle som betalningsf\u00f6rmedlare f\u00f6r sina betalningar p\u00e5 plats. Zettle \u00e4r en v\u00e4lk\u00e4nd svensk betalningsf\u00f6rmedlare som nu \u00e4r ett dotterbolag till PayPal. N\u00e4r du betalar genom Zettle kan du anv\u00e4nda Swish eller kort som betalningsmetoder men sj\u00e4lvklart kan du \u00e4ven betala kontant. F\u00f6r onlinek\u00f6p p\u00e5...<\/p>","protected":false},"author":1,"featured_media":0,"parent":0,"menu_order":0,"comment_status":"closed","ping_status":"closed","template":"","meta":{"footnotes":""},"class_list":["post-124729","page","type-page","status-publish","hentry"],"yoast_head":"<!-- This site is optimized with the Yoast SEO plugin v27.3 - https:\/\/yoast.com\/product\/yoast-seo-wordpress\/ -->\n<title>Payments - Beauty 4 You<\/title>\n<meta name=\"robots\" content=\"index, follow, max-snippet:-1, max-image-preview:large, max-video-preview:-1\" \/>\n<link rel=\"canonical\" href=\"https:\/\/beauty-4-you.se\/sv\/payments\/\" \/>\n<meta property=\"og:locale\" content=\"sv_SE\" \/>\n<meta property=\"og:type\" content=\"article\" \/>\n<meta property=\"og:title\" content=\"Payments - Beauty 4 You\" \/>\n<meta property=\"og:description\" content=\"Beauty 4 You mainly uses Zettle as a payment facilitator for its payments on site.Zettle is a well known Swedish payment facilitatopr which now is a subsidiary of PayPal. When paying through Zettle you can use Swish or card as payment methods but of course you can also pay in cash. For online purchases on&hellip;\" \/>\n<meta property=\"og:url\" content=\"https:\/\/beauty-4-you.se\/sv\/payments\/\" \/>\n<meta property=\"og:site_name\" content=\"Beauty 4 You\" \/>\n<meta property=\"article:publisher\" content=\"https:\/\/www.facebook.com\/Alina.Beauty4You\" \/>\n<meta property=\"article:modified_time\" content=\"2023-08-01T05:11:45+00:00\" \/>\n<meta name=\"twitter:card\" content=\"summary_large_image\" \/>\n<meta name=\"twitter:site\" content=\"@Beauty4youLule\" \/>\n<script type=\"application\/ld+json\" class=\"yoast-schema-graph\">{\"@context\":\"https:\\\/\\\/schema.org\",\"@graph\":[{\"@type\":\"WebPage\",\"@id\":\"https:\\\/\\\/beauty-4-you.se\\\/payments\\\/\",\"url\":\"https:\\\/\\\/beauty-4-you.se\\\/payments\\\/\",\"name\":\"Payments - Beauty 4 You\",\"isPartOf\":{\"@id\":\"https:\\\/\\\/beauty-4-you.se\\\/en\\\/#website\"},\"datePublished\":\"2023-08-01T05:04:55+00:00\",\"dateModified\":\"2023-08-01T05:11:45+00:00\",\"breadcrumb\":{\"@id\":\"https:\\\/\\\/beauty-4-you.se\\\/payments\\\/#breadcrumb\"},\"inLanguage\":\"sv-SE\",\"potentialAction\":[{\"@type\":\"ReadAction\",\"target\":[\"https:\\\/\\\/beauty-4-you.se\\\/payments\\\/\"]}]},{\"@type\":\"BreadcrumbList\",\"@id\":\"https:\\\/\\\/beauty-4-you.se\\\/payments\\\/#breadcrumb\",\"itemListElement\":[{\"@type\":\"ListItem\",\"position\":1,\"name\":\"Home\",\"item\":\"https:\\\/\\\/beauty-4-you.se\\\/\"},{\"@type\":\"ListItem\",\"position\":2,\"name\":\"Payments\"}]},{\"@type\":\"WebSite\",\"@id\":\"https:\\\/\\\/beauty-4-you.se\\\/en\\\/#website\",\"url\":\"https:\\\/\\\/beauty-4-you.se\\\/en\\\/\",\"name\":\"Beauty 4 You\",\"description\":\"Because you deserve it!\",\"publisher\":{\"@id\":\"https:\\\/\\\/beauty-4-you.se\\\/en\\\/#organization\"},\"potentialAction\":[{\"@type\":\"SearchAction\",\"target\":{\"@type\":\"EntryPoint\",\"urlTemplate\":\"https:\\\/\\\/beauty-4-you.se\\\/en\\\/?s={search_term_string}\"},\"query-input\":{\"@type\":\"PropertyValueSpecification\",\"valueRequired\":true,\"valueName\":\"search_term_string\"}}],\"inLanguage\":\"sv-SE\"},{\"@type\":\"Organization\",\"@id\":\"https:\\\/\\\/beauty-4-you.se\\\/en\\\/#organization\",\"name\":\"Beauty 4 You\",\"alternateName\":\"Beauty 4 You Lule\u00e5\",\"url\":\"https:\\\/\\\/beauty-4-you.se\\\/en\\\/\",\"logo\":{\"@type\":\"ImageObject\",\"inLanguage\":\"sv-SE\",\"@id\":\"https:\\\/\\\/beauty-4-you.se\\\/en\\\/#\\\/schema\\\/logo\\\/image\\\/\",\"url\":\"https:\\\/\\\/beauty-4-you.se\\\/wp-content\\\/uploads\\\/2021\\\/11\\\/Logo-400x750-Elips-Burgundy-e1730722027193.png\",\"contentUrl\":\"https:\\\/\\\/beauty-4-you.se\\\/wp-content\\\/uploads\\\/2021\\\/11\\\/Logo-400x750-Elips-Burgundy-e1730722027193.png\",\"width\":281,\"height\":150,\"caption\":\"Beauty 4 You\"},\"image\":{\"@id\":\"https:\\\/\\\/beauty-4-you.se\\\/en\\\/#\\\/schema\\\/logo\\\/image\\\/\"},\"sameAs\":[\"https:\\\/\\\/www.facebook.com\\\/Alina.Beauty4You\",\"https:\\\/\\\/x.com\\\/Beauty4youLule\"]}]}<\/script>\n<!-- \/ Yoast SEO plugin. -->","yoast_head_json":{"title":"Payments - Beauty 4 You","robots":{"index":"index","follow":"follow","max-snippet":"max-snippet:-1","max-image-preview":"max-image-preview:large","max-video-preview":"max-video-preview:-1"},"canonical":"https:\/\/beauty-4-you.se\/sv\/payments\/","og_locale":"sv_SE","og_type":"article","og_title":"Payments - Beauty 4 You","og_description":"Beauty 4 You mainly uses Zettle as a payment facilitator for its payments on site.Zettle is a well known Swedish payment facilitatopr which now is a subsidiary of PayPal. When paying through Zettle you can use Swish or card as payment methods but of course you can also pay in cash. For online purchases on&hellip;","og_url":"https:\/\/beauty-4-you.se\/sv\/payments\/","og_site_name":"Beauty 4 You","article_publisher":"https:\/\/www.facebook.com\/Alina.Beauty4You","article_modified_time":"2023-08-01T05:11:45+00:00","twitter_card":"summary_large_image","twitter_site":"@Beauty4youLule","schema":{"@context":"https:\/\/schema.org","@graph":[{"@type":"WebPage","@id":"https:\/\/beauty-4-you.se\/payments\/","url":"https:\/\/beauty-4-you.se\/payments\/","name":"Payments - Beauty 4 You","isPartOf":{"@id":"https:\/\/beauty-4-you.se\/en\/#website"},"datePublished":"2023-08-01T05:04:55+00:00","dateModified":"2023-08-01T05:11:45+00:00","breadcrumb":{"@id":"https:\/\/beauty-4-you.se\/payments\/#breadcrumb"},"inLanguage":"sv-SE","potentialAction":[{"@type":"ReadAction","target":["https:\/\/beauty-4-you.se\/payments\/"]}]},{"@type":"BreadcrumbList","@id":"https:\/\/beauty-4-you.se\/payments\/#breadcrumb","itemListElement":[{"@type":"ListItem","position":1,"name":"Home","item":"https:\/\/beauty-4-you.se\/"},{"@type":"ListItem","position":2,"name":"Payments"}]},{"@type":"WebSite","@id":"https:\/\/beauty-4-you.se\/en\/#website","url":"https:\/\/beauty-4-you.se\/en\/","name":"Beauty 4 You","description":"F\u00f6r att du f\u00f6rtj\u00e4nar det!","publisher":{"@id":"https:\/\/beauty-4-you.se\/en\/#organization"},"potentialAction":[{"@type":"SearchAction","target":{"@type":"EntryPoint","urlTemplate":"https:\/\/beauty-4-you.se\/en\/?s={search_term_string}"},"query-input":{"@type":"PropertyValueSpecification","valueRequired":true,"valueName":"search_term_string"}}],"inLanguage":"sv-SE"},{"@type":"Organization","@id":"https:\/\/beauty-4-you.se\/en\/#organization","name":"Beauty 4 You","alternateName":"Beauty 4 You Lule\u00e5","url":"https:\/\/beauty-4-you.se\/en\/","logo":{"@type":"ImageObject","inLanguage":"sv-SE","@id":"https:\/\/beauty-4-you.se\/en\/#\/schema\/logo\/image\/","url":"https:\/\/beauty-4-you.se\/wp-content\/uploads\/2021\/11\/Logo-400x750-Elips-Burgundy-e1730722027193.png","contentUrl":"https:\/\/beauty-4-you.se\/wp-content\/uploads\/2021\/11\/Logo-400x750-Elips-Burgundy-e1730722027193.png","width":281,"height":150,"caption":"Beauty 4 You"},"image":{"@id":"https:\/\/beauty-4-you.se\/en\/#\/schema\/logo\/image\/"},"sameAs":["https:\/\/www.facebook.com\/Alina.Beauty4You","https:\/\/x.com\/Beauty4youLule"]}]}},"_links":{"self":[{"href":"https:\/\/beauty-4-you.se\/sv\/wp-json\/wp\/v2\/pages\/124729","targetHints":{"allow":["GET"]}}],"collection":[{"href":"https:\/\/beauty-4-you.se\/sv\/wp-json\/wp\/v2\/pages"}],"about":[{"href":"https:\/\/beauty-4-you.se\/sv\/wp-json\/wp\/v2\/types\/page"}],"author":[{"embeddable":true,"href":"https:\/\/beauty-4-you.se\/sv\/wp-json\/wp\/v2\/users\/1"}],"replies":[{"embeddable":true,"href":"https:\/\/beauty-4-you.se\/sv\/wp-json\/wp\/v2\/comments?post=124729"}],"version-history":[{"count":0,"href":"https:\/\/beauty-4-you.se\/sv\/wp-json\/wp\/v2\/pages\/124729\/revisions"}],"wp:attachment":[{"href":"https:\/\/beauty-4-you.se\/sv\/wp-json\/wp\/v2\/media?parent=124729"}],"curies":[{"name":"wp","href":"https:\/\/api.w.org\/{rel}","templated":true}]}}